{"id":147258,"date":"2018-09-28T18:28:01","date_gmt":"2025-03-14T13:50:45","guid":{"rendered":"https:\/\/kingarms.ee\/product\/kam-39-taktiska-veste-olive\/"},"modified":"2025-03-14T16:50:45","modified_gmt":"2025-03-14T13:50:45","slug":"kam-39-taktiska-veste-olive","status":"publish","type":"product","link":"https:\/\/kingarms.ee\/lv\/product\/kam-39-taktiska-veste-olive\/","title":{"rendered":"KAM-39 Taktisk\u0101 veste-olive<br><br>"},"content":{"rendered":"<p><a href=\"https:\/\/kingarms.ee\/wp-content\/uploads\/2018\/09\/1152195898_1-300x204.jpg\"><img loading=\"lazy\" decoding=\"async\" class=\"size-medium wp-image-9925\" src=\"https:\/\/kingarms.ee\/wp-content\/uploads\/2018\/09\/1152195898_1-300x204.jpg\" alt=\"\" width=\"300\" height=\"204\" srcset=\"https:\/\/kingarms.ee\/wp-content\/uploads\/2018\/09\/1152195898_1-300x204.jpg 300w, https:\/\/kingarms.ee\/wp-content\/uploads\/2018\/09\/1152195898_1-150x102.jpg 150w, https:\/\/kingarms.ee\/wp-content\/uploads\/2018\/09\/1152195898_1-500x341.jpg 500w, https:\/\/kingarms.ee\/wp-content\/uploads\/2018\/09\/1152195898_1-768x523.jpg 768w, https:\/\/kingarms.ee\/wp-content\/uploads\/2018\/09\/1152195898_1.jpg 800w\" sizes=\"auto, (max-width: 300px) 100vw, 300px\" \/><\/a><\/p>\n","protected":false},"excerpt":{"rendered":"<p>KAM-39 Taktisk\u0101 veste-olive<\/p>\n<p>Veste ir t\u0113rauda l\u012bnijas, kas \u013cauj \u0101tri atbr\u012bvot no veste.<\/p>\n<p>Kompakt\u0101 Taktisk\u0101 veste ietver:<\/p>\n<p>M4 \/ M16, G36 un AK47 papl\u0101tes kabatas<\/p>\n<p>Modulis ar maisu<\/p>\n<p>Rokas pistoles maci\u0146\u0161 + 2 papl\u0101tes kabatas<\/p>\n<p>Kr\u0101sa: Melna<\/p>\n<p>Svars: 1900g<\/p>\n","protected":false},"featured_media":107783,"template":"","meta":{"_acf_changed":false},"product_brand":[],"product_cat":[1093],"product_tag":[],"class_list":{"0":"post-147258","1":"product","2":"type-product","3":"status-publish","4":"has-post-thumbnail","6":"product_cat-vestes-un-zirglietas","8":"first","9":"onbackorder","10":"taxable","11":"shipping-taxable","12":"product-type-simple"},"acf":[],"_links":{"self":[{"href":"https:\/\/kingarms.ee\/lv\/wp-json\/wp\/v2\/product\/147258","targetHints":{"allow":["GET"]}}],"collection":[{"href":"https:\/\/kingarms.ee\/lv\/wp-json\/wp\/v2\/product"}],"about":[{"href":"https:\/\/kingarms.ee\/lv\/wp-json\/wp\/v2\/types\/product"}],"wp:featuredmedia":[{"embeddable":true,"href":"https:\/\/kingarms.ee\/lv\/wp-json\/wp\/v2\/media\/107783"}],"wp:attachment":[{"href":"https:\/\/kingarms.ee\/lv\/wp-json\/wp\/v2\/media?parent=147258"}],"wp:term":[{"taxonomy":"product_brand","embeddable":true,"href":"https:\/\/kingarms.ee\/lv\/wp-json\/wp\/v2\/product_brand?post=147258"},{"taxonomy":"product_cat","embeddable":true,"href":"https:\/\/kingarms.ee\/lv\/wp-json\/wp\/v2\/product_cat?post=147258"},{"taxonomy":"product_tag","embeddable":true,"href":"https:\/\/kingarms.ee\/lv\/wp-json\/wp\/v2\/product_tag?post=147258"}],"curies":[{"name":"wp","href":"https:\/\/api.w.org\/{rel}","templated":true}]}}