{"id":147260,"date":"2018-09-28T17:25:43","date_gmt":"2025-03-14T14:08:29","guid":{"rendered":"https:\/\/kingarms.ee\/product\/cr2032-akumulators-varta\/"},"modified":"2025-03-14T17:08:29","modified_gmt":"2025-03-14T14:08:29","slug":"cr2032-akumulators-varta","status":"publish","type":"product","link":"https:\/\/kingarms.ee\/lv\/product\/cr2032-akumulators-varta\/","title":{"rendered":"CR2032 Akumulators (Varta)<br><br>"},"content":{"rendered":"<p><a href=\"https:\/\/kingarms.ee\/wp-content\/uploads\/2018\/09\/varta-cr2032-1-650x650-300x300.jpg\"><img loading=\"lazy\" decoding=\"async\" class=\"alignnone size-medium wp-image-9902\" src=\"https:\/\/kingarms.ee\/wp-content\/uploads\/2018\/09\/varta-cr2032-1-650x650-300x300.jpg\" alt=\"\" width=\"300\" height=\"300\" srcset=\"https:\/\/kingarms.ee\/wp-content\/uploads\/2018\/09\/varta-cr2032-1-650x650-300x300.jpg 300w, https:\/\/kingarms.ee\/wp-content\/uploads\/2018\/09\/varta-cr2032-1-650x650-150x150.jpg 150w, https:\/\/kingarms.ee\/wp-content\/uploads\/2018\/09\/varta-cr2032-1-650x650-500x500.jpg 500w, https:\/\/kingarms.ee\/wp-content\/uploads\/2018\/09\/varta-cr2032-1-650x650.jpg 650w\" sizes=\"auto, (max-width: 300px) 100vw, 300px\" \/><\/a><\/p>\n","protected":false},"excerpt":{"rendered":"<p>CR2032 Akumulators (Varta)<\/p>\n<p>VARTA CR2032 akumulators ir piem\u0113rots prec\u012bziem t\u0113m\u0113k\u013ciem, luktur\u012b\u0161iem un l\u0101zera t\u0113m\u0113k\u013ciem.<\/p>\n<p>Tips: akumulators<\/p>\n<p>Izm\u0113rs: CR2032<\/p>\n<p>Akumulatora ietilp\u012bba: 230 mAh<\/p>\n<p>Darba temperat\u016bra: -30 l\u012bdz +60 org C<\/p>\n<p>Spriegums: 3.0 V<\/p>\n<p>Iepakojums: 1 gab.<\/p>\n","protected":false},"featured_media":107771,"template":"","meta":{"_acf_changed":false},"product_brand":[],"product_cat":[1056],"product_tag":[],"class_list":{"0":"post-147260","1":"product","2":"type-product","3":"status-publish","4":"has-post-thumbnail","6":"product_cat-batterses","8":"first","9":"instock","10":"taxable","11":"shipping-taxable","12":"purchasable","13":"product-type-simple"},"acf":[],"_links":{"self":[{"href":"https:\/\/kingarms.ee\/lv\/wp-json\/wp\/v2\/product\/147260","targetHints":{"allow":["GET"]}}],"collection":[{"href":"https:\/\/kingarms.ee\/lv\/wp-json\/wp\/v2\/product"}],"about":[{"href":"https:\/\/kingarms.ee\/lv\/wp-json\/wp\/v2\/types\/product"}],"wp:featuredmedia":[{"embeddable":true,"href":"https:\/\/kingarms.ee\/lv\/wp-json\/wp\/v2\/media\/107771"}],"wp:attachment":[{"href":"https:\/\/kingarms.ee\/lv\/wp-json\/wp\/v2\/media?parent=147260"}],"wp:term":[{"taxonomy":"product_brand","embeddable":true,"href":"https:\/\/kingarms.ee\/lv\/wp-json\/wp\/v2\/product_brand?post=147260"},{"taxonomy":"product_cat","embeddable":true,"href":"https:\/\/kingarms.ee\/lv\/wp-json\/wp\/v2\/product_cat?post=147260"},{"taxonomy":"product_tag","embeddable":true,"href":"https:\/\/kingarms.ee\/lv\/wp-json\/wp\/v2\/product_tag?post=147260"}],"curies":[{"name":"wp","href":"https:\/\/api.w.org\/{rel}","templated":true}]}}