{"id":147269,"date":"2018-09-07T16:09:39","date_gmt":"2025-03-14T14:48:06","guid":{"rendered":"https:\/\/kingarms.ee\/product\/relvakott-remington-123%d0%b315o25o6\/"},"modified":"2025-03-14T17:48:06","modified_gmt":"2025-03-14T14:48:06","slug":"relvakott-remington-123%d0%b315o25o6","status":"publish","type":"product","link":"https:\/\/kingarms.ee\/lv\/product\/relvakott-remington-123%d0%b315o25o6\/","title":{"rendered":"Relvakott Remington 123\u043315\u00ba25\u00ba6<br><br>"},"content":{"rendered":"<p><a href=\"https:\/\/kingarms.ee\/wp-content\/uploads\/2018\/09\/img_99274-300x200.jpg\"><img loading=\"lazy\" decoding=\"async\" class=\"alignnone size-medium wp-image-9710\" src=\"https:\/\/kingarms.ee\/wp-content\/uploads\/2018\/09\/img_99274-300x200.jpg\" alt=\"\" width=\"300\" height=\"200\" srcset=\"https:\/\/kingarms.ee\/wp-content\/uploads\/2018\/09\/img_99274-300x200.jpg 300w, https:\/\/kingarms.ee\/wp-content\/uploads\/2018\/09\/img_99274-150x100.jpg 150w, https:\/\/kingarms.ee\/wp-content\/uploads\/2018\/09\/img_99274-500x334.jpg 500w, https:\/\/kingarms.ee\/wp-content\/uploads\/2018\/09\/img_99274-768x512.jpg 768w, https:\/\/kingarms.ee\/wp-content\/uploads\/2018\/09\/img_99274.jpg 1000w\" sizes=\"auto, (max-width: 300px) 100vw, 300px\" \/><\/a><\/p>\n","protected":false},"excerpt":{"rendered":"<p>Gun case Remington 113x15x25x6 za\u013c\u0161.<\/p>\n<p>\u0100r\u0113jais audums-ol\u012bvu Kordura.<\/p>\n<p> Iek\u0161pus\u0113 ir putu gumija, p\u0101rkl\u0101ta ar sint\u0113tisku audumu.<\/p>\n<p> Korpusa apak\u0161da\u013ca un aug\u0161da\u013ca ir p\u0101rkl\u0101ta ar \u0101du.<\/p>\n<p> Maz\u0101m liet\u0101m ir kabata.<\/p>\n<p> \u010cemod\u0101nu var n\u0113s\u0101t vai nu no rokturiem, vai uz pleca: tam ir \u012bpa\u0161a siksna.<\/p>\n<p> Piem\u0113rots \u0161auten\u0113m bez m\u0113r\u0137a un maz\u0101m un vid\u0113j\u0101m \u0161auten\u0113m.<\/p>\n","protected":false},"featured_media":107693,"template":"","meta":{"_acf_changed":false},"product_brand":[],"product_cat":[1098,1103,1059],"product_tag":[],"class_list":{"0":"post-147269","1":"product","2":"type-product","3":"status-publish","4":"has-post-thumbnail","6":"product_cat-maisini-somas-un-siksnas","7":"product_cat-somas-lv","8":"product_cat-somas","10":"first","11":"instock","12":"taxable","13":"shipping-taxable","14":"purchasable","15":"product-type-simple"},"acf":[],"_links":{"self":[{"href":"https:\/\/kingarms.ee\/lv\/wp-json\/wp\/v2\/product\/147269","targetHints":{"allow":["GET"]}}],"collection":[{"href":"https:\/\/kingarms.ee\/lv\/wp-json\/wp\/v2\/product"}],"about":[{"href":"https:\/\/kingarms.ee\/lv\/wp-json\/wp\/v2\/types\/product"}],"wp:featuredmedia":[{"embeddable":true,"href":"https:\/\/kingarms.ee\/lv\/wp-json\/wp\/v2\/media\/107693"}],"wp:attachment":[{"href":"https:\/\/kingarms.ee\/lv\/wp-json\/wp\/v2\/media?parent=147269"}],"wp:term":[{"taxonomy":"product_brand","embeddable":true,"href":"https:\/\/kingarms.ee\/lv\/wp-json\/wp\/v2\/product_brand?post=147269"},{"taxonomy":"product_cat","embeddable":true,"href":"https:\/\/kingarms.ee\/lv\/wp-json\/wp\/v2\/product_cat?post=147269"},{"taxonomy":"product_tag","embeddable":true,"href":"https:\/\/kingarms.ee\/lv\/wp-json\/wp\/v2\/product_tag?post=147269"}],"curies":[{"name":"wp","href":"https:\/\/api.w.org\/{rel}","templated":true}]}}