{"id":147271,"date":"2018-08-31T11:09:37","date_gmt":"2025-03-14T14:54:15","guid":{"rendered":"https:\/\/kingarms.ee\/product\/verpsanas-merkis-5-razorgun\/"},"modified":"2025-03-14T17:54:15","modified_gmt":"2025-03-14T14:54:15","slug":"verpsanas-merkis-5-razorgun","status":"publish","type":"product","link":"https:\/\/kingarms.ee\/lv\/product\/verpsanas-merkis-5-razorgun\/","title":{"rendered":"V\u0113rp\u0161anas m\u0113r\u0137is 5 (Razorgun)<br><br>"},"content":{"rendered":"<p><a href=\"https:\/\/kingarms.ee\/wp-content\/uploads\/2018\/08\/490256579_w640_h640_misheni-lyuman-mini-tir-300x300.jpg\"><img loading=\"lazy\" decoding=\"async\" class=\"alignnone size-medium wp-image-18740\" src=\"https:\/\/kingarms.ee\/wp-content\/uploads\/2018\/08\/490256579_w640_h640_misheni-lyuman-mini-tir-300x300.jpg\" alt=\"\" width=\"300\" height=\"300\" srcset=\"https:\/\/kingarms.ee\/wp-content\/uploads\/2018\/08\/490256579_w640_h640_misheni-lyuman-mini-tir-300x300.jpg 300w, https:\/\/kingarms.ee\/wp-content\/uploads\/2018\/08\/490256579_w640_h640_misheni-lyuman-mini-tir-150x150.jpg 150w, https:\/\/kingarms.ee\/wp-content\/uploads\/2018\/08\/490256579_w640_h640_misheni-lyuman-mini-tir-500x500.jpg 500w, https:\/\/kingarms.ee\/wp-content\/uploads\/2018\/08\/490256579_w640_h640_misheni-lyuman-mini-tir-768x768.jpg 768w, https:\/\/kingarms.ee\/wp-content\/uploads\/2018\/08\/490256579_w640_h640_misheni-lyuman-mini-tir.jpg 800w\" sizes=\"auto, (max-width: 300px) 100vw, 300px\" \/><\/a><\/p>\n","protected":false},"excerpt":{"rendered":"<p>V\u0113rp\u0161anas m\u0113r\u0137is 5 (Razorgun)<\/p>\n<p>https:\/\/www.youtube.com\/watch?v=jon6gfmW8xY<\/p>\n","protected":false},"featured_media":111311,"template":"","meta":{"_acf_changed":false},"product_brand":[],"product_cat":[1063,1050],"product_tag":[],"class_list":{"0":"post-147271","1":"product","2":"type-product","3":"status-publish","4":"has-post-thumbnail","6":"product_cat-merki","7":"product_cat-outs-meastpia-exacaus","9":"first","10":"onbackorder","11":"product-type-simple"},"acf":[],"_links":{"self":[{"href":"https:\/\/kingarms.ee\/lv\/wp-json\/wp\/v2\/product\/147271","targetHints":{"allow":["GET"]}}],"collection":[{"href":"https:\/\/kingarms.ee\/lv\/wp-json\/wp\/v2\/product"}],"about":[{"href":"https:\/\/kingarms.ee\/lv\/wp-json\/wp\/v2\/types\/product"}],"wp:featuredmedia":[{"embeddable":true,"href":"https:\/\/kingarms.ee\/lv\/wp-json\/wp\/v2\/media\/111311"}],"wp:attachment":[{"href":"https:\/\/kingarms.ee\/lv\/wp-json\/wp\/v2\/media?parent=147271"}],"wp:term":[{"taxonomy":"product_brand","embeddable":true,"href":"https:\/\/kingarms.ee\/lv\/wp-json\/wp\/v2\/product_brand?post=147271"},{"taxonomy":"product_cat","embeddable":true,"href":"https:\/\/kingarms.ee\/lv\/wp-json\/wp\/v2\/product_cat?post=147271"},{"taxonomy":"product_tag","embeddable":true,"href":"https:\/\/kingarms.ee\/lv\/wp-json\/wp\/v2\/product_tag?post=147271"}],"curies":[{"name":"wp","href":"https:\/\/api.w.org\/{rel}","templated":true}]}}