{"id":147284,"date":"2018-08-31T11:08:37","date_gmt":"2025-03-14T15:27:37","guid":{"rendered":"https:\/\/kingarms.ee\/product\/beretta-92-beretta-92fs-atri-izdarit-maksts-melns\/"},"modified":"2025-03-14T18:27:37","modified_gmt":"2025-03-14T15:27:37","slug":"beretta-92-beretta-92fs-atri-izdarit-maksts-melns","status":"publish","type":"product","link":"https:\/\/kingarms.ee\/lv\/product\/beretta-92-beretta-92fs-atri-izdarit-maksts-melns\/","title":{"rendered":"Beretta 92 Beretta 92FS \u0101tri izdar\u012bt Maksts-Melns<br><br>"},"content":{"rendered":"<p><a href=\"https:\/\/kingarms.ee\/wp-content\/uploads\/2018\/08\/1152216281_1-300x200.jpg\"><img loading=\"lazy\" decoding=\"async\" class=\"alignnone size-medium wp-image-10371\" src=\"https:\/\/kingarms.ee\/wp-content\/uploads\/2018\/08\/1152216281_1-300x200.jpg\" alt=\"\" width=\"300\" height=\"200\" srcset=\"https:\/\/kingarms.ee\/wp-content\/uploads\/2018\/08\/1152216281_1-300x200.jpg 300w, https:\/\/kingarms.ee\/wp-content\/uploads\/2018\/08\/1152216281_1-150x100.jpg 150w, https:\/\/kingarms.ee\/wp-content\/uploads\/2018\/08\/1152216281_1-500x333.jpg 500w, https:\/\/kingarms.ee\/wp-content\/uploads\/2018\/08\/1152216281_1-768x512.jpg 768w, https:\/\/kingarms.ee\/wp-content\/uploads\/2018\/08\/1152216281_1.jpg 800w\" sizes=\"auto, (max-width: 300px) 100vw, 300px\" \/><\/a><\/p>\n","protected":false},"excerpt":{"rendered":"<p>Beretta 92 Beretta 92FS \u0101tri izdar\u012bt Maksts-Melns<\/p>\n<p>Piem\u0113rots Beretta 92 un 92FS tipa pistoles plastmasas maksts no Cytac ra\u017eot\u0101ja.<\/p>\n<p> Maci\u0146am ir pirkstu Sl\u0113dzene ar pogu.<\/p>\n<p> Piestiprin\u0101ts pie jostas vai siksnas.<\/p>\n<p> Maci\u0146u var noregul\u0113t p\u0113c vajadz\u012bbas un pagriezt par 360*.<\/p>\n","protected":false},"featured_media":107980,"template":"","meta":{"_acf_changed":false},"product_brand":[],"product_cat":[1026],"product_tag":[],"class_list":{"0":"post-147284","1":"product","2":"type-product","3":"status-publish","4":"has-post-thumbnail","6":"product_cat-barkstisti","8":"first","9":"onbackorder","10":"product-type-simple"},"acf":[],"_links":{"self":[{"href":"https:\/\/kingarms.ee\/lv\/wp-json\/wp\/v2\/product\/147284","targetHints":{"allow":["GET"]}}],"collection":[{"href":"https:\/\/kingarms.ee\/lv\/wp-json\/wp\/v2\/product"}],"about":[{"href":"https:\/\/kingarms.ee\/lv\/wp-json\/wp\/v2\/types\/product"}],"wp:featuredmedia":[{"embeddable":true,"href":"https:\/\/kingarms.ee\/lv\/wp-json\/wp\/v2\/media\/107980"}],"wp:attachment":[{"href":"https:\/\/kingarms.ee\/lv\/wp-json\/wp\/v2\/media?parent=147284"}],"wp:term":[{"taxonomy":"product_brand","embeddable":true,"href":"https:\/\/kingarms.ee\/lv\/wp-json\/wp\/v2\/product_brand?post=147284"},{"taxonomy":"product_cat","embeddable":true,"href":"https:\/\/kingarms.ee\/lv\/wp-json\/wp\/v2\/product_cat?post=147284"},{"taxonomy":"product_tag","embeddable":true,"href":"https:\/\/kingarms.ee\/lv\/wp-json\/wp\/v2\/product_tag?post=147284"}],"curies":[{"name":"wp","href":"https:\/\/api.w.org\/{rel}","templated":true}]}}