{"id":147287,"date":"2018-08-31T11:08:37","date_gmt":"2025-03-14T15:33:30","guid":{"rendered":"https:\/\/kingarms.ee\/product\/dubulta-pistoles-soma-melna\/"},"modified":"2025-03-14T18:33:30","modified_gmt":"2025-03-14T15:33:30","slug":"dubulta-pistoles-soma-melna","status":"publish","type":"product","link":"https:\/\/kingarms.ee\/lv\/product\/dubulta-pistoles-soma-melna\/","title":{"rendered":"Dubult\u0101 pistoles soma-melna<br><br>"},"content":{"rendered":"<p><a href=\"https:\/\/kingarms.ee\/wp-content\/uploads\/2018\/02\/1152203054_1.jpg\"><img loading=\"lazy\" decoding=\"async\" class=\"alignnone size-medium wp-image-824\" src=\"https:\/\/kingarms.ee\/wp-content\/uploads\/2018\/02\/1152203054_1-300x200.jpg\" alt=\"\" width=\"300\" height=\"200\"><\/a><\/p>\n","protected":false},"excerpt":{"rendered":"<p>Dubult\u0101 pistoles soma-melna<\/p>\n<p>Produkts ir izgatavots no iztur\u012bga neilona.<\/p>\n<p> Tas ir t\u0101pat k\u0101 jebkur\u0161 cits iero\u010du maisi\u0146\u0161, iz\u0146emot to, ka tam ir 2 lieli nodal\u012bjumi, nevis viens galvenais nodal\u012bjums.<\/p>\n<p> Ieroci var p\u0101rvad\u0101t rok\u0101 k\u0101 \u010demod\u0101nu un aizmugur\u0113 k\u0101 mugursomu.<\/p>\n<p> Pistoles maisa kr\u0101sa ir za\u013ca.<\/p>\n<p> Kameru iek\u0161pus\u0113 sien\u0101s ir putas, kas aizsarg\u0101 transport\u0113tos produktus no triecieniem.<\/p>\n","protected":false},"featured_media":133145,"template":"","meta":{"_acf_changed":false},"product_brand":[],"product_cat":[1098,1103,1059],"product_tag":[],"class_list":{"0":"post-147287","1":"product","2":"type-product","3":"status-publish","4":"has-post-thumbnail","6":"product_cat-maisini-somas-un-siksnas","7":"product_cat-somas-lv","8":"product_cat-somas","10":"first","11":"outofstock","12":"sale","13":"purchasable","14":"product-type-simple"},"acf":[],"_links":{"self":[{"href":"https:\/\/kingarms.ee\/lv\/wp-json\/wp\/v2\/product\/147287","targetHints":{"allow":["GET"]}}],"collection":[{"href":"https:\/\/kingarms.ee\/lv\/wp-json\/wp\/v2\/product"}],"about":[{"href":"https:\/\/kingarms.ee\/lv\/wp-json\/wp\/v2\/types\/product"}],"wp:featuredmedia":[{"embeddable":true,"href":"https:\/\/kingarms.ee\/lv\/wp-json\/wp\/v2\/media\/133145"}],"wp:attachment":[{"href":"https:\/\/kingarms.ee\/lv\/wp-json\/wp\/v2\/media?parent=147287"}],"wp:term":[{"taxonomy":"product_brand","embeddable":true,"href":"https:\/\/kingarms.ee\/lv\/wp-json\/wp\/v2\/product_brand?post=147287"},{"taxonomy":"product_cat","embeddable":true,"href":"https:\/\/kingarms.ee\/lv\/wp-json\/wp\/v2\/product_cat?post=147287"},{"taxonomy":"product_tag","embeddable":true,"href":"https:\/\/kingarms.ee\/lv\/wp-json\/wp\/v2\/product_tag?post=147287"}],"curies":[{"name":"wp","href":"https:\/\/api.w.org\/{rel}","templated":true}]}}