{"id":147292,"date":"2018-08-31T11:08:33","date_gmt":"2025-03-14T15:40:30","guid":{"rendered":"https:\/\/kingarms.ee\/product\/transporta-soma-melna\/"},"modified":"2025-03-14T18:40:30","modified_gmt":"2025-03-14T15:40:30","slug":"transporta-soma-melna","status":"publish","type":"product","link":"https:\/\/kingarms.ee\/lv\/product\/transporta-soma-melna\/","title":{"rendered":"Transporta soma-melna<br><br>"},"content":{"rendered":"<p><a href=\"https:\/\/kingarms.ee\/wp-content\/uploads\/2018\/02\/1152216265_1.jpg\"><img loading=\"lazy\" decoding=\"async\" class=\"alignnone size-medium wp-image-727\" src=\"https:\/\/kingarms.ee\/wp-content\/uploads\/2018\/02\/1152216265_1-300x200.jpg\" alt=\"\" width=\"300\" height=\"200\"><\/a><\/p>\n","protected":false},"excerpt":{"rendered":"<p>Transporta soma-melna<\/p>\n<p>Vienk\u0101r\u0161a transporta soma izgatavota no iztur\u012bga neilona.<\/p>\n<p> Koti m\u00f5\u00f5tmed 430 x 250 x 200 mm.<\/p>\n<p> Somai ir dubult\u0101 r\u0101v\u0113jsl\u0113dz\u0113js un rokturis \u0113rtai n\u0113s\u0101\u0161anai.<\/p>\n<p> \u0160\u012bs somas liel\u0101k\u0101 priek\u0161roc\u012bba ir \u016bdensnecaurlaid\u012bgs materi\u0101ls.<\/p>\n<p>Kr\u0101sa: Melna<\/p>\n","protected":false},"featured_media":105361,"template":"","meta":{"_acf_changed":false},"product_brand":[],"product_cat":[1088,1050],"product_tag":[],"class_list":{"0":"post-147292","1":"product","2":"type-product","3":"status-publish","4":"has-post-thumbnail","6":"product_cat-gadijumi-un-somas","7":"product_cat-outs-meastpia-exacaus","9":"first","10":"instock","11":"purchasable","12":"product-type-simple"},"acf":[],"_links":{"self":[{"href":"https:\/\/kingarms.ee\/lv\/wp-json\/wp\/v2\/product\/147292","targetHints":{"allow":["GET"]}}],"collection":[{"href":"https:\/\/kingarms.ee\/lv\/wp-json\/wp\/v2\/product"}],"about":[{"href":"https:\/\/kingarms.ee\/lv\/wp-json\/wp\/v2\/types\/product"}],"wp:featuredmedia":[{"embeddable":true,"href":"https:\/\/kingarms.ee\/lv\/wp-json\/wp\/v2\/media\/105361"}],"wp:attachment":[{"href":"https:\/\/kingarms.ee\/lv\/wp-json\/wp\/v2\/media?parent=147292"}],"wp:term":[{"taxonomy":"product_brand","embeddable":true,"href":"https:\/\/kingarms.ee\/lv\/wp-json\/wp\/v2\/product_brand?post=147292"},{"taxonomy":"product_cat","embeddable":true,"href":"https:\/\/kingarms.ee\/lv\/wp-json\/wp\/v2\/product_cat?post=147292"},{"taxonomy":"product_tag","embeddable":true,"href":"https:\/\/kingarms.ee\/lv\/wp-json\/wp\/v2\/product_tag?post=147292"}],"curies":[{"name":"wp","href":"https:\/\/api.w.org\/{rel}","templated":true}]}}