{"id":147296,"date":"2018-08-31T11:08:33","date_gmt":"2025-03-14T15:44:48","guid":{"rendered":"https:\/\/kingarms.ee\/product\/plecu-soma-melna\/"},"modified":"2025-03-14T18:44:48","modified_gmt":"2025-03-14T15:44:48","slug":"plecu-soma-melna","status":"publish","type":"product","link":"https:\/\/kingarms.ee\/lv\/product\/plecu-soma-melna\/","title":{"rendered":"Plecu soma-melna<br><br>"},"content":{"rendered":"<p><a href=\"https:\/\/kingarms.ee\/wp-content\/uploads\/2018\/02\/1152216215_1.jpg\"><img loading=\"lazy\" decoding=\"async\" class=\"alignnone size-medium wp-image-719\" src=\"https:\/\/kingarms.ee\/wp-content\/uploads\/2018\/02\/1152216215_1-300x200.jpg\" alt=\"\" width=\"300\" height=\"200\"><\/a><\/p>\n","protected":false},"excerpt":{"rendered":"<p>Plecu soma-melna<\/p>\n<p>Maza un \u0113rta mugursoma meln\u0101 kr\u0101s\u0101, kas izgatavota no neilona.<\/p>\n<p> Somas izm\u0113ri 260 x 200 x 70 mm + maz\u0101kas kabatas.<\/p>\n<p> Somai ir \u012bpa\u0161as kabatas.<\/p>\n<p> Soma ir lieliska izv\u0113le tiem, kas staig\u0101 pa pils\u0113tu.<\/p>\n<p>Kr\u0101sa: Melna<\/p>\n","protected":false},"featured_media":105351,"template":"","meta":{"_acf_changed":false},"product_brand":[],"product_cat":[1098,1099],"product_tag":[],"class_list":{"0":"post-147296","1":"product","2":"type-product","3":"status-publish","4":"has-post-thumbnail","6":"product_cat-maisini-somas-un-siksnas","7":"product_cat-plecu-somas","9":"first","10":"instock","11":"purchasable","12":"product-type-simple"},"acf":[],"_links":{"self":[{"href":"https:\/\/kingarms.ee\/lv\/wp-json\/wp\/v2\/product\/147296","targetHints":{"allow":["GET"]}}],"collection":[{"href":"https:\/\/kingarms.ee\/lv\/wp-json\/wp\/v2\/product"}],"about":[{"href":"https:\/\/kingarms.ee\/lv\/wp-json\/wp\/v2\/types\/product"}],"wp:featuredmedia":[{"embeddable":true,"href":"https:\/\/kingarms.ee\/lv\/wp-json\/wp\/v2\/media\/105351"}],"wp:attachment":[{"href":"https:\/\/kingarms.ee\/lv\/wp-json\/wp\/v2\/media?parent=147296"}],"wp:term":[{"taxonomy":"product_brand","embeddable":true,"href":"https:\/\/kingarms.ee\/lv\/wp-json\/wp\/v2\/product_brand?post=147296"},{"taxonomy":"product_cat","embeddable":true,"href":"https:\/\/kingarms.ee\/lv\/wp-json\/wp\/v2\/product_cat?post=147296"},{"taxonomy":"product_tag","embeddable":true,"href":"https:\/\/kingarms.ee\/lv\/wp-json\/wp\/v2\/product_tag?post=147296"}],"curies":[{"name":"wp","href":"https:\/\/api.w.org\/{rel}","templated":true}]}}