{"id":147313,"date":"2019-07-07T17:11:06","date_gmt":"2025-03-15T09:12:37","guid":{"rendered":"https:\/\/kingarms.ee\/product\/kolekcijas-soma-besa\/"},"modified":"2025-03-15T12:12:37","modified_gmt":"2025-03-15T09:12:37","slug":"kolekcijas-soma-besa","status":"publish","type":"product","link":"https:\/\/kingarms.ee\/lv\/product\/kolekcijas-soma-besa\/","title":{"rendered":"Kolekcijas Soma-B\u0113\u0161a<br><br>"},"content":{"rendered":"<p><a href=\"https:\/\/kingarms.ee\/wp-content\/uploads\/2019\/07\/1152190661_1-300x204.jpg\"><img loading=\"lazy\" decoding=\"async\" class=\"size-medium wp-image-16768\" src=\"https:\/\/kingarms.ee\/wp-content\/uploads\/2019\/07\/1152190661_1-300x204.jpg\" alt=\"\" width=\"300\" height=\"204\" srcset=\"https:\/\/kingarms.ee\/wp-content\/uploads\/2019\/07\/1152190661_1-300x204.jpg 300w, https:\/\/kingarms.ee\/wp-content\/uploads\/2019\/07\/1152190661_1-150x102.jpg 150w, https:\/\/kingarms.ee\/wp-content\/uploads\/2019\/07\/1152190661_1-500x341.jpg 500w, https:\/\/kingarms.ee\/wp-content\/uploads\/2019\/07\/1152190661_1-768x523.jpg 768w, https:\/\/kingarms.ee\/wp-content\/uploads\/2019\/07\/1152190661_1.jpg 800w\" sizes=\"auto, (max-width: 300px) 100vw, 300px\" \/><\/a><\/p>\n","protected":false},"excerpt":{"rendered":"<p>Kolekcijas Soma-B\u0113\u0161a<\/p>\n<p>Maisu var piestiprin\u0101t ar siksnu, izmantojot \u0101\u0137a un cilpas stiprin\u0101juma siksnas vai aizb\u012bdni.<\/p>\n<p> Pullers atrodas iek\u0161pus\u0113, kas ne\u013cauj ievietotaj\u0101m liet\u0101m izkrist.<\/p>\n<p> Dempinga iepakojums ir \u013coti labs risin\u0101jums dinamisk\u0101s papl\u0101tes mai\u0146as laik\u0101.<\/p>\n","protected":false},"featured_media":110531,"template":"","meta":{"_acf_changed":false},"product_brand":[],"product_cat":[1104,1098],"product_tag":[],"class_list":{"0":"post-147313","1":"product","2":"type-product","3":"status-publish","4":"has-post-thumbnail","6":"product_cat-kabatas","7":"product_cat-maisini-somas-un-siksnas","9":"first","10":"instock","11":"taxable","12":"shipping-taxable","13":"purchasable","14":"product-type-simple"},"acf":[],"_links":{"self":[{"href":"https:\/\/kingarms.ee\/lv\/wp-json\/wp\/v2\/product\/147313","targetHints":{"allow":["GET"]}}],"collection":[{"href":"https:\/\/kingarms.ee\/lv\/wp-json\/wp\/v2\/product"}],"about":[{"href":"https:\/\/kingarms.ee\/lv\/wp-json\/wp\/v2\/types\/product"}],"wp:featuredmedia":[{"embeddable":true,"href":"https:\/\/kingarms.ee\/lv\/wp-json\/wp\/v2\/media\/110531"}],"wp:attachment":[{"href":"https:\/\/kingarms.ee\/lv\/wp-json\/wp\/v2\/media?parent=147313"}],"wp:term":[{"taxonomy":"product_brand","embeddable":true,"href":"https:\/\/kingarms.ee\/lv\/wp-json\/wp\/v2\/product_brand?post=147313"},{"taxonomy":"product_cat","embeddable":true,"href":"https:\/\/kingarms.ee\/lv\/wp-json\/wp\/v2\/product_cat?post=147313"},{"taxonomy":"product_tag","embeddable":true,"href":"https:\/\/kingarms.ee\/lv\/wp-json\/wp\/v2\/product_tag?post=147313"}],"curies":[{"name":"wp","href":"https:\/\/api.w.org\/{rel}","templated":true}]}}