{"id":147317,"date":"2018-08-31T08:08:49","date_gmt":"2025-03-15T09:23:33","guid":{"rendered":"https:\/\/kingarms.ee\/product\/120-bbs-videjais-vacins-ak-salv-bluebox\/"},"modified":"2025-03-15T12:23:33","modified_gmt":"2025-03-15T09:23:33","slug":"120-bbs-videjais-vacins-ak-salv-bluebox","status":"publish","type":"product","link":"https:\/\/kingarms.ee\/lv\/product\/120-bbs-videjais-vacins-ak-salv-bluebox\/","title":{"rendered":"120 BBs Vid\u0113jais v\u0101ci\u0146\u0161 AK salv (Bluebox)<br><br>"},"content":{"rendered":"<p><a href=\"https:\/\/kingarms.ee\/wp-content\/uploads\/2018\/03\/eng_pl_guarder-mid-cap-magazine-ak-155-black-box-x-10-bbam-201-bk-17498_2.jpg\"><img loading=\"lazy\" decoding=\"async\" class=\"alignnone size-medium wp-image-2626\" src=\"https:\/\/kingarms.ee\/wp-content\/uploads\/2018\/03\/eng_pl_guarder-mid-cap-magazine-ak-155-black-box-x-10-bbam-201-bk-17498_2-300x175.jpg\" alt=\"\" width=\"300\" height=\"175\"><\/a><\/p>\n","protected":false},"excerpt":{"rendered":"<p>Papl\u0101tes ra\u017eot\u0101js ir E &amp; amp; L<\/p>\n","protected":false},"featured_media":105987,"template":"","meta":{"_acf_changed":false},"product_brand":[],"product_cat":[1061],"product_tag":[],"class_list":{"0":"post-147317","1":"product","2":"type-product","3":"status-publish","4":"has-post-thumbnail","6":"product_cat-airsoft-lv","8":"first","9":"instock","10":"purchasable","11":"product-type-simple"},"acf":[],"_links":{"self":[{"href":"https:\/\/kingarms.ee\/lv\/wp-json\/wp\/v2\/product\/147317","targetHints":{"allow":["GET"]}}],"collection":[{"href":"https:\/\/kingarms.ee\/lv\/wp-json\/wp\/v2\/product"}],"about":[{"href":"https:\/\/kingarms.ee\/lv\/wp-json\/wp\/v2\/types\/product"}],"wp:featuredmedia":[{"embeddable":true,"href":"https:\/\/kingarms.ee\/lv\/wp-json\/wp\/v2\/media\/105987"}],"wp:attachment":[{"href":"https:\/\/kingarms.ee\/lv\/wp-json\/wp\/v2\/media?parent=147317"}],"wp:term":[{"taxonomy":"product_brand","embeddable":true,"href":"https:\/\/kingarms.ee\/lv\/wp-json\/wp\/v2\/product_brand?post=147317"},{"taxonomy":"product_cat","embeddable":true,"href":"https:\/\/kingarms.ee\/lv\/wp-json\/wp\/v2\/product_cat?post=147317"},{"taxonomy":"product_tag","embeddable":true,"href":"https:\/\/kingarms.ee\/lv\/wp-json\/wp\/v2\/product_tag?post=147317"}],"curies":[{"name":"wp","href":"https:\/\/api.w.org\/{rel}","templated":true}]}}