{"id":147321,"date":"2019-06-13T22:02:14","date_gmt":"2025-03-15T09:43:58","guid":{"rendered":"https:\/\/kingarms.ee\/product\/22mm-reil-pacelums-merka\/"},"modified":"2025-03-15T12:43:58","modified_gmt":"2025-03-15T09:43:58","slug":"22mm-reil-pacelums-merka","status":"publish","type":"product","link":"https:\/\/kingarms.ee\/lv\/product\/22mm-reil-pacelums-merka\/","title":{"rendered":"22mm Reil pac\u0113lums m\u0113r\u0137a<br><br>"},"content":{"rendered":"<p><a href=\"https:\/\/kingarms.ee\/wp-content\/uploads\/2019\/06\/M5161623415-300x225.jpg\"><img loading=\"lazy\" decoding=\"async\" class=\"alignnone size-medium wp-image-19099\" src=\"https:\/\/kingarms.ee\/wp-content\/uploads\/2019\/06\/M5161623415-300x225.jpg\" alt=\"\" width=\"300\" height=\"225\" srcset=\"https:\/\/kingarms.ee\/wp-content\/uploads\/2019\/06\/M5161623415-300x225.jpg 300w, https:\/\/kingarms.ee\/wp-content\/uploads\/2019\/06\/M5161623415-150x113.jpg 150w, https:\/\/kingarms.ee\/wp-content\/uploads\/2019\/06\/M5161623415-500x375.jpg 500w, https:\/\/kingarms.ee\/wp-content\/uploads\/2019\/06\/M5161623415-600x450.jpg 600w, https:\/\/kingarms.ee\/wp-content\/uploads\/2019\/06\/M5161623415.jpg 640w\" sizes=\"auto, (max-width: 300px) 100vw, 300px\" \/><\/a><\/p>\n","protected":false},"excerpt":{"rendered":"<p>22mm Reil pac\u0113lums m\u0113r\u0137a<\/p>\n<p>22mm Reil redzes pac\u0113lums.<\/p>\n<p> Piem\u0113rots uzst\u0101d\u012b\u0161anai uz precizit\u0101tes redzes k\u0101 optisk\u0101 redzes.<\/p>\n<p>Pac\u0113lums ir izgatavots no stipra met\u0101la.<\/p>\n","protected":false},"featured_media":111478,"template":"","meta":{"_acf_changed":false},"product_brand":[],"product_cat":[1130],"product_tag":[],"class_list":{"0":"post-147321","1":"product","2":"type-product","3":"status-publish","4":"has-post-thumbnail","6":"product_cat-cits-lv","8":"first","9":"instock","10":"taxable","11":"shipping-taxable","12":"purchasable","13":"product-type-simple"},"acf":[],"_links":{"self":[{"href":"https:\/\/kingarms.ee\/lv\/wp-json\/wp\/v2\/product\/147321","targetHints":{"allow":["GET"]}}],"collection":[{"href":"https:\/\/kingarms.ee\/lv\/wp-json\/wp\/v2\/product"}],"about":[{"href":"https:\/\/kingarms.ee\/lv\/wp-json\/wp\/v2\/types\/product"}],"wp:featuredmedia":[{"embeddable":true,"href":"https:\/\/kingarms.ee\/lv\/wp-json\/wp\/v2\/media\/111478"}],"wp:attachment":[{"href":"https:\/\/kingarms.ee\/lv\/wp-json\/wp\/v2\/media?parent=147321"}],"wp:term":[{"taxonomy":"product_brand","embeddable":true,"href":"https:\/\/kingarms.ee\/lv\/wp-json\/wp\/v2\/product_brand?post=147321"},{"taxonomy":"product_cat","embeddable":true,"href":"https:\/\/kingarms.ee\/lv\/wp-json\/wp\/v2\/product_cat?post=147321"},{"taxonomy":"product_tag","embeddable":true,"href":"https:\/\/kingarms.ee\/lv\/wp-json\/wp\/v2\/product_tag?post=147321"}],"curies":[{"name":"wp","href":"https:\/\/api.w.org\/{rel}","templated":true}]}}