{"id":147338,"date":"2023-01-09T13:36:25","date_gmt":"2025-03-15T10:34:25","guid":{"rendered":"https:\/\/kingarms.ee\/product\/pcp-pumba-rohumootur-borner\/"},"modified":"2025-03-15T13:34:25","modified_gmt":"2025-03-15T10:34:25","slug":"pcp-pumba-rohumootur-borner","status":"publish","type":"product","link":"https:\/\/kingarms.ee\/lv\/product\/pcp-pumba-rohumootur-borner\/","title":{"rendered":"PCP-pumba r\u00f5hum\u00f5\u00f5tur (Borner)<br><br>"},"content":{"rendered":"<p><img loading=\"lazy\" decoding=\"async\" class=\"alignnone size-full wp-image-71272\" src=\"https:\/\/kingarms.ee\/wp-content\/uploads\/2023\/01\/61c1iQI6GwL.jpg\" alt=\"\" width=\"1600\" height=\"1600\" srcset=\"https:\/\/kingarms.ee\/wp-content\/uploads\/2023\/01\/61c1iQI6GwL.jpg 1600w, https:\/\/kingarms.ee\/wp-content\/uploads\/2023\/01\/61c1iQI6GwL-300x300.jpg 300w, https:\/\/kingarms.ee\/wp-content\/uploads\/2023\/01\/61c1iQI6GwL-1024x1024.jpg 1024w, https:\/\/kingarms.ee\/wp-content\/uploads\/2023\/01\/61c1iQI6GwL-150x150.jpg 150w, https:\/\/kingarms.ee\/wp-content\/uploads\/2023\/01\/61c1iQI6GwL-768x768.jpg 768w, https:\/\/kingarms.ee\/wp-content\/uploads\/2023\/01\/61c1iQI6GwL-1536x1536.jpg 1536w, https:\/\/kingarms.ee\/wp-content\/uploads\/2023\/01\/61c1iQI6GwL-500x500.jpg 500w\" sizes=\"auto, (max-width: 1600px) 100vw, 1600px\" \/><\/p>\n","protected":false},"excerpt":{"rendered":"<p><strong>PCP s\u016bk\u0146a spiediena m\u0113r\u012bt\u0101js<\/p>\n<p><\/strong><\/p>\n<p>Borner manometrs-Borner PCP s\u016bk\u0146a rezerves da\u013ca.<\/p>\n<p> M\u0113rogs l\u012bdz 400 b\u0101riem.<\/p>\n<p> Manometrs ir savienots ar Borner s\u016bkni ar standarta G1 \/ 8&#8243; plakanu v\u012btni.<\/p>\n","protected":false},"featured_media":126381,"template":"","meta":{"_acf_changed":false},"product_brand":[],"product_cat":[1129],"product_tag":[],"class_list":{"0":"post-147338","1":"product","2":"type-product","3":"status-publish","4":"has-post-thumbnail","6":"product_cat-rezerves-dalas","8":"first","9":"instock","10":"taxable","11":"shipping-taxable","12":"purchasable","13":"product-type-simple"},"acf":[],"_links":{"self":[{"href":"https:\/\/kingarms.ee\/lv\/wp-json\/wp\/v2\/product\/147338","targetHints":{"allow":["GET"]}}],"collection":[{"href":"https:\/\/kingarms.ee\/lv\/wp-json\/wp\/v2\/product"}],"about":[{"href":"https:\/\/kingarms.ee\/lv\/wp-json\/wp\/v2\/types\/product"}],"wp:featuredmedia":[{"embeddable":true,"href":"https:\/\/kingarms.ee\/lv\/wp-json\/wp\/v2\/media\/126381"}],"wp:attachment":[{"href":"https:\/\/kingarms.ee\/lv\/wp-json\/wp\/v2\/media?parent=147338"}],"wp:term":[{"taxonomy":"product_brand","embeddable":true,"href":"https:\/\/kingarms.ee\/lv\/wp-json\/wp\/v2\/product_brand?post=147338"},{"taxonomy":"product_cat","embeddable":true,"href":"https:\/\/kingarms.ee\/lv\/wp-json\/wp\/v2\/product_cat?post=147338"},{"taxonomy":"product_tag","embeddable":true,"href":"https:\/\/kingarms.ee\/lv\/wp-json\/wp\/v2\/product_tag?post=147338"}],"curies":[{"name":"wp","href":"https:\/\/api.w.org\/{rel}","templated":true}]}}