{"id":147342,"date":"2022-11-14T16:48:58","date_gmt":"2025-03-15T10:41:33","guid":{"rendered":"https:\/\/kingarms.ee\/product\/rotejosais-pistoles-zurnala-turetajs-wosport\/"},"modified":"2025-08-03T16:39:07","modified_gmt":"2025-08-03T13:39:07","slug":"rotejosais-pistoles-zurnala-turetajs-wosport","status":"publish","type":"product","link":"https:\/\/kingarms.ee\/lv\/product\/rotejosais-pistoles-zurnala-turetajs-wosport\/","title":{"rendered":"Rot\u0113jo\u0161ais pistoles \u017eurn\u0101la tur\u0113t\u0101js Wosport"},"content":{"rendered":"","protected":false},"excerpt":{"rendered":"<p>Rot\u0113jo\u0161ais pistoles \u017eurn\u0101la tur\u0113t\u0101js Wosport<\/p>\n<p>Rot\u0113jo\u0161s pistoles \u017eurn\u0101la tur\u0113t\u0101js<\/p>\n<p>360\u00b0 rot\u0101cija<\/p>\n<p>piem\u0113rots jostai l\u012bdz 1,5 coll\u0101m<\/p>\n<p>\u041b\u0430\u0442\u044b\u043d\u0441\u043a\u0438\u0439 \u041f\u043e\u0434\u0445\u043e\u0434\u0438\u0442 \u0434\u043b\u044f \u043f\u0438\u0441\u0442\u043e\u043b\u0435\u0442\u043d\u044b\u0445 \u043c\u0430\u0433\u0430\u0437\u0438\u043d\u043e\u0432 \u0441\u0435\u0440\u0438\u0439 1911, g17, px4, xdm<\/p>\n<p>gan jostas stiprin\u0101jumu, gan \u017eurn\u0101la stiprin\u0101jumu var noregul\u0113t<\/p>\n","protected":false},"featured_media":125280,"template":"","meta":{"_acf_changed":false},"product_brand":[],"product_cat":[1098,1100],"product_tag":[],"class_list":{"0":"post-147342","1":"product","2":"type-product","3":"status-publish","4":"has-post-thumbnail","6":"product_cat-maisini-somas-un-siksnas","7":"product_cat-uzglabasanas-kabatas","9":"first","10":"instock","11":"sale","12":"purchasable","13":"product-type-simple"},"acf":[],"_links":{"self":[{"href":"https:\/\/kingarms.ee\/lv\/wp-json\/wp\/v2\/product\/147342","targetHints":{"allow":["GET"]}}],"collection":[{"href":"https:\/\/kingarms.ee\/lv\/wp-json\/wp\/v2\/product"}],"about":[{"href":"https:\/\/kingarms.ee\/lv\/wp-json\/wp\/v2\/types\/product"}],"wp:featuredmedia":[{"embeddable":true,"href":"https:\/\/kingarms.ee\/lv\/wp-json\/wp\/v2\/media\/125280"}],"wp:attachment":[{"href":"https:\/\/kingarms.ee\/lv\/wp-json\/wp\/v2\/media?parent=147342"}],"wp:term":[{"taxonomy":"product_brand","embeddable":true,"href":"https:\/\/kingarms.ee\/lv\/wp-json\/wp\/v2\/product_brand?post=147342"},{"taxonomy":"product_cat","embeddable":true,"href":"https:\/\/kingarms.ee\/lv\/wp-json\/wp\/v2\/product_cat?post=147342"},{"taxonomy":"product_tag","embeddable":true,"href":"https:\/\/kingarms.ee\/lv\/wp-json\/wp\/v2\/product_tag?post=147342"}],"curies":[{"name":"wp","href":"https:\/\/api.w.org\/{rel}","templated":true}]}}