{"id":147344,"date":"2022-11-14T16:48:42","date_gmt":"2025-03-15T10:45:50","guid":{"rendered":"https:\/\/kingarms.ee\/product\/gaisa-sprausla-g36-serijai\/"},"modified":"2025-08-03T17:11:45","modified_gmt":"2025-08-03T14:11:45","slug":"gaisa-sprausla-g36-serijai","status":"publish","type":"product","link":"https:\/\/kingarms.ee\/lv\/product\/gaisa-sprausla-g36-serijai\/","title":{"rendered":"Gaisa sprausla G36 s\u0113rijai<br><br>"},"content":{"rendered":"","protected":false},"excerpt":{"rendered":"<p>Gaisa sprausla G36 s\u0113rijai<\/p>\n<p>Gaisa sprausla<\/p>\n<p>piem\u0113rots elektriskaj\u0101m \u0161auten\u0113m g36 s\u0113rijai<\/p>\n","protected":false},"featured_media":125396,"template":"","meta":{"_acf_changed":false},"product_brand":[],"product_cat":[1107],"product_tag":[],"class_list":{"0":"post-147344","1":"product","2":"type-product","3":"status-publish","4":"has-post-thumbnail","6":"product_cat-noregulesana","8":"first","9":"instock","10":"purchasable","11":"product-type-simple"},"acf":[],"_links":{"self":[{"href":"https:\/\/kingarms.ee\/lv\/wp-json\/wp\/v2\/product\/147344","targetHints":{"allow":["GET"]}}],"collection":[{"href":"https:\/\/kingarms.ee\/lv\/wp-json\/wp\/v2\/product"}],"about":[{"href":"https:\/\/kingarms.ee\/lv\/wp-json\/wp\/v2\/types\/product"}],"wp:featuredmedia":[{"embeddable":true,"href":"https:\/\/kingarms.ee\/lv\/wp-json\/wp\/v2\/media\/125396"}],"wp:attachment":[{"href":"https:\/\/kingarms.ee\/lv\/wp-json\/wp\/v2\/media?parent=147344"}],"wp:term":[{"taxonomy":"product_brand","embeddable":true,"href":"https:\/\/kingarms.ee\/lv\/wp-json\/wp\/v2\/product_brand?post=147344"},{"taxonomy":"product_cat","embeddable":true,"href":"https:\/\/kingarms.ee\/lv\/wp-json\/wp\/v2\/product_cat?post=147344"},{"taxonomy":"product_tag","embeddable":true,"href":"https:\/\/kingarms.ee\/lv\/wp-json\/wp\/v2\/product_tag?post=147344"}],"curies":[{"name":"wp","href":"https:\/\/api.w.org\/{rel}","templated":true}]}}