{"id":147347,"date":"2018-08-31T11:08:54","date_gmt":"2025-03-15T10:54:48","guid":{"rendered":"https:\/\/kingarms.ee\/product\/plaksnes-turetajs-ar-kabatam-gz\/"},"modified":"2025-03-15T13:54:48","modified_gmt":"2025-03-15T10:54:48","slug":"plaksnes-turetajs-ar-kabatam-gz","status":"publish","type":"product","link":"https:\/\/kingarms.ee\/lv\/product\/plaksnes-turetajs-ar-kabatam-gz\/","title":{"rendered":"Pl\u0101ksnes tur\u0113t\u0101js ar kabat\u0101m-GZ<br><br>"},"content":{"rendered":"<p><a href=\"https:\/\/kingarms.ee\/wp-content\/uploads\/2018\/03\/1152215848_1.jpg\"><img loading=\"lazy\" decoding=\"async\" class=\"alignnone size-medium wp-image-2373\" src=\"https:\/\/kingarms.ee\/wp-content\/uploads\/2018\/03\/1152215848_1-300x200.jpg\" alt=\"\" width=\"300\" height=\"200\"><\/a><\/p>\n","protected":false},"excerpt":{"rendered":"<p>Pl\u0101ksnes tur\u0113t\u0101js ar kabat\u0101m-GZ<\/p>\n<p>Popul\u0101r\u0101 kr\u016b\u0161u tipa Taktisk\u0101 veste (gz), kas izgatavota no iztur\u012bga un viegla neilona.<\/p>\n<p> Vair\u0101k piem\u0113rots M4 vai AK tipa Atska\u0146ot\u0101ja p\u0101rvad\u0101\u0161anai.<\/p>\n<p> Veste ir apr\u012bkota ar dubult\u0101m papl\u0101tes kabat\u0101m (6 papl\u0101tes).<\/p>\n<p> Plus 2 handgun kabatas.<\/p>\n<p> Turkl\u0101t ir iesp\u0113jams uzst\u0101d\u012bt kabatas: zibspuldzi, teleskopisko nazi (teleskopisk\u0101 na\u017ea n\u0113s\u0101\u0161anai ir nepiecie\u0161ama atsevi\u0161\u0137a at\u013cauja) vai \u0101tru l\u0101d\u0113t\u0101ju<\/p>\n<p>Kr\u0101sa: GZ<\/p>\n<p>Svars: 700g<\/p>\n","protected":false},"featured_media":106141,"template":"","meta":{"_acf_changed":false},"product_brand":[],"product_cat":[1093],"product_tag":[],"class_list":{"0":"post-147347","1":"product","2":"type-product","3":"status-publish","4":"has-post-thumbnail","6":"product_cat-vestes-un-zirglietas","8":"first","9":"onbackorder","10":"product-type-simple"},"acf":[],"_links":{"self":[{"href":"https:\/\/kingarms.ee\/lv\/wp-json\/wp\/v2\/product\/147347","targetHints":{"allow":["GET"]}}],"collection":[{"href":"https:\/\/kingarms.ee\/lv\/wp-json\/wp\/v2\/product"}],"about":[{"href":"https:\/\/kingarms.ee\/lv\/wp-json\/wp\/v2\/types\/product"}],"wp:featuredmedia":[{"embeddable":true,"href":"https:\/\/kingarms.ee\/lv\/wp-json\/wp\/v2\/media\/106141"}],"wp:attachment":[{"href":"https:\/\/kingarms.ee\/lv\/wp-json\/wp\/v2\/media?parent=147347"}],"wp:term":[{"taxonomy":"product_brand","embeddable":true,"href":"https:\/\/kingarms.ee\/lv\/wp-json\/wp\/v2\/product_brand?post=147347"},{"taxonomy":"product_cat","embeddable":true,"href":"https:\/\/kingarms.ee\/lv\/wp-json\/wp\/v2\/product_cat?post=147347"},{"taxonomy":"product_tag","embeddable":true,"href":"https:\/\/kingarms.ee\/lv\/wp-json\/wp\/v2\/product_tag?post=147347"}],"curies":[{"name":"wp","href":"https:\/\/api.w.org\/{rel}","templated":true}]}}