{"id":147364,"date":"2019-06-13T16:33:42","date_gmt":"2025-03-15T13:39:30","guid":{"rendered":"https:\/\/kingarms.ee\/product\/udens-maiss-olivu\/"},"modified":"2025-03-15T16:39:30","modified_gmt":"2025-03-15T13:39:30","slug":"udens-maiss-olivu","status":"publish","type":"product","link":"https:\/\/kingarms.ee\/lv\/product\/udens-maiss-olivu\/","title":{"rendered":"\u016adens Maiss-Ol\u012bvu<br><br>"},"content":{"rendered":"<p><a href=\"https:\/\/kingarms.ee\/wp-content\/uploads\/2019\/06\/1152207744_1-300x200.jpg\"><img loading=\"lazy\" decoding=\"async\" class=\"alignnone size-medium wp-image-15761\" src=\"https:\/\/kingarms.ee\/wp-content\/uploads\/2019\/06\/1152207744_1-300x200.jpg\" alt=\"\" width=\"300\" height=\"200\" srcset=\"https:\/\/kingarms.ee\/wp-content\/uploads\/2019\/06\/1152207744_1-300x200.jpg 300w, https:\/\/kingarms.ee\/wp-content\/uploads\/2019\/06\/1152207744_1-150x100.jpg 150w, https:\/\/kingarms.ee\/wp-content\/uploads\/2019\/06\/1152207744_1-500x333.jpg 500w, https:\/\/kingarms.ee\/wp-content\/uploads\/2019\/06\/1152207744_1-768x512.jpg 768w, https:\/\/kingarms.ee\/wp-content\/uploads\/2019\/06\/1152207744_1.jpg 800w\" sizes=\"auto, (max-width: 300px) 100vw, 300px\" \/><\/a><\/p>\n","protected":false},"excerpt":{"rendered":"<div class=\"woocommerce-product-details__short-description\">\n<p>\u016adens Maiss-Ol\u012bvu<\/p>\n<p>Soma ir izgatavota no iztur\u012bga neilona.<\/p>\n<p> Ietver tur\u0113t\u0101jus, kas j\u0101valk\u0101 aizmugur\u0113, k\u0101 ar\u012b siksnas, kas ir sader\u012bgas ar MOLLE slodzes sist\u0113mu, kas j\u0101piestiprina taktiskajai vestei.<\/p>\n<p> Gan lietot\u0101ja priek\u0161pus\u0113, gan aizmugur\u0113 ir MOLLE lente, kas \u013cauj salabot piederumu.<\/p>\n<p> Mais\u0101 ir \u016bdens pudele ar ietilp\u012bbu l\u012bdz 3 litriem.<\/p>\n<\/div>\n","protected":false},"featured_media":110071,"template":"","meta":{"_acf_changed":false},"product_brand":[],"product_cat":[1098,1102],"product_tag":[],"class_list":{"0":"post-147364","1":"product","2":"type-product","3":"status-publish","4":"has-post-thumbnail","6":"product_cat-maisini-somas-un-siksnas","7":"product_cat-udens-maisini","9":"first","10":"onbackorder","11":"taxable","12":"shipping-taxable","13":"product-type-simple"},"acf":[],"_links":{"self":[{"href":"https:\/\/kingarms.ee\/lv\/wp-json\/wp\/v2\/product\/147364","targetHints":{"allow":["GET"]}}],"collection":[{"href":"https:\/\/kingarms.ee\/lv\/wp-json\/wp\/v2\/product"}],"about":[{"href":"https:\/\/kingarms.ee\/lv\/wp-json\/wp\/v2\/types\/product"}],"wp:featuredmedia":[{"embeddable":true,"href":"https:\/\/kingarms.ee\/lv\/wp-json\/wp\/v2\/media\/110071"}],"wp:attachment":[{"href":"https:\/\/kingarms.ee\/lv\/wp-json\/wp\/v2\/media?parent=147364"}],"wp:term":[{"taxonomy":"product_brand","embeddable":true,"href":"https:\/\/kingarms.ee\/lv\/wp-json\/wp\/v2\/product_brand?post=147364"},{"taxonomy":"product_cat","embeddable":true,"href":"https:\/\/kingarms.ee\/lv\/wp-json\/wp\/v2\/product_cat?post=147364"},{"taxonomy":"product_tag","embeddable":true,"href":"https:\/\/kingarms.ee\/lv\/wp-json\/wp\/v2\/product_tag?post=147364"}],"curies":[{"name":"wp","href":"https:\/\/api.w.org\/{rel}","templated":true}]}}