{"id":147373,"date":"2018-10-16T15:27:16","date_gmt":"2025-03-15T13:59:15","guid":{"rendered":"https:\/\/kingarms.ee\/product\/cz-p-07-p-09-macins-melns\/"},"modified":"2025-03-15T16:59:15","modified_gmt":"2025-03-15T13:59:15","slug":"cz-p-07-p-09-macins-melns","status":"publish","type":"product","link":"https:\/\/kingarms.ee\/lv\/product\/cz-p-07-p-09-macins-melns\/","title":{"rendered":"CZ P 07 P 09 maci\u0146\u0161 Melns<br><br>"},"content":{"rendered":"<p><a href=\"https:\/\/kingarms.ee\/wp-content\/uploads\/2018\/10\/1152216282_1-300x200.jpg\"><img loading=\"lazy\" decoding=\"async\" class=\"alignnone size-medium wp-image-10360\" src=\"https:\/\/kingarms.ee\/wp-content\/uploads\/2018\/10\/1152216282_1-300x200.jpg\" alt=\"\" width=\"300\" height=\"200\" srcset=\"https:\/\/kingarms.ee\/wp-content\/uploads\/2018\/10\/1152216282_1-300x200.jpg 300w, https:\/\/kingarms.ee\/wp-content\/uploads\/2018\/10\/1152216282_1-150x100.jpg 150w, https:\/\/kingarms.ee\/wp-content\/uploads\/2018\/10\/1152216282_1-500x333.jpg 500w, https:\/\/kingarms.ee\/wp-content\/uploads\/2018\/10\/1152216282_1-768x512.jpg 768w, https:\/\/kingarms.ee\/wp-content\/uploads\/2018\/10\/1152216282_1.jpg 800w\" sizes=\"auto, (max-width: 300px) 100vw, 300px\" \/><\/a><\/p>\n","protected":false},"excerpt":{"rendered":"<p>CZ P 07 P 09 maci\u0146\u0161 Melns<\/p>\n<p>CZ P &#8211; 07 un P &#8211; 09 \u0113nu tipa pistoles plastmasas maksts no ra\u017eot\u0101ja Cytac.<\/p>\n<p> Maci\u0146am ir pirkstu Sl\u0113dzene ar pogu.<\/p>\n<p> Piestiprin\u0101ts pie jostas vai siksnas.<\/p>\n<p> Maci\u0146u var noregul\u0113t p\u0113c vajadz\u012bbas un pagriezt par 360*.<\/p>\n","protected":false},"featured_media":107976,"template":"","meta":{"_acf_changed":false},"product_brand":[],"product_cat":[1026],"product_tag":[],"class_list":{"0":"post-147373","1":"product","2":"type-product","3":"status-publish","4":"has-post-thumbnail","6":"product_cat-barkstisti","8":"first","9":"onbackorder","10":"taxable","11":"shipping-taxable","12":"product-type-simple"},"acf":[],"_links":{"self":[{"href":"https:\/\/kingarms.ee\/lv\/wp-json\/wp\/v2\/product\/147373","targetHints":{"allow":["GET"]}}],"collection":[{"href":"https:\/\/kingarms.ee\/lv\/wp-json\/wp\/v2\/product"}],"about":[{"href":"https:\/\/kingarms.ee\/lv\/wp-json\/wp\/v2\/types\/product"}],"wp:featuredmedia":[{"embeddable":true,"href":"https:\/\/kingarms.ee\/lv\/wp-json\/wp\/v2\/media\/107976"}],"wp:attachment":[{"href":"https:\/\/kingarms.ee\/lv\/wp-json\/wp\/v2\/media?parent=147373"}],"wp:term":[{"taxonomy":"product_brand","embeddable":true,"href":"https:\/\/kingarms.ee\/lv\/wp-json\/wp\/v2\/product_brand?post=147373"},{"taxonomy":"product_cat","embeddable":true,"href":"https:\/\/kingarms.ee\/lv\/wp-json\/wp\/v2\/product_cat?post=147373"},{"taxonomy":"product_tag","embeddable":true,"href":"https:\/\/kingarms.ee\/lv\/wp-json\/wp\/v2\/product_tag?post=147373"}],"curies":[{"name":"wp","href":"https:\/\/api.w.org\/{rel}","templated":true}]}}