{"id":147487,"date":"2022-05-05T13:02:00","date_gmt":"2025-04-04T13:44:47","guid":{"rendered":"https:\/\/kingarms.ee\/product\/crossbow-2x-komplekta-ess\/"},"modified":"2025-04-04T16:44:47","modified_gmt":"2025-04-04T13:44:47","slug":"crossbow-2x-komplekta-ess","status":"publish","type":"product","link":"https:\/\/kingarms.ee\/lv\/product\/crossbow-2x-komplekta-ess\/","title":{"rendered":"Crossbow 2x komplekta ess"},"content":{"rendered":"","protected":false},"excerpt":{"rendered":"<p>Crossbow 2x komplekta ess<\/p>\n<p>Kad j\u016bs m\u0113\u0123in\u0101t uz stops, j\u016bs atkl\u0101siet, tas ir at\u0161\u0137ir\u012bb\u0101 no jebkura cita ballistisko eyeshield. Izbaudiet Tri-Tech Fit r\u0101mi, kas nodro\u0161ina p\u0101rsteidzo\u0161u univers\u0101lo piem\u0113rot\u012bbu ar maksim\u0101lu komfortu un nulles spiediena punktiem. Tad pamaniet objekt\u012bvus. Vi\u0146i neb\u016bs migla. Tas ir pateicoties revolucion\u0101rajai ClearZone FlowCoat tehnolo\u0123ijai, kas izstr\u0101d\u0101ta, lai nov\u0113rstu miglu iek\u0161pus\u0113 un nov\u0113rstu skr\u0101p\u0113jumus \u0101rpus\u0113.<\/p>\n<p>K\u0101 j\u016bs skat\u0101s uz leju savu m\u0113r\u0137i, izmantojot trauc\u0113jumus bez ESSOPTICS, j\u016bs redz\u0113siet, cik optiski prec\u012bzs redz\u0113jums var b\u016bt. Kad esat gatavs p\u0101rsl\u0113gt nokr\u0101sas, novatorisk\u0101 Dedbolt objekt\u012bva Sl\u0113dzene pagrie\u017eas uz aug\u0161u, lai to var\u0113tu viegli atbr\u012bvot, p\u0113c tam saspie\u017e uz leju, lai notur\u0113tu Cietvielu zem trieciena.<\/p>\n","protected":false},"featured_media":118596,"template":"","meta":{"_acf_changed":false},"product_brand":[],"product_cat":[1084],"product_tag":[],"class_list":{"0":"post-147487","1":"product","2":"type-product","3":"status-publish","4":"has-post-thumbnail","6":"product_cat-ballistiskas-brilles","8":"first","9":"onbackorder","10":"sale","11":"taxable","12":"shipping-taxable","13":"product-type-simple"},"acf":[],"_links":{"self":[{"href":"https:\/\/kingarms.ee\/lv\/wp-json\/wp\/v2\/product\/147487","targetHints":{"allow":["GET"]}}],"collection":[{"href":"https:\/\/kingarms.ee\/lv\/wp-json\/wp\/v2\/product"}],"about":[{"href":"https:\/\/kingarms.ee\/lv\/wp-json\/wp\/v2\/types\/product"}],"wp:featuredmedia":[{"embeddable":true,"href":"https:\/\/kingarms.ee\/lv\/wp-json\/wp\/v2\/media\/118596"}],"wp:attachment":[{"href":"https:\/\/kingarms.ee\/lv\/wp-json\/wp\/v2\/media?parent=147487"}],"wp:term":[{"taxonomy":"product_brand","embeddable":true,"href":"https:\/\/kingarms.ee\/lv\/wp-json\/wp\/v2\/product_brand?post=147487"},{"taxonomy":"product_cat","embeddable":true,"href":"https:\/\/kingarms.ee\/lv\/wp-json\/wp\/v2\/product_cat?post=147487"},{"taxonomy":"product_tag","embeddable":true,"href":"https:\/\/kingarms.ee\/lv\/wp-json\/wp\/v2\/product_tag?post=147487"}],"curies":[{"name":"wp","href":"https:\/\/api.w.org\/{rel}","templated":true}]}}