{"id":147639,"date":"2025-04-21T17:29:23","date_gmt":"2025-04-21T14:29:23","guid":{"rendered":"https:\/\/kingarms.ee\/product\/starter-kit-borner-pm-x-sausanas-komplekts\/"},"modified":"2025-08-02T12:25:53","modified_gmt":"2025-08-02T09:25:53","slug":"starter-kit-borner-pm-x-sausanas-komplekts","status":"publish","type":"product","link":"https:\/\/kingarms.ee\/lv\/product\/starter-kit-borner-pm-x-sausanas-komplekts\/","title":{"rendered":"Starter Kit: Borner PM-X \u0161au\u0161anas komplekts"},"content":{"rendered":"<p class=\"\" data-start=\"129\" data-end=\"246\">Starter Kit: Borner PM-X \u0161au\u0161anas komplekts<br \/>\nIde\u0101ls s\u0101kuma komplekts gaisa pistoles entuziastam! \u0160is komplekts ietver visu, kas nepiecie\u0161ams treni\u0146am vai izklaidei:<\/p>\n<ol data-start=\"248\" data-end=\"909\">\n<li class=\"\" data-start=\"248\" data-end=\"529\">\n<p class=\"\" data-start=\"251\" data-end=\"362\"><strong data-start=\"251\" data-end=\"276\">Borner PM-X Gaisa pistole<\/strong><br data-start=\"276\" data-end=\"279\" \/>Slaven\u0101 Makarova kopija ar vieglu polim\u0113ra r\u0101mi un met\u0101la interjera komponentiem.<\/p>\n<ul data-start=\"366\" data-end=\"529\">\n<li class=\"\" data-start=\"366\" data-end=\"411\">\n<p class=\"\" data-start=\"368\" data-end=\"411\">Kalibrs: 4.5 mm (0.177) t\u0113rauda BB &#8216; s<\/p>\n<\/li>\n<li class=\"\" data-start=\"415\" data-end=\"438\">\n<p class=\"\" data-start=\"417\" data-end=\"438\">Ietilp\u012bba: 16 lodes<\/p>\n<\/li>\n<li class=\"\" data-start=\"442\" data-end=\"489\">\n<p class=\"\" data-start=\"444\" data-end=\"489\">Baro\u0161anas avots: 12G CO2 kapsula (tur\u0113ta roktur\u012b)<\/p>\n<\/li>\n<li class=\"\" data-start=\"493\" data-end=\"529\">\n<p class=\"\" data-start=\"495\" data-end=\"529\">Manu\u0101la dro\u0161\u012bba pie \u0100mura<\/p>\n<\/li>\n<\/ul>\n<\/li>\n<li class=\"\" data-start=\"531\" data-end=\"657\">\n<p class=\"\" data-start=\"534\" data-end=\"607\"><strong data-start=\"534\" data-end=\"561\">Megal\u012bna &#8220;\u0101bolu&#8221; m\u0113r\u0137is<\/strong><br data-start=\"561\" data-end=\"564\" \/>Jautrs un praktisks pap\u012bra m\u0113r\u0137is.<\/p>\n<ul data-start=\"611\" data-end=\"657\">\n<li class=\"\" data-start=\"611\" data-end=\"632\">\n<p class=\"\" data-start=\"613\" data-end=\"632\">Izm\u0113ri: 14&#215;14 cm<\/p>\n<\/li>\n<li class=\"\" data-start=\"636\" data-end=\"657\">\n<p class=\"\" data-start=\"638\" data-end=\"657\">Iek\u013cautas 50 lapas<\/p>\n<\/li>\n<\/ul>\n<\/li>\n<li class=\"\" data-start=\"659\" data-end=\"762\">\n<p class=\"\" data-start=\"662\" data-end=\"762\"><strong data-start=\"662\" data-end=\"680\">12G CO2 kapsula<\/strong><br data-start=\"680\" data-end=\"683\" \/>Lieliski piem\u0113rots Borner PM-X un citiem ar CO2 darbin\u0101miem gaisa iero\u010diem.<\/p>\n<\/li>\n<li class=\"\" data-start=\"764\" data-end=\"909\">\n<p class=\"\" data-start=\"767\" data-end=\"859\"><strong data-start=\"767\" data-end=\"800\">KingArms BB 4.5mm teraskuul\u012bds<\/strong><br data-start=\"800\" data-end=\"803\" \/>Augstas kvalit\u0101tes 4,5 mm t\u0113rauda lod\u012btes prec\u012bzai fotograf\u0113\u0161anai.<\/p>\n<ul data-start=\"863\" data-end=\"909\">\n<li class=\"\" data-start=\"863\" data-end=\"878\">\n<p class=\"\" data-start=\"865\" data-end=\"878\">Svars: 0.5 g<\/p>\n<\/li>\n<li class=\"\" data-start=\"882\" data-end=\"909\">\n<p class=\"\" data-start=\"884\" data-end=\"909\">Daudzums: 650gab plastmasas burk\u0101<\/p>\n<\/li>\n<\/ul>\n<\/li>\n<\/ol>\n","protected":false},"excerpt":{"rendered":"<p class=\"\" data-start=\"129\" data-end=\"246\">Ide\u0101ls s\u0101kuma komplekts gaisa pistoles entuziastam! \u0160is komplekts ietver visu, kas nepiecie\u0161ams treni\u0146am vai izklaidei:<\/p>\n<ol data-start=\"248\" data-end=\"909\">\n<li class=\"\" data-start=\"248\" data-end=\"529\">\n<p class=\"\" data-start=\"251\" data-end=\"362\"><strong data-start=\"251\" data-end=\"276\">Borner PM-X Gaisa pistole<\/strong><br data-start=\"276\" data-end=\"279\" \/>Slaven\u0101 Makarova kopija ar vieglu polim\u0113ra r\u0101mi un met\u0101la interjera komponentiem.<\/p>\n<ul data-start=\"366\" data-end=\"529\">\n<li class=\"\" data-start=\"366\" data-end=\"411\">\n<p class=\"\" data-start=\"368\" data-end=\"411\">Kalibrs: 4.5 mm (0.177) t\u0113rauda BB &#8216; s<\/p>\n<\/li>\n<li class=\"\" data-start=\"415\" data-end=\"438\">\n<p class=\"\" data-start=\"417\" data-end=\"438\">Ietilp\u012bba: 16 lodes<\/p>\n<\/li>\n<li class=\"\" data-start=\"442\" data-end=\"489\">\n<p class=\"\" data-start=\"444\" data-end=\"489\">Baro\u0161anas avots: 12G CO2 kapsula (tur\u0113ta roktur\u012b)<\/p>\n<\/li>\n<li class=\"\" data-start=\"493\" data-end=\"529\">\n<p class=\"\" data-start=\"495\" data-end=\"529\">Manu\u0101la dro\u0161\u012bba pie \u0100mura<\/p>\n<\/li>\n<\/ul>\n<\/li>\n<li class=\"\" data-start=\"531\" data-end=\"657\">\n<p class=\"\" data-start=\"534\" data-end=\"607\"><strong data-start=\"534\" data-end=\"561\">Megal\u012bna &#8220;\u0101bolu&#8221; m\u0113r\u0137is<\/strong><br data-start=\"561\" data-end=\"564\" \/>Jautrs un praktisks pap\u012bra m\u0113r\u0137is.<\/p>\n<ul data-start=\"611\" data-end=\"657\">\n<li class=\"\" data-start=\"611\" data-end=\"632\">\n<p class=\"\" data-start=\"613\" data-end=\"632\">Izm\u0113ri: 14&#215;14 cm<\/p>\n<\/li>\n<li class=\"\" data-start=\"636\" data-end=\"657\">\n<p class=\"\" data-start=\"638\" data-end=\"657\">Iek\u013cautas 50 lapas<\/p>\n<\/li>\n<\/ul>\n<\/li>\n<li class=\"\" data-start=\"659\" data-end=\"762\">\n<p class=\"\" data-start=\"662\" data-end=\"762\"><strong data-start=\"662\" data-end=\"680\">12G CO2 kapsula<\/strong><br data-start=\"680\" data-end=\"683\" \/>Lieliski piem\u0113rots Borner PM-X un citiem ar CO2 darbin\u0101miem gaisa iero\u010diem.<\/p>\n<\/li>\n<li class=\"\" data-start=\"764\" data-end=\"909\">\n<p class=\"\" data-start=\"767\" data-end=\"859\"><strong data-start=\"767\" data-end=\"800\">KingArms BB 4.5mm teraskuul\u012bds<\/strong><br data-start=\"800\" data-end=\"803\" \/>Augstas kvalit\u0101tes 4,5 mm t\u0113rauda lod\u012btes prec\u012bzai fotograf\u0113\u0161anai.<\/p>\n<ul data-start=\"863\" data-end=\"909\">\n<li class=\"\" data-start=\"863\" data-end=\"878\">\n<p class=\"\" data-start=\"865\" data-end=\"878\">Svars: 0.5 g<\/p>\n<\/li>\n<li class=\"\" data-start=\"882\" data-end=\"909\">\n<p class=\"\" data-start=\"884\" data-end=\"909\">Daudzums: 650gab plastmasas burk\u0101<\/p>\n<\/li>\n<\/ul>\n<\/li>\n<\/ol>\n","protected":false},"featured_media":147655,"template":"","meta":{"_acf_changed":false},"product_brand":[],"product_cat":[1004,1005],"product_tag":[],"class_list":{"0":"post-147639","1":"product","2":"type-product","3":"status-publish","4":"has-post-thumbnail","6":"product_cat-lidmasinas","7":"product_cat-rokas-pistoles-lv","9":"first","10":"instock","11":"taxable","12":"shipping-taxable","13":"purchasable","14":"product-type-simple"},"acf":[],"_links":{"self":[{"href":"https:\/\/kingarms.ee\/lv\/wp-json\/wp\/v2\/product\/147639","targetHints":{"allow":["GET"]}}],"collection":[{"href":"https:\/\/kingarms.ee\/lv\/wp-json\/wp\/v2\/product"}],"about":[{"href":"https:\/\/kingarms.ee\/lv\/wp-json\/wp\/v2\/types\/product"}],"wp:featuredmedia":[{"embeddable":true,"href":"https:\/\/kingarms.ee\/lv\/wp-json\/wp\/v2\/media\/147655"}],"wp:attachment":[{"href":"https:\/\/kingarms.ee\/lv\/wp-json\/wp\/v2\/media?parent=147639"}],"wp:term":[{"taxonomy":"product_brand","embeddable":true,"href":"https:\/\/kingarms.ee\/lv\/wp-json\/wp\/v2\/product_brand?post=147639"},{"taxonomy":"product_cat","embeddable":true,"href":"https:\/\/kingarms.ee\/lv\/wp-json\/wp\/v2\/product_cat?post=147639"},{"taxonomy":"product_tag","embeddable":true,"href":"https:\/\/kingarms.ee\/lv\/wp-json\/wp\/v2\/product_tag?post=147639"}],"curies":[{"name":"wp","href":"https:\/\/api.w.org\/{rel}","templated":true}]}}