{"id":147720,"date":"2025-04-27T11:18:31","date_gmt":"2025-04-27T08:52:01","guid":{"rendered":"https:\/\/kingarms.ee\/product\/diana-pcp-xr-200-pneimatiska-sautene-45-mm\/"},"modified":"2025-08-02T12:25:10","modified_gmt":"2025-08-02T09:25:10","slug":"diana-pcp-xr-200-pneimatiska-sautene-45-mm","status":"publish","type":"product","link":"https:\/\/kingarms.ee\/lv\/product\/diana-pcp-xr-200-pneimatiska-sautene-45-mm\/","title":{"rendered":"Diana PCP XR-200 (pneimatisk\u0101 \u0161autene 4,5 mm)"},"content":{"rendered":"<p><img loading=\"lazy\" decoding=\"async\" class=\"alignnone size-full wp-image-147682\" src=\"https:\/\/kingarms.ee\/wp-content\/uploads\/2025\/04\/diana-pcp-xr-200-wood-4-5mm-air-rifle-de7588679fe04b6a8bd1b71d79c3824a-3a72b746.jpeg\" alt=\"\" width=\"900\" height=\"900\" srcset=\"https:\/\/kingarms.ee\/wp-content\/uploads\/2025\/04\/diana-pcp-xr-200-wood-4-5mm-air-rifle-de7588679fe04b6a8bd1b71d79c3824a-3a72b746.jpeg 900w, https:\/\/kingarms.ee\/wp-content\/uploads\/2025\/04\/diana-pcp-xr-200-wood-4-5mm-air-rifle-de7588679fe04b6a8bd1b71d79c3824a-3a72b746-300x300.jpeg 300w, https:\/\/kingarms.ee\/wp-content\/uploads\/2025\/04\/diana-pcp-xr-200-wood-4-5mm-air-rifle-de7588679fe04b6a8bd1b71d79c3824a-3a72b746-150x150.jpeg 150w, https:\/\/kingarms.ee\/wp-content\/uploads\/2025\/04\/diana-pcp-xr-200-wood-4-5mm-air-rifle-de7588679fe04b6a8bd1b71d79c3824a-3a72b746-768x768.jpeg 768w, https:\/\/kingarms.ee\/wp-content\/uploads\/2025\/04\/diana-pcp-xr-200-wood-4-5mm-air-rifle-de7588679fe04b6a8bd1b71d79c3824a-3a72b746-500x500.jpeg 500w\" sizes=\"auto, (max-width: 900px) 100vw, 900px\" \/><\/p>\n","protected":false},"excerpt":{"rendered":"<p>SPECIFIK\u0100CIJAS Diana PCP XR-200 (pneimatisk\u0101 \u0161autene 4,5 mm)<\/p>\n<p>Iesp\u0113ja uzst\u0101d\u012bt skavu<br \/>\nKalibrs [mm] 4,5 mm<br \/>\nKin\u0113tisk\u0101 ener\u0123ija [J] 16<br \/>\nSalva: j\u0101<br \/>\nSkr\u016bve: ietilp\u012bba [gab.] 14 (2 komplekti)<br \/>\nUzst\u0101d\u012b\u0161ana: optiskais uzskates meh\u0101nisms, stat\u012bva stiprin\u0101jums<br \/>\nMont\u0101\u017eas instrukciju skaits: 2<br \/>\nLodes tips: diabolo<br \/>\nIero\u010du at\u013cauja nav nepiecie\u0161ama<br \/>\nL\u012bnijas tips: 22 mm (picatinny)<br \/>\nSkait\u012bt\u0101ju skaits: 150<br \/>\nBaro\u0161anas avots: PCP (j\u0101izmanto s\u016bknis vai kompresors) pieejams atsevi\u0161\u0137i.<br \/>\nDzelzs garums [mm] 548<br \/>\nKop\u0113jais garums [mm] 1048<br \/>\nSvars [g] 3000<br \/>\nRa\u017eot\u0101js: Diana, V\u0101cija<\/p>\n<p>3.a garantija un BEZMAKSAS apkope 1.a laik\u0101.<\/p>\n","protected":false},"featured_media":147685,"template":"","meta":{"_acf_changed":false},"product_brand":[],"product_cat":[1008],"product_tag":[],"class_list":{"0":"post-147720","1":"product","2":"type-product","3":"status-publish","4":"has-post-thumbnail","6":"product_cat-pcp-hpa","8":"first","9":"instock","10":"sale","11":"taxable","12":"shipping-taxable","13":"purchasable","14":"product-type-simple"},"acf":[],"_links":{"self":[{"href":"https:\/\/kingarms.ee\/lv\/wp-json\/wp\/v2\/product\/147720","targetHints":{"allow":["GET"]}}],"collection":[{"href":"https:\/\/kingarms.ee\/lv\/wp-json\/wp\/v2\/product"}],"about":[{"href":"https:\/\/kingarms.ee\/lv\/wp-json\/wp\/v2\/types\/product"}],"wp:featuredmedia":[{"embeddable":true,"href":"https:\/\/kingarms.ee\/lv\/wp-json\/wp\/v2\/media\/147685"}],"wp:attachment":[{"href":"https:\/\/kingarms.ee\/lv\/wp-json\/wp\/v2\/media?parent=147720"}],"wp:term":[{"taxonomy":"product_brand","embeddable":true,"href":"https:\/\/kingarms.ee\/lv\/wp-json\/wp\/v2\/product_brand?post=147720"},{"taxonomy":"product_cat","embeddable":true,"href":"https:\/\/kingarms.ee\/lv\/wp-json\/wp\/v2\/product_cat?post=147720"},{"taxonomy":"product_tag","embeddable":true,"href":"https:\/\/kingarms.ee\/lv\/wp-json\/wp\/v2\/product_tag?post=147720"}],"curies":[{"name":"wp","href":"https:\/\/api.w.org\/{rel}","templated":true}]}}