{"id":147825,"date":"2025-04-27T12:06:37","date_gmt":"2025-04-27T09:07:50","guid":{"rendered":"https:\/\/kingarms.ee\/product\/pneimatiska-sautene-walther-pcp-rotex-rm8-varmint-uc-45mm-walther-pcp-rotex-rm8-varmint-uc-45mm\/"},"modified":"2025-08-03T14:50:41","modified_gmt":"2025-08-03T11:50:41","slug":"pneimatiska-sautene-walther-pcp-rotex-rm8-varmint-uc-45mm-walther-pcp-rotex-rm8-varmint-uc-45mm","status":"publish","type":"product","link":"https:\/\/kingarms.ee\/lv\/product\/pneimatiska-sautene-walther-pcp-rotex-rm8-varmint-uc-45mm-walther-pcp-rotex-rm8-varmint-uc-45mm\/","title":{"rendered":"Pneimatisk\u0101 \u0161autene Walther PCP Rotex RM8 Varmint UC 4,5mm Walther PCP Rotex RM8 Varmint UC 4,5mm"},"content":{"rendered":"<p><img loading=\"lazy\" decoding=\"async\" class=\"alignnone size-full wp-image-147779\" src=\"https:\/\/kingarms.ee\/wp-content\/uploads\/2025\/04\/walther-pcp-rotex-rm8-varmint-uc-4-5mm-airgun-0592f2ac0c5b44d9bae1e9811ccd6d67-2c02c6ad.jpeg\" alt=\"\" width=\"900\" height=\"900\" srcset=\"https:\/\/kingarms.ee\/wp-content\/uploads\/2025\/04\/walther-pcp-rotex-rm8-varmint-uc-4-5mm-airgun-0592f2ac0c5b44d9bae1e9811ccd6d67-2c02c6ad.jpeg 900w, https:\/\/kingarms.ee\/wp-content\/uploads\/2025\/04\/walther-pcp-rotex-rm8-varmint-uc-4-5mm-airgun-0592f2ac0c5b44d9bae1e9811ccd6d67-2c02c6ad-300x300.jpeg 300w, https:\/\/kingarms.ee\/wp-content\/uploads\/2025\/04\/walther-pcp-rotex-rm8-varmint-uc-4-5mm-airgun-0592f2ac0c5b44d9bae1e9811ccd6d67-2c02c6ad-150x150.jpeg 150w, https:\/\/kingarms.ee\/wp-content\/uploads\/2025\/04\/walther-pcp-rotex-rm8-varmint-uc-4-5mm-airgun-0592f2ac0c5b44d9bae1e9811ccd6d67-2c02c6ad-768x768.jpeg 768w, https:\/\/kingarms.ee\/wp-content\/uploads\/2025\/04\/walther-pcp-rotex-rm8-varmint-uc-4-5mm-airgun-0592f2ac0c5b44d9bae1e9811ccd6d67-2c02c6ad-500x500.jpeg 500w\" sizes=\"auto, (max-width: 900px) 100vw, 900px\" \/><\/p>\n","protected":false},"excerpt":{"rendered":"<p>Pneimatisk\u0101 \u0161autene Walther PCP Rotex RM8 Varmint UC 4,5mm Walther PCP Rotex RM8 Varmint UC 4,5mm<\/p>\n<p>Walther PCP Rotex RM8 Varmint UC 4,5 mm pneimatisk\u0101 \u0161autene ir m\u016bsdien\u012bga PCP karab\u012bne, kur\u0101 izmantots polim\u0113ra \u0161autenes ar \u012bk\u0161\u0137a caurumu, prec\u012bzs Lothar Walther stobrs ar \u0101r\u0113jo v\u012btni un 200 kubikmetru patronu, kas \u013cauj iz\u0161aut l\u012bdz 180 patron\u0101m. UC (Ultra Compact) karab\u012bnes versijai ir \u012bs\u0101ka caurule un efekt\u012bvs K3 NEO klusin\u0101t\u0101js.<\/p>\n<p>TEHNISKIE DATI:<br \/>\nPrecizit\u0101te<br \/>\nKalibrs [mm] 4,5 mm<br \/>\nSalva j\u0101<br \/>\nSalvas jauda [gab.] 8<br \/>\nMutes \u0101trums [m\/s] 310<br \/>\nEnkuru skaits 2<br \/>\nLodes tips: diabolo<br \/>\nIero\u010du at\u013cauja nav nepiecie\u0161ama<br \/>\nL\u012bnijas tips: 22 mm (picatinny) \/ 11 mm (ar jostu)<br \/>\nAizsardz\u012bbas pas\u0101kumu skaits: 1<br \/>\nSkait\u012bt\u0101ju skaits: 110<br \/>\nEner\u0123ijas avots: PCP<br \/>\nKr\u0101sa: melna<br \/>\nStie\u0146a garums [mm] 340<br \/>\nKop\u0113jais garums [mm] 810<br \/>\nSvars [g] 3750<br \/>\nGarantijas termi\u0146\u0161: 36 m\u0113ne\u0161i un 12 m\u0113ne\u0161i BEZMAKSAS apkopes<br \/>\nRa\u017eot\u0101js: Walther\/Umarex, V\u0101cija<\/p>\n","protected":false},"featured_media":147782,"template":"","meta":{"_acf_changed":false},"product_brand":[],"product_cat":[1008],"product_tag":[],"class_list":{"0":"post-147825","1":"product","2":"type-product","3":"status-publish","4":"has-post-thumbnail","6":"product_cat-pcp-hpa","8":"first","9":"instock","10":"sale","11":"taxable","12":"shipping-taxable","13":"purchasable","14":"product-type-simple"},"acf":[],"_links":{"self":[{"href":"https:\/\/kingarms.ee\/lv\/wp-json\/wp\/v2\/product\/147825","targetHints":{"allow":["GET"]}}],"collection":[{"href":"https:\/\/kingarms.ee\/lv\/wp-json\/wp\/v2\/product"}],"about":[{"href":"https:\/\/kingarms.ee\/lv\/wp-json\/wp\/v2\/types\/product"}],"wp:featuredmedia":[{"embeddable":true,"href":"https:\/\/kingarms.ee\/lv\/wp-json\/wp\/v2\/media\/147782"}],"wp:attachment":[{"href":"https:\/\/kingarms.ee\/lv\/wp-json\/wp\/v2\/media?parent=147825"}],"wp:term":[{"taxonomy":"product_brand","embeddable":true,"href":"https:\/\/kingarms.ee\/lv\/wp-json\/wp\/v2\/product_brand?post=147825"},{"taxonomy":"product_cat","embeddable":true,"href":"https:\/\/kingarms.ee\/lv\/wp-json\/wp\/v2\/product_cat?post=147825"},{"taxonomy":"product_tag","embeddable":true,"href":"https:\/\/kingarms.ee\/lv\/wp-json\/wp\/v2\/product_tag?post=147825"}],"curies":[{"name":"wp","href":"https:\/\/api.w.org\/{rel}","templated":true}]}}