{"id":147878,"date":"2025-04-27T12:14:51","date_gmt":"2025-04-27T09:17:10","guid":{"rendered":"https:\/\/kingarms.ee\/product\/pneimatiska-sautene-optima-invader-auto-fde-4-5mm-pcp\/"},"modified":"2025-08-02T19:37:13","modified_gmt":"2025-08-02T16:37:13","slug":"pneimatiska-sautene-optima-invader-auto-fde-4-5mm-pcp","status":"publish","type":"product","link":"https:\/\/kingarms.ee\/lv\/product\/pneimatiska-sautene-optima-invader-auto-fde-4-5mm-pcp\/","title":{"rendered":"Pneimatisk\u0101 \u0161autene Optima Invader auto FDE 4.5mm PCP"},"content":{"rendered":"<p><img loading=\"lazy\" decoding=\"async\" class=\"alignnone size-full wp-image-147827\" src=\"https:\/\/kingarms.ee\/wp-content\/uploads\/2025\/04\/optima-invader-auto-fde-4-5mm-pcp-air-gun-0eac689f55224f16befeafe1456fba5c-92a4483f.jpeg\" alt=\"\" width=\"900\" height=\"900\" srcset=\"https:\/\/kingarms.ee\/wp-content\/uploads\/2025\/04\/optima-invader-auto-fde-4-5mm-pcp-air-gun-0eac689f55224f16befeafe1456fba5c-92a4483f.jpeg 900w, https:\/\/kingarms.ee\/wp-content\/uploads\/2025\/04\/optima-invader-auto-fde-4-5mm-pcp-air-gun-0eac689f55224f16befeafe1456fba5c-92a4483f-300x300.jpeg 300w, https:\/\/kingarms.ee\/wp-content\/uploads\/2025\/04\/optima-invader-auto-fde-4-5mm-pcp-air-gun-0eac689f55224f16befeafe1456fba5c-92a4483f-150x150.jpeg 150w, https:\/\/kingarms.ee\/wp-content\/uploads\/2025\/04\/optima-invader-auto-fde-4-5mm-pcp-air-gun-0eac689f55224f16befeafe1456fba5c-92a4483f-768x768.jpeg 768w, https:\/\/kingarms.ee\/wp-content\/uploads\/2025\/04\/optima-invader-auto-fde-4-5mm-pcp-air-gun-0eac689f55224f16befeafe1456fba5c-92a4483f-500x500.jpeg 500w\" sizes=\"auto, (max-width: 900px) 100vw, 900px\" \/><\/p>\n","protected":false},"excerpt":{"rendered":"<p>Pneimatisk\u0101 \u0161autene Optima Invader auto FDE 4.5mm PCP<\/p>\n<p>Optima Invader auto FDE 4,5 mm PCP pneimatisk\u0101 \u0161autene ir pusautom\u0101tiska PCP karab\u012bne ar prec\u012bzi apstr\u0101d\u0101tu gludekli un taktisko n\u016bjas atloku ar regul\u0113jamu k\u0101jstarpi un vaigu pl\u0101ksni. Kaba ir pieejama milit\u0101raj\u0101 kr\u0101su gamm\u0101 &#8211; vienkr\u0101sain\u0101 tum\u0161zem\u0113. No karab\u012bnes iz\u0161auts \u0161\u0101viens sasniedz \u0101trumu l\u012bdz 330 m\/s.<\/p>\n<p>TEHNISKIE DATI:<br \/>\nPrecizit\u0101te<br \/>\nKalibrs [mm] 4,5 mm<br \/>\nSalva j\u0101<br \/>\nGl\u0101b\u0161anas jauda [gab.] 14<br \/>\nPielikumi: l\u0101zera maci\u0146\u0161, optiskais t\u0101lm\u0113ris, luktur\u012btis, stat\u012bva stiprin\u0101jums<br \/>\nNolai\u0161an\u0101s \u0101trums [m\/s] 330<br \/>\nUzst\u0101d\u012bjumu skaits 4<br \/>\nLodes tips: diabolo<br \/>\nAt\u013cauja nav vajadz\u012bga<br \/>\nL\u012bnijas tips: 22 mm (picatinny)<br \/>\nApr\u0113\u0137inu skaits 50<br \/>\nEner\u0123ijas avots: PCP<br \/>\nKr\u0101sa: br\u016bna<br \/>\nDzelzs garums [mm] 500<br \/>\nKop\u0113jais garums [mm] 1030<br \/>\nSvars [g] 3700<br \/>\nRa\u017eot\u0101js: Optima by Hatsan, Turcija<\/p>\n","protected":false},"featured_media":147830,"template":"","meta":{"_acf_changed":false},"product_brand":[],"product_cat":[1008],"product_tag":[],"class_list":{"0":"post-147878","1":"product","2":"type-product","3":"status-publish","4":"has-post-thumbnail","6":"product_cat-pcp-hpa","8":"first","9":"instock","10":"sale","11":"taxable","12":"shipping-taxable","13":"purchasable","14":"product-type-simple"},"acf":[],"_links":{"self":[{"href":"https:\/\/kingarms.ee\/lv\/wp-json\/wp\/v2\/product\/147878","targetHints":{"allow":["GET"]}}],"collection":[{"href":"https:\/\/kingarms.ee\/lv\/wp-json\/wp\/v2\/product"}],"about":[{"href":"https:\/\/kingarms.ee\/lv\/wp-json\/wp\/v2\/types\/product"}],"wp:featuredmedia":[{"embeddable":true,"href":"https:\/\/kingarms.ee\/lv\/wp-json\/wp\/v2\/media\/147830"}],"wp:attachment":[{"href":"https:\/\/kingarms.ee\/lv\/wp-json\/wp\/v2\/media?parent=147878"}],"wp:term":[{"taxonomy":"product_brand","embeddable":true,"href":"https:\/\/kingarms.ee\/lv\/wp-json\/wp\/v2\/product_brand?post=147878"},{"taxonomy":"product_cat","embeddable":true,"href":"https:\/\/kingarms.ee\/lv\/wp-json\/wp\/v2\/product_cat?post=147878"},{"taxonomy":"product_tag","embeddable":true,"href":"https:\/\/kingarms.ee\/lv\/wp-json\/wp\/v2\/product_tag?post=147878"}],"curies":[{"name":"wp","href":"https:\/\/api.w.org\/{rel}","templated":true}]}}