{"id":147968,"date":"2025-04-27T12:28:49","date_gmt":"2025-04-27T09:29:30","guid":{"rendered":"https:\/\/kingarms.ee\/product\/pneimatiska-sautene-optima-hatsan-barrage-w-45-mm-pcp\/"},"modified":"2025-08-02T12:21:23","modified_gmt":"2025-08-02T09:21:23","slug":"pneimatiska-sautene-optima-hatsan-barrage-w-45-mm-pcp","status":"publish","type":"product","link":"https:\/\/kingarms.ee\/lv\/product\/pneimatiska-sautene-optima-hatsan-barrage-w-45-mm-pcp\/","title":{"rendered":"Pneimatisk\u0101 \u0161autene Optima Hatsan Barrage-W 4,5 mm PCP"},"content":{"rendered":"<p><img loading=\"lazy\" decoding=\"async\" class=\"alignnone size-full wp-image-147929\" src=\"https:\/\/kingarms.ee\/wp-content\/uploads\/2025\/04\/wiatrowka-pcp-optima-by-hatsan-barrage-w-4-5-mm-0b3970423f5e473fb82648ef4f2364ea-7b16d1da.jpeg\" alt=\"\" width=\"900\" height=\"900\" srcset=\"https:\/\/kingarms.ee\/wp-content\/uploads\/2025\/04\/wiatrowka-pcp-optima-by-hatsan-barrage-w-4-5-mm-0b3970423f5e473fb82648ef4f2364ea-7b16d1da.jpeg 900w, https:\/\/kingarms.ee\/wp-content\/uploads\/2025\/04\/wiatrowka-pcp-optima-by-hatsan-barrage-w-4-5-mm-0b3970423f5e473fb82648ef4f2364ea-7b16d1da-300x300.jpeg 300w, https:\/\/kingarms.ee\/wp-content\/uploads\/2025\/04\/wiatrowka-pcp-optima-by-hatsan-barrage-w-4-5-mm-0b3970423f5e473fb82648ef4f2364ea-7b16d1da-150x150.jpeg 150w, https:\/\/kingarms.ee\/wp-content\/uploads\/2025\/04\/wiatrowka-pcp-optima-by-hatsan-barrage-w-4-5-mm-0b3970423f5e473fb82648ef4f2364ea-7b16d1da-768x768.jpeg 768w, https:\/\/kingarms.ee\/wp-content\/uploads\/2025\/04\/wiatrowka-pcp-optima-by-hatsan-barrage-w-4-5-mm-0b3970423f5e473fb82648ef4f2364ea-7b16d1da-500x500.jpeg 500w\" sizes=\"auto, (max-width: 900px) 100vw, 900px\" \/><\/p>\n","protected":false},"excerpt":{"rendered":"<p>Pneimatisk\u0101 \u0161autene Optima Hatsan Barrage-W 4,5 mm PCP<\/p>\n<p>TEHNISKIE DATI:<br \/>\nPrecizit\u0101te<br \/>\nKalibrs [mm] 4,5 mm<br \/>\nSalva j\u0101<br \/>\nPapl\u0101tes ietilp\u012bba [gab.] 14<br \/>\nOptisk\u0101 redzesloka uzst\u0101d\u012b\u0161ana<br \/>\nNolai\u0161an\u0101s \u0101trums [m\/s] 295<br \/>\nMont\u0101\u017eas numurs 2<br \/>\nBullet tipa diabolo<br \/>\nIero\u010du at\u013cauja nav nepiecie\u0161ama<br \/>\nTapas tips 22 mm (picatinny) \/ 11 mm (dovetail)<br \/>\nIzkr\u0101vumu skaits 56<br \/>\nBaro\u0161anas avots PCP<br \/>\nBr\u016bna kr\u0101sa<br \/>\nDzelzs garums [mm] 500<br \/>\nKop\u0113jais garums [mm] 1035<br \/>\nSvars [g] 2990<br \/>\nRa\u017eot\u0101js Optima by Hatsan, Turcija<\/p>\n","protected":false},"featured_media":147932,"template":"","meta":{"_acf_changed":false},"product_brand":[],"product_cat":[1008],"product_tag":[],"class_list":{"0":"post-147968","1":"product","2":"type-product","3":"status-publish","4":"has-post-thumbnail","6":"product_cat-pcp-hpa","8":"first","9":"instock","10":"sale","11":"taxable","12":"shipping-taxable","13":"purchasable","14":"product-type-simple"},"acf":[],"_links":{"self":[{"href":"https:\/\/kingarms.ee\/lv\/wp-json\/wp\/v2\/product\/147968","targetHints":{"allow":["GET"]}}],"collection":[{"href":"https:\/\/kingarms.ee\/lv\/wp-json\/wp\/v2\/product"}],"about":[{"href":"https:\/\/kingarms.ee\/lv\/wp-json\/wp\/v2\/types\/product"}],"wp:featuredmedia":[{"embeddable":true,"href":"https:\/\/kingarms.ee\/lv\/wp-json\/wp\/v2\/media\/147932"}],"wp:attachment":[{"href":"https:\/\/kingarms.ee\/lv\/wp-json\/wp\/v2\/media?parent=147968"}],"wp:term":[{"taxonomy":"product_brand","embeddable":true,"href":"https:\/\/kingarms.ee\/lv\/wp-json\/wp\/v2\/product_brand?post=147968"},{"taxonomy":"product_cat","embeddable":true,"href":"https:\/\/kingarms.ee\/lv\/wp-json\/wp\/v2\/product_cat?post=147968"},{"taxonomy":"product_tag","embeddable":true,"href":"https:\/\/kingarms.ee\/lv\/wp-json\/wp\/v2\/product_tag?post=147968"}],"curies":[{"name":"wp","href":"https:\/\/api.w.org\/{rel}","templated":true}]}}