{"id":147999,"date":"2025-04-27T12:34:17","date_gmt":"2025-04-27T09:35:05","guid":{"rendered":"https:\/\/kingarms.ee\/product\/pneimatiska-sautene-walther-pcp-reign-m2v-4-5mm\/"},"modified":"2025-08-02T19:35:46","modified_gmt":"2025-08-02T16:35:46","slug":"pneimatiska-sautene-walther-pcp-reign-m2v-4-5mm","status":"publish","type":"product","link":"https:\/\/kingarms.ee\/lv\/product\/pneimatiska-sautene-walther-pcp-reign-m2v-4-5mm\/","title":{"rendered":"Pneimatisk\u0101 \u0161autene Walther PCP Reign M2V 4.5mm"},"content":{"rendered":"<p><img loading=\"lazy\" decoding=\"async\" class=\"alignnone size-full wp-image-147973\" src=\"https:\/\/kingarms.ee\/wp-content\/uploads\/2025\/04\/walther-pcp-reign-m2v-4-5mm-airgun-4fd3b8141f544af1810e837c61b88699-85ff4e32.jpeg\" alt=\"\" width=\"900\" height=\"900\" srcset=\"https:\/\/kingarms.ee\/wp-content\/uploads\/2025\/04\/walther-pcp-reign-m2v-4-5mm-airgun-4fd3b8141f544af1810e837c61b88699-85ff4e32.jpeg 900w, https:\/\/kingarms.ee\/wp-content\/uploads\/2025\/04\/walther-pcp-reign-m2v-4-5mm-airgun-4fd3b8141f544af1810e837c61b88699-85ff4e32-300x300.jpeg 300w, https:\/\/kingarms.ee\/wp-content\/uploads\/2025\/04\/walther-pcp-reign-m2v-4-5mm-airgun-4fd3b8141f544af1810e837c61b88699-85ff4e32-150x150.jpeg 150w, https:\/\/kingarms.ee\/wp-content\/uploads\/2025\/04\/walther-pcp-reign-m2v-4-5mm-airgun-4fd3b8141f544af1810e837c61b88699-85ff4e32-768x768.jpeg 768w, https:\/\/kingarms.ee\/wp-content\/uploads\/2025\/04\/walther-pcp-reign-m2v-4-5mm-airgun-4fd3b8141f544af1810e837c61b88699-85ff4e32-500x500.jpeg 500w\" sizes=\"auto, (max-width: 900px) 100vw, 900px\" \/><\/p>\n","protected":false},"excerpt":{"rendered":"<p>Pneimatisk\u0101 \u0161autene Walther PCP Reign M2V 4.5mm<\/p>\n<p>Walther Reign M2 V 4,5 mm ir saliekam\u0101 bullpup PCP pneimatisk\u0101 \u0161autene, kas apr\u012bkota ar polim\u0113ra gultni, prec\u012bzu izpl\u016bdes sl\u0101p\u0113t\u0101ju, regul\u0113jamu spr\u016bda meh\u0101nismu un efekt\u012bvu g\u0101zes sist\u0113mu.<\/p>\n<p>TEHNISKIE DATI:<br \/>\nPrecizit\u0101te<br \/>\nKalibrs [mm] 4,5 mm<br \/>\nKin\u0113tisk\u0101 ener\u0123ija [J] 16<br \/>\nSalva j\u0101<br \/>\nPapl\u0101tes ietilp\u012bba [gab.] 11<br \/>\nUzst\u0101d\u012b\u0161ana: optiskais uzskates meh\u0101nisms, stat\u012bva stiprin\u0101jums<br \/>\nNolai\u0161an\u0101s \u0101trums [m\/s] 250<br \/>\nMont\u0101\u017eas instrukciju skaits: 2<br \/>\nLodes tips: diabolo<br \/>\nAt\u013cauja nav vajadz\u012bga<br \/>\nL\u012bnijas tips: 22 mm (picatinny)<br \/>\nApr\u0113\u0137inu skaits: 140<br \/>\nEner\u0123ijas avots: PCP<br \/>\nDzelzs garums [mm] 500<br \/>\nKop\u0113jais garums [mm] 665<br \/>\nSvars [g] 2900<br \/>\nRa\u017eot\u0101js: Walther\/Umarex, V\u0101cija<\/p>\n","protected":false},"featured_media":147976,"template":"","meta":{"_acf_changed":false},"product_brand":[],"product_cat":[1008],"product_tag":[],"class_list":{"0":"post-147999","1":"product","2":"type-product","3":"status-publish","4":"has-post-thumbnail","6":"product_cat-pcp-hpa","8":"first","9":"instock","10":"sale","11":"taxable","12":"shipping-taxable","13":"purchasable","14":"product-type-simple"},"acf":[],"_links":{"self":[{"href":"https:\/\/kingarms.ee\/lv\/wp-json\/wp\/v2\/product\/147999","targetHints":{"allow":["GET"]}}],"collection":[{"href":"https:\/\/kingarms.ee\/lv\/wp-json\/wp\/v2\/product"}],"about":[{"href":"https:\/\/kingarms.ee\/lv\/wp-json\/wp\/v2\/types\/product"}],"wp:featuredmedia":[{"embeddable":true,"href":"https:\/\/kingarms.ee\/lv\/wp-json\/wp\/v2\/media\/147976"}],"wp:attachment":[{"href":"https:\/\/kingarms.ee\/lv\/wp-json\/wp\/v2\/media?parent=147999"}],"wp:term":[{"taxonomy":"product_brand","embeddable":true,"href":"https:\/\/kingarms.ee\/lv\/wp-json\/wp\/v2\/product_brand?post=147999"},{"taxonomy":"product_cat","embeddable":true,"href":"https:\/\/kingarms.ee\/lv\/wp-json\/wp\/v2\/product_cat?post=147999"},{"taxonomy":"product_tag","embeddable":true,"href":"https:\/\/kingarms.ee\/lv\/wp-json\/wp\/v2\/product_tag?post=147999"}],"curies":[{"name":"wp","href":"https:\/\/api.w.org\/{rel}","templated":true}]}}