{"id":148054,"date":"2025-04-27T12:41:49","date_gmt":"2025-04-27T09:43:17","guid":{"rendered":"https:\/\/kingarms.ee\/product\/pneimatiska-sautene-hatsan-galatian-i-cal-45-mm-pcp\/"},"modified":"2025-08-02T12:19:51","modified_gmt":"2025-08-02T09:19:51","slug":"pneimatiska-sautene-hatsan-galatian-i-cal-45-mm-pcp","status":"publish","type":"product","link":"https:\/\/kingarms.ee\/lv\/product\/pneimatiska-sautene-hatsan-galatian-i-cal-45-mm-pcp\/","title":{"rendered":"Pneimatisk\u0101 \u0161autene Hatsan Galatian I cal. 4,5 mm PCP"},"content":{"rendered":"<p><img loading=\"lazy\" decoding=\"async\" class=\"alignnone size-full wp-image-148004\" src=\"https:\/\/kingarms.ee\/wp-content\/uploads\/2025\/04\/airgun-hatsan-galatian-i-kal-4-5-mm-9bdebf3eb15e44349f65c273f8212dc5-b262b58e.jpeg\" alt=\"\" width=\"900\" height=\"900\" srcset=\"https:\/\/kingarms.ee\/wp-content\/uploads\/2025\/04\/airgun-hatsan-galatian-i-kal-4-5-mm-9bdebf3eb15e44349f65c273f8212dc5-b262b58e.jpeg 900w, https:\/\/kingarms.ee\/wp-content\/uploads\/2025\/04\/airgun-hatsan-galatian-i-kal-4-5-mm-9bdebf3eb15e44349f65c273f8212dc5-b262b58e-300x300.jpeg 300w, https:\/\/kingarms.ee\/wp-content\/uploads\/2025\/04\/airgun-hatsan-galatian-i-kal-4-5-mm-9bdebf3eb15e44349f65c273f8212dc5-b262b58e-150x150.jpeg 150w, https:\/\/kingarms.ee\/wp-content\/uploads\/2025\/04\/airgun-hatsan-galatian-i-kal-4-5-mm-9bdebf3eb15e44349f65c273f8212dc5-b262b58e-768x768.jpeg 768w, https:\/\/kingarms.ee\/wp-content\/uploads\/2025\/04\/airgun-hatsan-galatian-i-kal-4-5-mm-9bdebf3eb15e44349f65c273f8212dc5-b262b58e-500x500.jpeg 500w\" sizes=\"auto, (max-width: 900px) 100vw, 900px\" \/><\/p>\n","protected":false},"excerpt":{"rendered":"<p>Pneimatisk\u0101 \u0161autene Hatsan Galatian I cal. 4,5 mm PCP (ar \u012bk\u0161\u0137a caurumu) versija ir m\u016bsdien\u012bga un prec\u012bzi izstr\u0101d\u0101ta PCP (iepriek\u0161 uzpild\u012bta pneimatisk\u0101) pneimatisk\u0101 \u0161autene ar vair\u0101kiem \u0161\u0101vieniem (16-14 vai 13 \u0161\u0101vieniem atkar\u012bb\u0101 no kalibra) un iespaid\u012bgu \u0161au\u0161anas jaudu.<\/p>\n<p>Precizit\u0101te<br \/>\nKalibrs [mm] 4,5 mm<br \/>\n\u0160au\u0161anas re\u017e\u012bms: viens \u0161\u0101viens<br \/>\nSalva: j\u0101<br \/>\nPapl\u0101tes ietilp\u012bba [gab.] 16<br \/>\nNolai\u0161an\u0101s \u0101trums [m\/s] 250<br \/>\nEnkuru skaits: 2<br \/>\nLodes tips: diabolo<br \/>\nIero\u010du at\u013cauja nav nepiecie\u0161ama<br \/>\nL\u012bnijas tips: 22 mm (picatinny) \/ 11 mm (dovetail)<br \/>\nEner\u0123ijas avots: PCP<br \/>\nKr\u0101sa: br\u016bna<br \/>\nStie\u0146a garums [cm] 58,5<br \/>\nKop\u0113jais garums [cm] 107,5<br \/>\nSvars [g] 4000<br \/>\nRa\u017eot\u0101js: Optima by Hatsan, Turcija<\/p>\n","protected":false},"featured_media":148007,"template":"","meta":{"_acf_changed":false},"product_brand":[],"product_cat":[1008],"product_tag":[],"class_list":{"0":"post-148054","1":"product","2":"type-product","3":"status-publish","4":"has-post-thumbnail","6":"product_cat-pcp-hpa","8":"first","9":"instock","10":"sale","11":"taxable","12":"shipping-taxable","13":"purchasable","14":"product-type-simple"},"acf":[],"_links":{"self":[{"href":"https:\/\/kingarms.ee\/lv\/wp-json\/wp\/v2\/product\/148054","targetHints":{"allow":["GET"]}}],"collection":[{"href":"https:\/\/kingarms.ee\/lv\/wp-json\/wp\/v2\/product"}],"about":[{"href":"https:\/\/kingarms.ee\/lv\/wp-json\/wp\/v2\/types\/product"}],"wp:featuredmedia":[{"embeddable":true,"href":"https:\/\/kingarms.ee\/lv\/wp-json\/wp\/v2\/media\/148007"}],"wp:attachment":[{"href":"https:\/\/kingarms.ee\/lv\/wp-json\/wp\/v2\/media?parent=148054"}],"wp:term":[{"taxonomy":"product_brand","embeddable":true,"href":"https:\/\/kingarms.ee\/lv\/wp-json\/wp\/v2\/product_brand?post=148054"},{"taxonomy":"product_cat","embeddable":true,"href":"https:\/\/kingarms.ee\/lv\/wp-json\/wp\/v2\/product_cat?post=148054"},{"taxonomy":"product_tag","embeddable":true,"href":"https:\/\/kingarms.ee\/lv\/wp-json\/wp\/v2\/product_tag?post=148054"}],"curies":[{"name":"wp","href":"https:\/\/api.w.org\/{rel}","templated":true}]}}