{"id":148092,"date":"2025-04-27T12:49:03","date_gmt":"2025-04-27T09:50:38","guid":{"rendered":"https:\/\/kingarms.ee\/product\/pneimatiska-sautene-walther-rotex-rm8-45-mm\/"},"modified":"2025-08-02T12:19:07","modified_gmt":"2025-08-02T09:19:07","slug":"pneimatiska-sautene-walther-rotex-rm8-45-mm","status":"publish","type":"product","link":"https:\/\/kingarms.ee\/lv\/product\/pneimatiska-sautene-walther-rotex-rm8-45-mm\/","title":{"rendered":"Pneimatisk\u0101 \u0161autene Walther Rotex RM8 4,5 mm"},"content":{"rendered":"<p><img loading=\"lazy\" decoding=\"async\" class=\"alignnone size-full wp-image-148058\" src=\"https:\/\/kingarms.ee\/wp-content\/uploads\/2025\/04\/airgun-walther-rotex-rm8-4-5-mm-81a80d85fb23427db4ddb6ab999e54c3-1af53ebd.jpeg\" alt=\"\" width=\"900\" height=\"900\" srcset=\"https:\/\/kingarms.ee\/wp-content\/uploads\/2025\/04\/airgun-walther-rotex-rm8-4-5-mm-81a80d85fb23427db4ddb6ab999e54c3-1af53ebd.jpeg 900w, https:\/\/kingarms.ee\/wp-content\/uploads\/2025\/04\/airgun-walther-rotex-rm8-4-5-mm-81a80d85fb23427db4ddb6ab999e54c3-1af53ebd-300x300.jpeg 300w, https:\/\/kingarms.ee\/wp-content\/uploads\/2025\/04\/airgun-walther-rotex-rm8-4-5-mm-81a80d85fb23427db4ddb6ab999e54c3-1af53ebd-150x150.jpeg 150w, https:\/\/kingarms.ee\/wp-content\/uploads\/2025\/04\/airgun-walther-rotex-rm8-4-5-mm-81a80d85fb23427db4ddb6ab999e54c3-1af53ebd-768x768.jpeg 768w, https:\/\/kingarms.ee\/wp-content\/uploads\/2025\/04\/airgun-walther-rotex-rm8-4-5-mm-81a80d85fb23427db4ddb6ab999e54c3-1af53ebd-500x500.jpeg 500w\" sizes=\"auto, (max-width: 900px) 100vw, 900px\" \/><\/p>\n","protected":false},"excerpt":{"rendered":"<p>Walther Rotex RM8 4,5 mm pneimatisk\u0101 \u0161autene ir izv\u0113le tiem, kas mekl\u0113 prec\u012bzu pneimatisko \u0161auteni, vienlaikus nov\u0113rt\u0113jot izsmalcin\u0101tu dizainu.<\/p>\n<p>TEHNISKIE DATI:<\/p>\n<p>Kalibrs [mm] 4,5 mm<br \/>\nKin\u0113tisk\u0101 ener\u0123ija [J] maz\u0101ka par 17<br \/>\nPapl\u0101tes ietilp\u012bba [gab.] 8<br \/>\nMutes \u0101trums [m\/s] 240<br \/>\nLodes tips: diabolo<br \/>\nSliedes tips: 11 mm (d\u012bbelis)<br \/>\nSkait\u012bt\u0101ju skaits: 110<br \/>\nEner\u0123ijas avots: PCP<br \/>\nKr\u0101sa: br\u016bna<br \/>\nDzelzs garums [mm] 500<br \/>\nKop\u0113jais garums [mm] 950<br \/>\nSvars [g] 3610<br \/>\nGarantijas termi\u0146\u0161: 36 m\u0113ne\u0161i un 12 m\u0113ne\u0161u BEZMAKSAS apkope.<br \/>\nRa\u017eot\u0101js: Walther\/Umarex, V\u0101cija<\/p>\n","protected":false},"featured_media":148061,"template":"","meta":{"_acf_changed":false},"product_brand":[],"product_cat":[1008],"product_tag":[],"class_list":{"0":"post-148092","1":"product","2":"type-product","3":"status-publish","4":"has-post-thumbnail","6":"product_cat-pcp-hpa","8":"first","9":"instock","10":"sale","11":"taxable","12":"shipping-taxable","13":"purchasable","14":"product-type-simple"},"acf":[],"_links":{"self":[{"href":"https:\/\/kingarms.ee\/lv\/wp-json\/wp\/v2\/product\/148092","targetHints":{"allow":["GET"]}}],"collection":[{"href":"https:\/\/kingarms.ee\/lv\/wp-json\/wp\/v2\/product"}],"about":[{"href":"https:\/\/kingarms.ee\/lv\/wp-json\/wp\/v2\/types\/product"}],"wp:featuredmedia":[{"embeddable":true,"href":"https:\/\/kingarms.ee\/lv\/wp-json\/wp\/v2\/media\/148061"}],"wp:attachment":[{"href":"https:\/\/kingarms.ee\/lv\/wp-json\/wp\/v2\/media?parent=148092"}],"wp:term":[{"taxonomy":"product_brand","embeddable":true,"href":"https:\/\/kingarms.ee\/lv\/wp-json\/wp\/v2\/product_brand?post=148092"},{"taxonomy":"product_cat","embeddable":true,"href":"https:\/\/kingarms.ee\/lv\/wp-json\/wp\/v2\/product_cat?post=148092"},{"taxonomy":"product_tag","embeddable":true,"href":"https:\/\/kingarms.ee\/lv\/wp-json\/wp\/v2\/product_tag?post=148092"}],"curies":[{"name":"wp","href":"https:\/\/api.w.org\/{rel}","templated":true}]}}