{"id":148205,"date":"2025-04-27T13:00:15","date_gmt":"2025-04-27T10:01:11","guid":{"rendered":"https:\/\/kingarms.ee\/product\/gaisa-sautene-optima-tac-boss-4-5mm-windsock\/"},"modified":"2025-08-02T18:43:25","modified_gmt":"2025-08-02T15:43:25","slug":"gaisa-sautene-optima-tac-boss-4-5mm-windsock","status":"publish","type":"product","link":"https:\/\/kingarms.ee\/lv\/product\/gaisa-sautene-optima-tac-boss-4-5mm-windsock\/","title":{"rendered":"Gaisa \u0161autene Optima Tac Boss 4.5mm Windsock"},"content":{"rendered":"<p><img loading=\"lazy\" decoding=\"async\" class=\"alignnone size-full wp-image-148148\" src=\"https:\/\/kingarms.ee\/wp-content\/uploads\/2025\/04\/optima-tac-boss-4-5mm-windsock-ea02824b450c43afad28acc353836c76-c18f7036.jpeg\" alt=\"\" width=\"900\" height=\"900\" srcset=\"https:\/\/kingarms.ee\/wp-content\/uploads\/2025\/04\/optima-tac-boss-4-5mm-windsock-ea02824b450c43afad28acc353836c76-c18f7036.jpeg 900w, https:\/\/kingarms.ee\/wp-content\/uploads\/2025\/04\/optima-tac-boss-4-5mm-windsock-ea02824b450c43afad28acc353836c76-c18f7036-300x300.jpeg 300w, https:\/\/kingarms.ee\/wp-content\/uploads\/2025\/04\/optima-tac-boss-4-5mm-windsock-ea02824b450c43afad28acc353836c76-c18f7036-150x150.jpeg 150w, https:\/\/kingarms.ee\/wp-content\/uploads\/2025\/04\/optima-tac-boss-4-5mm-windsock-ea02824b450c43afad28acc353836c76-c18f7036-768x768.jpeg 768w, https:\/\/kingarms.ee\/wp-content\/uploads\/2025\/04\/optima-tac-boss-4-5mm-windsock-ea02824b450c43afad28acc353836c76-c18f7036-500x500.jpeg 500w\" sizes=\"auto, (max-width: 900px) 100vw, 900px\" \/><\/p>\n","protected":false},"excerpt":{"rendered":"<p>Gaisa \u0161autene Optima Tac Boss 4.5mm Windsock<\/p>\n<p>Hatsan Optima Tac Boss 4,5 mm pneimatisk\u0101 \u0161autene ir moderna PCP pneimatisk\u0101 \u0161autene, kas pie\u0161\u0137ir jaunu noz\u012bmi daudzpus\u012bbai un \u0113rtai lieto\u0161anai. \u0160\u012b pneimatisk\u0101 \u0161autene ir izstr\u0101d\u0101ta pras\u012bgiem \u0161\u0101v\u0113jiem, kuri sagaida uzticam\u012bbu, precizit\u0101ti un piln\u012bgu piel\u0101gojam\u012bbu. T\u0101s modul\u0101rais dizains, regul\u0113jam\u0101 spiediena sist\u0113ma un \u0113rtais taktiskais apr\u012bkojums padara Tac Boss ide\u0101li piem\u0113rotu gan atp\u016btas, gan profesion\u0101lai prec\u012bzai \u0161au\u0161anai.<\/p>\n<p>TEHNISKIE DATI:<\/p>\n<p>Precizit\u0101te<br \/>\nKalibrs [mm] 4,5 mm<br \/>\nSalva: j\u0101<br \/>\nPapl\u0101tes ietilp\u012bba [gab.] 18<br \/>\nEnkuru skaits: 4<br \/>\nIzdedzes \u0101trums 310 ms<br \/>\nLodes tips: diabolo<br \/>\nAt\u013cauja nav vajadz\u012bga<br \/>\nL\u012bnijas tips: 22 mm (picatinny)<br \/>\nAizsardz\u012bbas pas\u0101kumu skaits: 1<br \/>\nApr\u0113\u0137inu skaits: 140<br \/>\nEner\u0123ijas avots: PCP<br \/>\nStie\u0146a garums: [mm] 520<br \/>\nKop\u0113jais garums: [mm] 1040<br \/>\nSvars: [g] 3600<br \/>\nRa\u017eot\u0101js: Optima by Hatsan, Turcija<\/p>\n","protected":false},"featured_media":148151,"template":"","meta":{"_acf_changed":false},"product_brand":[],"product_cat":[1008],"product_tag":[],"class_list":{"0":"post-148205","1":"product","2":"type-product","3":"status-publish","4":"has-post-thumbnail","6":"product_cat-pcp-hpa","8":"first","9":"instock","10":"taxable","11":"shipping-taxable","12":"purchasable","13":"product-type-simple"},"acf":[],"_links":{"self":[{"href":"https:\/\/kingarms.ee\/lv\/wp-json\/wp\/v2\/product\/148205","targetHints":{"allow":["GET"]}}],"collection":[{"href":"https:\/\/kingarms.ee\/lv\/wp-json\/wp\/v2\/product"}],"about":[{"href":"https:\/\/kingarms.ee\/lv\/wp-json\/wp\/v2\/types\/product"}],"wp:featuredmedia":[{"embeddable":true,"href":"https:\/\/kingarms.ee\/lv\/wp-json\/wp\/v2\/media\/148151"}],"wp:attachment":[{"href":"https:\/\/kingarms.ee\/lv\/wp-json\/wp\/v2\/media?parent=148205"}],"wp:term":[{"taxonomy":"product_brand","embeddable":true,"href":"https:\/\/kingarms.ee\/lv\/wp-json\/wp\/v2\/product_brand?post=148205"},{"taxonomy":"product_cat","embeddable":true,"href":"https:\/\/kingarms.ee\/lv\/wp-json\/wp\/v2\/product_cat?post=148205"},{"taxonomy":"product_tag","embeddable":true,"href":"https:\/\/kingarms.ee\/lv\/wp-json\/wp\/v2\/product_tag?post=148205"}],"curies":[{"name":"wp","href":"https:\/\/api.w.org\/{rel}","templated":true}]}}