{"id":148222,"date":"2025-04-27T13:10:48","date_gmt":"2025-04-27T10:11:36","guid":{"rendered":"https:\/\/kingarms.ee\/product\/pneimatiska-pistole-borner-aps-ar-metala-un-atsitiena-sprudu\/"},"modified":"2025-08-02T18:43:33","modified_gmt":"2025-08-02T15:43:33","slug":"pneimatiska-pistole-borner-aps-ar-metala-un-atsitiena-sprudu","status":"publish","type":"product","link":"https:\/\/kingarms.ee\/lv\/product\/pneimatiska-pistole-borner-aps-ar-metala-un-atsitiena-sprudu\/","title":{"rendered":"Pneimatisk\u0101 pistole BORNER APS ar met\u0101la un atsitiena spr\u016bdu"},"content":{"rendered":"<p><img loading=\"lazy\" decoding=\"async\" class=\"alignnone size-full wp-image-148208\" src=\"https:\/\/kingarms.ee\/wp-content\/uploads\/2025\/04\/11237182189446.jpeg\" alt=\"\" width=\"815\" height=\"563\" srcset=\"https:\/\/kingarms.ee\/wp-content\/uploads\/2025\/04\/11237182189446.jpeg 815w, https:\/\/kingarms.ee\/wp-content\/uploads\/2025\/04\/11237182189446-300x207.jpeg 300w, https:\/\/kingarms.ee\/wp-content\/uploads\/2025\/04\/11237182189446-768x531.jpeg 768w, https:\/\/kingarms.ee\/wp-content\/uploads\/2025\/04\/11237182189446-500x345.jpeg 500w, https:\/\/kingarms.ee\/wp-content\/uploads\/2025\/04\/11237182189446-150x104.jpeg 150w\" sizes=\"auto, (max-width: 815px) 100vw, 815px\" \/><\/p>\n","protected":false},"excerpt":{"rendered":"<p>Pneimatisk\u0101 pistole BORNER APS ar met\u0101la un atsitiena spr\u016bdu<\/p>\n<p>Borner APS Blowback ir jauna pneimatisk\u0101 pistole no paz\u012bstama amerik\u0101\u0146u uz\u0146\u0113muma, kas p\u0113c izskata ir l\u012bdz\u012bga paz\u012bstamajai APS (Stechkin autom\u0101tiskajai pistolei).<\/p>\n<p>APS Blowback modelis ir piln\u012bb\u0101 izgatavots no met\u0101la.<br \/>\n\u0160\u012b pneimatisk\u0101 iero\u010da galven\u0101 iez\u012bme ir atvilces sist\u0113ma, kas noz\u012bm\u0113, ka ar katru \u0161\u0101vienu aizvars p\u0101rvietojas atpaka\u013c.<br \/>\nAtbr\u012bvo\u0161anas meh\u0101nisms ir vienpus\u0113jas darb\u012bbas, kas noz\u012bm\u0113, ka ieroci var iz\u0161aut, vai nu pa\u0161am ieskr\u016bv\u0113jot, vai ar\u012b p\u0113c spr\u016bda nospie\u0161anas.<br \/>\nSlazds ir izgatavots no met\u0101la, un taj\u0101 ir 17 patronas.<br \/>\nCO2 baloni\u0146\u0161 tiek ievietots tie\u0161i pistoles roktur\u012b, vispirms no\u0146emot plastmasas v\u0101ci\u0146u no roktura.<br \/>\nCaurule ir t\u0113rauda, gluda<br \/>\nManu\u0101l\u0101 dro\u0161\u012bbas sl\u0113dzene<br \/>\nS\u0101kotn\u0113jais \u0101trums ir aptuveni 120 m\/s<br \/>\nPistoles garums ir 213 mm, svars &#8211; 1040 g.<\/p>\n","protected":false},"featured_media":148327,"template":"","meta":{"_acf_changed":false},"product_brand":[],"product_cat":[1005],"product_tag":[],"class_list":{"0":"post-148222","1":"product","2":"type-product","3":"status-publish","4":"has-post-thumbnail","6":"product_cat-rokas-pistoles-lv","8":"first","9":"instock","10":"sale","11":"taxable","12":"shipping-taxable","13":"purchasable","14":"product-type-simple"},"acf":[],"_links":{"self":[{"href":"https:\/\/kingarms.ee\/lv\/wp-json\/wp\/v2\/product\/148222","targetHints":{"allow":["GET"]}}],"collection":[{"href":"https:\/\/kingarms.ee\/lv\/wp-json\/wp\/v2\/product"}],"about":[{"href":"https:\/\/kingarms.ee\/lv\/wp-json\/wp\/v2\/types\/product"}],"wp:featuredmedia":[{"embeddable":true,"href":"https:\/\/kingarms.ee\/lv\/wp-json\/wp\/v2\/media\/148327"}],"wp:attachment":[{"href":"https:\/\/kingarms.ee\/lv\/wp-json\/wp\/v2\/media?parent=148222"}],"wp:term":[{"taxonomy":"product_brand","embeddable":true,"href":"https:\/\/kingarms.ee\/lv\/wp-json\/wp\/v2\/product_brand?post=148222"},{"taxonomy":"product_cat","embeddable":true,"href":"https:\/\/kingarms.ee\/lv\/wp-json\/wp\/v2\/product_cat?post=148222"},{"taxonomy":"product_tag","embeddable":true,"href":"https:\/\/kingarms.ee\/lv\/wp-json\/wp\/v2\/product_tag?post=148222"}],"curies":[{"name":"wp","href":"https:\/\/api.w.org\/{rel}","templated":true}]}}