{"id":148234,"date":"2025-04-27T13:18:10","date_gmt":"2025-04-27T10:18:10","guid":{"rendered":"https:\/\/kingarms.ee\/product\/pneimatiska-sautene-borner-ngt-kit\/"},"modified":"2025-08-02T12:16:03","modified_gmt":"2025-08-02T09:16:03","slug":"pneimatiska-sautene-borner-ngt-kit","status":"publish","type":"product","link":"https:\/\/kingarms.ee\/lv\/product\/pneimatiska-sautene-borner-ngt-kit\/","title":{"rendered":"Pneimatisk\u0101 \u0161autene BORNER NGT KIT"},"content":{"rendered":"<p><img loading=\"lazy\" decoding=\"async\" class=\"alignnone size-full wp-image-148226\" src=\"https:\/\/kingarms.ee\/wp-content\/uploads\/2025\/04\/b0eea2f13e908c80e233b25ab27cbb45.jpeg\" alt=\"\" width=\"360\" height=\"270\" srcset=\"https:\/\/kingarms.ee\/wp-content\/uploads\/2025\/04\/b0eea2f13e908c80e233b25ab27cbb45.jpeg 360w, https:\/\/kingarms.ee\/wp-content\/uploads\/2025\/04\/b0eea2f13e908c80e233b25ab27cbb45-300x225.jpeg 300w, https:\/\/kingarms.ee\/wp-content\/uploads\/2025\/04\/b0eea2f13e908c80e233b25ab27cbb45-150x113.jpeg 150w\" sizes=\"auto, (max-width: 360px) 100vw, 360px\" \/><\/p>\n","protected":false},"excerpt":{"rendered":"<p>Pneimatisk\u0101 \u0161autene BORNER NGT KIT<\/p>\n<p>Ra\u017eot\u0101js Borner<br \/>\nNaganti 1895. mode\u013ca revolvera prototips<br \/>\nTips Pneimatisk\u0101 pistole<br \/>\nTips G\u0101zes balonu pneimatikas iek\u0101rtas<br \/>\nKalibrs 4,5 mm<\/p>\n<p>\u0100trums 100 m\/s<br \/>\nMago\u0146u tips: svina bumbi\u0146as<br \/>\nCaurules tips: spr\u016bdrata caurule<br \/>\nL\u0101di\u0146u skaits 7 gab.<br \/>\n\u0160au\u0161anas re\u017e\u012bms: pusautom\u0101ts<br \/>\nEner\u0123ijas avots G\u0101zes balons CO2 12 grami<br \/>\nAizsardz\u012bbas rinda J\u0101<br \/>\nV\u0101ka materi\u0101ls: met\u0101ls<br \/>\nR\u0101mja materi\u0101ls: met\u0101ls, plastmasa<br \/>\nKr\u0101sa Melna, br\u016bna<br \/>\nCaurules garums 114 mm<br \/>\nIzm\u0113rs 230 mm<br \/>\nSvars 0,7 kg<\/p>\n","protected":false},"featured_media":148229,"template":"","meta":{"_acf_changed":false},"product_brand":[],"product_cat":[1005],"product_tag":[],"class_list":{"0":"post-148234","1":"product","2":"type-product","3":"status-publish","4":"has-post-thumbnail","6":"product_cat-rokas-pistoles-lv","8":"first","9":"instock","10":"taxable","11":"shipping-taxable","12":"purchasable","13":"product-type-simple"},"acf":[],"_links":{"self":[{"href":"https:\/\/kingarms.ee\/lv\/wp-json\/wp\/v2\/product\/148234","targetHints":{"allow":["GET"]}}],"collection":[{"href":"https:\/\/kingarms.ee\/lv\/wp-json\/wp\/v2\/product"}],"about":[{"href":"https:\/\/kingarms.ee\/lv\/wp-json\/wp\/v2\/types\/product"}],"wp:featuredmedia":[{"embeddable":true,"href":"https:\/\/kingarms.ee\/lv\/wp-json\/wp\/v2\/media\/148229"}],"wp:attachment":[{"href":"https:\/\/kingarms.ee\/lv\/wp-json\/wp\/v2\/media?parent=148234"}],"wp:term":[{"taxonomy":"product_brand","embeddable":true,"href":"https:\/\/kingarms.ee\/lv\/wp-json\/wp\/v2\/product_brand?post=148234"},{"taxonomy":"product_cat","embeddable":true,"href":"https:\/\/kingarms.ee\/lv\/wp-json\/wp\/v2\/product_cat?post=148234"},{"taxonomy":"product_tag","embeddable":true,"href":"https:\/\/kingarms.ee\/lv\/wp-json\/wp\/v2\/product_tag?post=148234"}],"curies":[{"name":"wp","href":"https:\/\/api.w.org\/{rel}","templated":true}]}}