{"id":148246,"date":"2025-04-27T13:28:48","date_gmt":"2025-04-27T10:28:48","guid":{"rendered":"https:\/\/kingarms.ee\/product\/gaisa-sautenes-glock-17-komplekts\/"},"modified":"2025-08-02T12:15:17","modified_gmt":"2025-08-02T09:15:17","slug":"gaisa-sautenes-glock-17-komplekts","status":"publish","type":"product","link":"https:\/\/kingarms.ee\/lv\/product\/gaisa-sautenes-glock-17-komplekts\/","title":{"rendered":"Gaisa \u0161autenes Glock 17 komplekts"},"content":{"rendered":"<p><img loading=\"lazy\" decoding=\"async\" class=\"alignnone size-full wp-image-148238\" src=\"https:\/\/kingarms.ee\/wp-content\/uploads\/2025\/04\/5c981b540f7dc8d63037cb0361abf7b7.jpeg\" alt=\"\" width=\"1000\" height=\"750\" srcset=\"https:\/\/kingarms.ee\/wp-content\/uploads\/2025\/04\/5c981b540f7dc8d63037cb0361abf7b7.jpeg 1000w, https:\/\/kingarms.ee\/wp-content\/uploads\/2025\/04\/5c981b540f7dc8d63037cb0361abf7b7-300x225.jpeg 300w, https:\/\/kingarms.ee\/wp-content\/uploads\/2025\/04\/5c981b540f7dc8d63037cb0361abf7b7-768x576.jpeg 768w, https:\/\/kingarms.ee\/wp-content\/uploads\/2025\/04\/5c981b540f7dc8d63037cb0361abf7b7-500x375.jpeg 500w, https:\/\/kingarms.ee\/wp-content\/uploads\/2025\/04\/5c981b540f7dc8d63037cb0361abf7b7-150x113.jpeg 150w\" sizes=\"auto, (max-width: 1000px) 100vw, 1000px\" \/><\/p>\n","protected":false},"excerpt":{"rendered":"<p>Gaisa \u0161autenes Glock 17 komplekts<\/p>\n<p>Pneimatisk\u0101 \u0161autene Glock 17 &#8211; Borner<\/p>\n<p>Kalibrs: 4,5 mm (.177)<br \/>\nEner\u0123ijas avots: 12 g CO2 g\u0101zes baloni<br \/>\nKonusa ener\u0123ija: l\u012bdz 3 J<br \/>\nMun\u012bcija: 4,5 mm BB lodes<br \/>\nSalvas jauda: 20<br \/>\nRati\u0146i: fiks\u0113ti<br \/>\nAtsitiens: n\u0113<br \/>\nS\u0101kotn\u0113jais \u0101trums: 120 m\/s<\/p>\n<p>Materi\u0101ls: korpuss &#8211; plastmasa, caurule &#8211; met\u0101ls<br \/>\nStobra tips: gluds<br \/>\nM\u0113r\u0137i: neregul\u0113jams aizmugur\u0113jais un priek\u0161\u0113jais redzam\u012bbas lukturis<br \/>\nWeaver\/Picatinny lati\u0146a: j\u0101, zem s\u0101na<\/p>\n","protected":false},"featured_media":148241,"template":"","meta":{"_acf_changed":false},"product_brand":[],"product_cat":[1005],"product_tag":[],"class_list":{"0":"post-148246","1":"product","2":"type-product","3":"status-publish","4":"has-post-thumbnail","6":"product_cat-rokas-pistoles-lv","8":"first","9":"instock","10":"taxable","11":"shipping-taxable","12":"purchasable","13":"product-type-simple"},"acf":[],"_links":{"self":[{"href":"https:\/\/kingarms.ee\/lv\/wp-json\/wp\/v2\/product\/148246","targetHints":{"allow":["GET"]}}],"collection":[{"href":"https:\/\/kingarms.ee\/lv\/wp-json\/wp\/v2\/product"}],"about":[{"href":"https:\/\/kingarms.ee\/lv\/wp-json\/wp\/v2\/types\/product"}],"wp:featuredmedia":[{"embeddable":true,"href":"https:\/\/kingarms.ee\/lv\/wp-json\/wp\/v2\/media\/148241"}],"wp:attachment":[{"href":"https:\/\/kingarms.ee\/lv\/wp-json\/wp\/v2\/media?parent=148246"}],"wp:term":[{"taxonomy":"product_brand","embeddable":true,"href":"https:\/\/kingarms.ee\/lv\/wp-json\/wp\/v2\/product_brand?post=148246"},{"taxonomy":"product_cat","embeddable":true,"href":"https:\/\/kingarms.ee\/lv\/wp-json\/wp\/v2\/product_cat?post=148246"},{"taxonomy":"product_tag","embeddable":true,"href":"https:\/\/kingarms.ee\/lv\/wp-json\/wp\/v2\/product_tag?post=148246"}],"curies":[{"name":"wp","href":"https:\/\/api.w.org\/{rel}","templated":true}]}}