{"id":148279,"date":"2025-04-27T13:41:15","date_gmt":"2025-04-27T10:42:05","guid":{"rendered":"https:\/\/kingarms.ee\/product\/pneimatiska-sautene-colt-1911-ar-atvilksanas-komplektu\/"},"modified":"2025-08-02T12:14:30","modified_gmt":"2025-08-02T09:14:30","slug":"pneimatiska-sautene-colt-1911-ar-atvilksanas-komplektu","status":"publish","type":"product","link":"https:\/\/kingarms.ee\/lv\/product\/pneimatiska-sautene-colt-1911-ar-atvilksanas-komplektu\/","title":{"rendered":"Pneimatisk\u0101 \u0161autene Colt 1911 ar atvilk\u0161anas komplektu"},"content":{"rendered":"<p><img loading=\"lazy\" decoding=\"async\" class=\"alignnone size-full wp-image-148270\" src=\"https:\/\/kingarms.ee\/wp-content\/uploads\/2025\/04\/5aefda8948ee17ab4d52b62755b1a6e0.jpeg\" alt=\"\" width=\"1000\" height=\"750\" srcset=\"https:\/\/kingarms.ee\/wp-content\/uploads\/2025\/04\/5aefda8948ee17ab4d52b62755b1a6e0.jpeg 1000w, https:\/\/kingarms.ee\/wp-content\/uploads\/2025\/04\/5aefda8948ee17ab4d52b62755b1a6e0-300x225.jpeg 300w, https:\/\/kingarms.ee\/wp-content\/uploads\/2025\/04\/5aefda8948ee17ab4d52b62755b1a6e0-768x576.jpeg 768w, https:\/\/kingarms.ee\/wp-content\/uploads\/2025\/04\/5aefda8948ee17ab4d52b62755b1a6e0-500x375.jpeg 500w, https:\/\/kingarms.ee\/wp-content\/uploads\/2025\/04\/5aefda8948ee17ab4d52b62755b1a6e0-150x113.jpeg 150w\" sizes=\"auto, (max-width: 1000px) 100vw, 1000px\" \/><\/p>\n","protected":false},"excerpt":{"rendered":"<p>Pneimatisk\u0101 \u0161autene Colt 1911 ar atvilk\u0161anas komplektu<\/p>\n<p>Ra\u017eot\u0101js Borner<br \/>\nTips Pneimatisk\u0101 pistole<br \/>\nTips G\u0101zes balonu pneimatikas iek\u0101rtas<br \/>\nKalibrs 4,5 mm<\/p>\n<p>\u0100trums 115 m\/s<br \/>\nM\u0113ness tips: apa\u013c\u0161 4,5 mm<br \/>\nCaurules tips: spr\u016bdrata caurule<br \/>\nSalvemaht 17 dzird\u0113ts<br \/>\n\u0160au\u0161anas re\u017e\u012bms: pusautom\u0101ts<br \/>\nEner\u0123ijas avots G\u0101zes balons CO2 12 grami<br \/>\nPieejams atr\u0101viens<br \/>\nAizsardz\u012bbas rinda J\u0101<br \/>\nR\u0101mja materi\u0101ls: meta<br \/>\nKr\u0101sa Melna, br\u016bna<br \/>\nIzm\u0113rs 220 mm<br \/>\nSvars 0,9 kg<\/p>\n","protected":false},"featured_media":148273,"template":"","meta":{"_acf_changed":false},"product_brand":[],"product_cat":[1005],"product_tag":[],"class_list":{"0":"post-148279","1":"product","2":"type-product","3":"status-publish","4":"has-post-thumbnail","6":"product_cat-rokas-pistoles-lv","8":"first","9":"instock","10":"sale","11":"taxable","12":"shipping-taxable","13":"purchasable","14":"product-type-simple"},"acf":[],"_links":{"self":[{"href":"https:\/\/kingarms.ee\/lv\/wp-json\/wp\/v2\/product\/148279","targetHints":{"allow":["GET"]}}],"collection":[{"href":"https:\/\/kingarms.ee\/lv\/wp-json\/wp\/v2\/product"}],"about":[{"href":"https:\/\/kingarms.ee\/lv\/wp-json\/wp\/v2\/types\/product"}],"wp:featuredmedia":[{"embeddable":true,"href":"https:\/\/kingarms.ee\/lv\/wp-json\/wp\/v2\/media\/148273"}],"wp:attachment":[{"href":"https:\/\/kingarms.ee\/lv\/wp-json\/wp\/v2\/media?parent=148279"}],"wp:term":[{"taxonomy":"product_brand","embeddable":true,"href":"https:\/\/kingarms.ee\/lv\/wp-json\/wp\/v2\/product_brand?post=148279"},{"taxonomy":"product_cat","embeddable":true,"href":"https:\/\/kingarms.ee\/lv\/wp-json\/wp\/v2\/product_cat?post=148279"},{"taxonomy":"product_tag","embeddable":true,"href":"https:\/\/kingarms.ee\/lv\/wp-json\/wp\/v2\/product_tag?post=148279"}],"curies":[{"name":"wp","href":"https:\/\/api.w.org\/{rel}","templated":true}]}}