{"id":148404,"date":"2018-08-31T11:08:37","date_gmt":"2018-08-31T08:08:37","guid":{"rendered":"https:\/\/kingarms.ee\/product\/viedais-ladetajs-omnicharger\/"},"modified":"2025-05-02T16:32:15","modified_gmt":"2025-05-02T13:32:15","slug":"viedais-ladetajs-omnicharger","status":"publish","type":"product","link":"https:\/\/kingarms.ee\/lv\/product\/viedais-ladetajs-omnicharger\/","title":{"rendered":"Viedais l\u0101d\u0113t\u0101js-OmniCharger<br><br>"},"content":{"rendered":"<p><a href=\"https:\/\/kingarms.ee\/wp-content\/uploads\/2018\/08\/1152221174_1-300x200.jpg\"><img loading=\"lazy\" decoding=\"async\" class=\"alignnone size-medium wp-image-26349\" src=\"https:\/\/kingarms.ee\/wp-content\/uploads\/2018\/08\/1152221174_1-300x200.jpg\" alt=\"\" width=\"300\" height=\"200\" srcset=\"https:\/\/kingarms.ee\/wp-content\/uploads\/2018\/08\/1152221174_1-300x200.jpg 300w, https:\/\/kingarms.ee\/wp-content\/uploads\/2018\/08\/1152221174_1-150x100.jpg 150w, https:\/\/kingarms.ee\/wp-content\/uploads\/2018\/08\/1152221174_1-500x333.jpg 500w, https:\/\/kingarms.ee\/wp-content\/uploads\/2018\/08\/1152221174_1-768x512.jpg 768w, https:\/\/kingarms.ee\/wp-content\/uploads\/2018\/08\/1152221174_1.jpg 800w\" sizes=\"auto, (max-width: 300px) 100vw, 300px\" \/><\/a><\/p>\n","protected":false},"excerpt":{"rendered":"<p>Nutikas laadija-OmniCharger<\/p>\n<p>Kompakts, viegli lietojams, univers\u0101ls viedais l\u0101d\u0113t\u0101js No Specnaarm.<\/p>\n<p> L\u0101d\u0113t\u0101ju var izmantot, lai uzl\u0101d\u0113tu Lilon, LiPo, LiFe, Ni-Cd, Ni-MH, PB tipa baterijas.<\/p>\n<p>Funkcija:<\/p>\n<p>M\u00f5\u00f5tmed: 134 x 86 x 26 mm<\/p>\n<p>Ieejas str\u0101vas diapazons: DC 11.0~18.0 V<\/p>\n<p>Izejas jauda:<\/p>\n<p>&#8211; Maksim\u0101l\u0101 uzl\u0101des jauda 50W<\/p>\n<p>&#8211; Maksim\u0101l\u0101 izl\u0101des jauda 5W<\/p>\n<p>Uzl\u0101des str\u0101vas diapazons: 0.1~5.0 A<\/p>\n<p>Izl\u0101des diapazons: 0.1~1.0 A<\/p>\n<p>Balans\u0113\u0161ana: 300 mAh \/ elements<\/p>\n<p>Atbalst\u012bto NiCD \/ NiMH elementu skaits: 1~15 elementi<\/p>\n<p>Atbalst\u012bto Li-Po \/ Fe \/ jonu elementu skaits: 1~6 elementi<\/p>\n<p>Atbalst\u012btie Pb elementi: 2~20V<\/p>\n<p>L\u0101d\u0113t\u0101ja atmi\u0146as vietas: ne vair\u0101k k\u0101 5 baterijas<\/p>\n<p>Akumulatora uzl\u0101des \/ izl\u0101des cikla opcija<\/p>\n<p>4 programm\u0113\u0161anas pogas<\/p>\n<p>Ieb\u016bv\u0113tie savienojumi:<\/p>\n<p>&#8211; balans\u0113\u0161anas savienojumi 2s, 3s, 4s, 5s, 6s<\/p>\n<p>&#8211; Zelta 4mm savienojums<\/p>\n<p>&#8211; Temperat\u016bras m\u0113r\u012bt\u0101ja savienojums<\/p>\n","protected":false},"featured_media":112303,"template":"","meta":{"_acf_changed":false},"product_brand":[],"product_cat":[1055],"product_tag":[],"class_list":{"0":"post-148404","1":"product","2":"type-product","3":"status-publish","4":"has-post-thumbnail","6":"product_cat-charargers-ir","8":"first","9":"instock","10":"purchasable","11":"product-type-simple"},"acf":[],"_links":{"self":[{"href":"https:\/\/kingarms.ee\/lv\/wp-json\/wp\/v2\/product\/148404","targetHints":{"allow":["GET"]}}],"collection":[{"href":"https:\/\/kingarms.ee\/lv\/wp-json\/wp\/v2\/product"}],"about":[{"href":"https:\/\/kingarms.ee\/lv\/wp-json\/wp\/v2\/types\/product"}],"wp:featuredmedia":[{"embeddable":true,"href":"https:\/\/kingarms.ee\/lv\/wp-json\/wp\/v2\/media\/112303"}],"wp:attachment":[{"href":"https:\/\/kingarms.ee\/lv\/wp-json\/wp\/v2\/media?parent=148404"}],"wp:term":[{"taxonomy":"product_brand","embeddable":true,"href":"https:\/\/kingarms.ee\/lv\/wp-json\/wp\/v2\/product_brand?post=148404"},{"taxonomy":"product_cat","embeddable":true,"href":"https:\/\/kingarms.ee\/lv\/wp-json\/wp\/v2\/product_cat?post=148404"},{"taxonomy":"product_tag","embeddable":true,"href":"https:\/\/kingarms.ee\/lv\/wp-json\/wp\/v2\/product_tag?post=148404"}],"curies":[{"name":"wp","href":"https:\/\/api.w.org\/{rel}","templated":true}]}}