{"id":148410,"date":"2018-08-31T11:09:18","date_gmt":"2025-05-03T09:23:55","guid":{"rendered":"https:\/\/kingarms.ee\/product\/ak47-tipa-ieroci-2\/"},"modified":"2025-05-03T12:24:33","modified_gmt":"2025-05-03T09:24:33","slug":"ak47-tipa-ieroci-2","status":"publish","type":"product","link":"https:\/\/kingarms.ee\/lv\/product\/ak47-tipa-ieroci-2\/","title":{"rendered":"AK47 tipa iero\u010di<br><br>"},"content":{"rendered":"<p><a href=\"https:\/\/kingarms.ee\/wp-content\/uploads\/2018\/06\/1152201562_2.jpg\"><img loading=\"lazy\" decoding=\"async\" class=\"size-medium wp-image-3413\" src=\"https:\/\/kingarms.ee\/wp-content\/uploads\/2018\/06\/1152201562_2-300x204.jpg\" alt=\"\" width=\"300\" height=\"204\"><\/a><\/p>\n","protected":false},"excerpt":{"rendered":"<p>AK47 tipa iero\u010di<\/p>\n<p>\u0160au\u0161anas re\u017e\u012bma selektora svira ir izgatavota no t\u0113rauda un paredz\u0113ta AK47 tipa iero\u010diem.<\/p>\n","protected":false},"featured_media":106935,"template":"","meta":{"_acf_changed":false},"product_brand":[],"product_cat":[1129],"product_tag":[],"class_list":{"0":"post-148410","1":"product","2":"type-product","3":"status-publish","4":"has-post-thumbnail","6":"product_cat-rezerves-dalas","8":"first","9":"instock","10":"purchasable","11":"product-type-simple"},"acf":[],"_links":{"self":[{"href":"https:\/\/kingarms.ee\/lv\/wp-json\/wp\/v2\/product\/148410","targetHints":{"allow":["GET"]}}],"collection":[{"href":"https:\/\/kingarms.ee\/lv\/wp-json\/wp\/v2\/product"}],"about":[{"href":"https:\/\/kingarms.ee\/lv\/wp-json\/wp\/v2\/types\/product"}],"wp:featuredmedia":[{"embeddable":true,"href":"https:\/\/kingarms.ee\/lv\/wp-json\/wp\/v2\/media\/106935"}],"wp:attachment":[{"href":"https:\/\/kingarms.ee\/lv\/wp-json\/wp\/v2\/media?parent=148410"}],"wp:term":[{"taxonomy":"product_brand","embeddable":true,"href":"https:\/\/kingarms.ee\/lv\/wp-json\/wp\/v2\/product_brand?post=148410"},{"taxonomy":"product_cat","embeddable":true,"href":"https:\/\/kingarms.ee\/lv\/wp-json\/wp\/v2\/product_cat?post=148410"},{"taxonomy":"product_tag","embeddable":true,"href":"https:\/\/kingarms.ee\/lv\/wp-json\/wp\/v2\/product_tag?post=148410"}],"curies":[{"name":"wp","href":"https:\/\/api.w.org\/{rel}","templated":true}]}}