{"id":148414,"date":"2022-05-15T23:46:17","date_gmt":"2025-05-03T12:26:07","guid":{"rendered":"https:\/\/kingarms.ee\/product\/t1-sarkana-punkta-merkamerka-replika-ar-qd-stiprinajumu-un-zemu-stiprinajumu-aim-o\/"},"modified":"2025-05-03T15:26:07","modified_gmt":"2025-05-03T12:26:07","slug":"t1-sarkana-punkta-merkamerka-replika-ar-qd-stiprinajumu-un-zemu-stiprinajumu-aim-o","status":"publish","type":"product","link":"https:\/\/kingarms.ee\/lv\/product\/t1-sarkana-punkta-merkamerka-replika-ar-qd-stiprinajumu-un-zemu-stiprinajumu-aim-o\/","title":{"rendered":"T1 sarkan\u0101 punkta m\u0113r\u0137am\u0113r\u0137a replika ar QD stiprin\u0101jumu un zemu stiprin\u0101jumu Aim O"},"content":{"rendered":"","protected":false},"excerpt":{"rendered":"<p>T1 sarkan\u0101 punkta m\u0113r\u0137am\u0113r\u0137a replika ar QD stiprin\u0101jumu un zemu stiprin\u0101jumu Aim O<\/p>\n<p>Jaun\u0101k\u0101 sarkan\u0101 punkta m\u0113r\u0137am\u0113r\u0137a replika, ko izmanto speci\u0101lie sp\u0113ki vis\u0101 pasaul\u0113. Sarkan\u0101 punkta m\u0113r\u0137am\u0113r\u0137a replika ir piln\u012bb\u0101 izgatavota no met\u0101la un ir apr\u012bkota ar regul\u0113jamu m\u0113r\u0137tiec\u012bg\u0101s m\u0113r\u0137tiec\u012bbas poz\u012bcijas regul\u0113\u0161anu (ar divu pogu pal\u012bdz\u012bbu). Turkl\u0101t \u0161\u0101v\u0113jam ir iesp\u0113ja regul\u0113t m\u0113r\u0137tiec\u012bg\u0101s m\u0113r\u0137tieces spilgtumu piecu gr\u0101du skal\u0101. M\u0113rier\u012bce var b\u016bt izgaismota sarkan\u0101 vai za\u013c\u0101 kr\u0101s\u0101.<br \/>\nPilna m\u0113roga sarkan\u0101 punkta m\u0113r\u0137am\u0113r\u0137a priek\u0161roc\u012bbas tika &#8220;nosl\u0113gtas&#8221; iesp\u0113jami maz\u0101kaj\u0101 iepakojum\u0101. To var izmantot k\u0101 autonomu m\u0113r\u0137\u0113\u0161anas ier\u012bci visu veidu karab\u012bn\u0113m, \u0161auten\u0113m, \u0161aujamiero\u010diem un lo\u017emet\u0113jiem. Tas lieliski noder\u0113s ar\u012b k\u0101 rezerves m\u0113r\u0137\u0113\u0161anas ier\u012bce, kas uzst\u0101d\u012bta uz t\u0101lskata. Sarkan\u0101 punkta uzskates ier\u012bce ir sader\u012bga ar nakts redzam\u012bbas ier\u012bc\u0113m (NVD).<br \/>\nKomplekt\u0101 ietilpst zemais stiprin\u0101jums, kas \u013cauj uzst\u0101d\u012bt sarkan\u0101 punkta m\u0113r\u0137ieri uz jebkuras replikas, kas apr\u012bkota ar 22 mm platu RIS sliedi.<\/p>\n","protected":false},"featured_media":119331,"template":"","meta":{"_acf_changed":false},"product_brand":[],"product_cat":[1067],"product_tag":[],"class_list":{"0":"post-148414","1":"product","2":"type-product","3":"status-publish","4":"has-post-thumbnail","6":"product_cat-skats","8":"first","9":"onbackorder","10":"product-type-simple"},"acf":[],"_links":{"self":[{"href":"https:\/\/kingarms.ee\/lv\/wp-json\/wp\/v2\/product\/148414","targetHints":{"allow":["GET"]}}],"collection":[{"href":"https:\/\/kingarms.ee\/lv\/wp-json\/wp\/v2\/product"}],"about":[{"href":"https:\/\/kingarms.ee\/lv\/wp-json\/wp\/v2\/types\/product"}],"wp:featuredmedia":[{"embeddable":true,"href":"https:\/\/kingarms.ee\/lv\/wp-json\/wp\/v2\/media\/119331"}],"wp:attachment":[{"href":"https:\/\/kingarms.ee\/lv\/wp-json\/wp\/v2\/media?parent=148414"}],"wp:term":[{"taxonomy":"product_brand","embeddable":true,"href":"https:\/\/kingarms.ee\/lv\/wp-json\/wp\/v2\/product_brand?post=148414"},{"taxonomy":"product_cat","embeddable":true,"href":"https:\/\/kingarms.ee\/lv\/wp-json\/wp\/v2\/product_cat?post=148414"},{"taxonomy":"product_tag","embeddable":true,"href":"https:\/\/kingarms.ee\/lv\/wp-json\/wp\/v2\/product_tag?post=148414"}],"curies":[{"name":"wp","href":"https:\/\/api.w.org\/{rel}","templated":true}]}}