{"id":148416,"date":"2022-05-15T23:46:17","date_gmt":"2025-05-03T12:29:07","guid":{"rendered":"https:\/\/kingarms.ee\/product\/m2-sarkana-punkta-merkis-replika-aim-o\/"},"modified":"2025-05-03T15:29:07","modified_gmt":"2025-05-03T12:29:07","slug":"m2-sarkana-punkta-merkis-replika-aim-o","status":"publish","type":"product","link":"https:\/\/kingarms.ee\/lv\/product\/m2-sarkana-punkta-merkis-replika-aim-o\/","title":{"rendered":"M2 sarkan\u0101 punkta m\u0113r\u0137is replika Aim O"},"content":{"rendered":"","protected":false},"excerpt":{"rendered":"<p>M2 sarkan\u0101 punkta m\u0113r\u0137is replika Aim O<\/p>\n<p>M2 kolimatora optiskajam m\u0113r\u0137im ir netrauc\u0113ta m\u0113r\u0137\u0113\u0161anas punkta poz\u012bcijas regul\u0113\u0161ana (ar div\u0101m klo\u0137iem). Turkl\u0101t \u0161\u0101v\u0113jam ir iesp\u0113ja regul\u0113t m\u0113r\u0137\u0113\u0161anas z\u012bmes spilgtumu piecu gr\u0101du diapazon\u0101.<\/p>\n<p>Atv\u0101\u017eam\u0101 tipa p\u0101rsegi \u013cauj aizsarg\u0101t brilles transport\u0113\u0161anas laik\u0101 un izmantot \u012bpa\u0161u m\u0113r\u0137\u0113\u0161anas tehniku ar aizv\u0113rtu atloku, kas iev\u0113rojami atvieglo kolimatora lieto\u0161anu gai\u0161\u0101s telp\u0101s vai stipr\u0101 dienas gaism\u0101, vienlaikus saglab\u0101jot att\u0113la skaidr\u012bbu un asumu.<\/p>\n<p>Tas ir apr\u012bkots ar zemu stiprin\u0101jumu, kas \u013cauj uzst\u0101d\u012bt kolimatoru uz jebkuras replikas, kas apr\u012bkota ar 22 mm RIS sliedi.<\/p>\n<p>Tulkots ar www.DeepL.com\/Translator (bezmaksas versija)<\/p>\n","protected":false},"featured_media":119337,"template":"","meta":{"_acf_changed":false},"product_brand":[],"product_cat":[1067],"product_tag":[],"class_list":{"0":"post-148416","1":"product","2":"type-product","3":"status-publish","4":"has-post-thumbnail","6":"product_cat-skats","8":"first","9":"instock","10":"purchasable","11":"product-type-simple"},"acf":[],"_links":{"self":[{"href":"https:\/\/kingarms.ee\/lv\/wp-json\/wp\/v2\/product\/148416","targetHints":{"allow":["GET"]}}],"collection":[{"href":"https:\/\/kingarms.ee\/lv\/wp-json\/wp\/v2\/product"}],"about":[{"href":"https:\/\/kingarms.ee\/lv\/wp-json\/wp\/v2\/types\/product"}],"wp:featuredmedia":[{"embeddable":true,"href":"https:\/\/kingarms.ee\/lv\/wp-json\/wp\/v2\/media\/119337"}],"wp:attachment":[{"href":"https:\/\/kingarms.ee\/lv\/wp-json\/wp\/v2\/media?parent=148416"}],"wp:term":[{"taxonomy":"product_brand","embeddable":true,"href":"https:\/\/kingarms.ee\/lv\/wp-json\/wp\/v2\/product_brand?post=148416"},{"taxonomy":"product_cat","embeddable":true,"href":"https:\/\/kingarms.ee\/lv\/wp-json\/wp\/v2\/product_cat?post=148416"},{"taxonomy":"product_tag","embeddable":true,"href":"https:\/\/kingarms.ee\/lv\/wp-json\/wp\/v2\/product_tag?post=148416"}],"curies":[{"name":"wp","href":"https:\/\/api.w.org\/{rel}","templated":true}]}}