{"id":148418,"date":"2022-05-15T23:46:00","date_gmt":"2025-05-03T12:32:00","guid":{"rendered":"https:\/\/kingarms.ee\/product\/specna-arms-bluetooth-hronografs\/"},"modified":"2025-05-03T15:32:00","modified_gmt":"2025-05-03T12:32:00","slug":"specna-arms-bluetooth-hronografs","status":"publish","type":"product","link":"https:\/\/kingarms.ee\/lv\/product\/specna-arms-bluetooth-hronografs\/","title":{"rendered":"Specna arms Bluetooth hronogr\u0101fs"},"content":{"rendered":"","protected":false},"excerpt":{"rendered":"<p>Specna arms Bluetooth hronogr\u0101fs<br \/>\nMobilais Specna Arms Bluetooth hronogr\u0101fs, kas \u013cauj prec\u012bzi izm\u0113r\u012bt \u0161autenes \u0101trumu. Korpuss bija izgatavots no iztur\u012bga polim\u0113ra. Nelielais svars un kompaktais izm\u0113rs \u013cauj \u0146emt ier\u012bci l\u012bdzi uz lauka, piem\u0113ram, replikas test\u0113\u0161anai, CQB ar\u0113n\u0101 vai airsoft sp\u0113l\u0113 me\u017e\u0101. Hronogr\u0101fam ir standarta fotogr\u0101fiska 1\/4&#8243; v\u012btne, kas \u013cauj to uzst\u0101d\u012bt uz komplekt\u0101 iek\u013caut\u0101 regul\u0113jam\u0101 divk\u0101ja.<br \/>\nSpecna Arms Bluetooth hronogr\u0101fs ir apr\u012bkots ar integr\u0113tu, skaidru LCD displeju, ko darbina integr\u0113ta 400 mAh baterija, kas tiek uzl\u0101d\u0113ta ar komplekt\u0101 iek\u013cauto Micro USB kabeli.<br \/>\nSpecna Arms hronogr\u0101fs ir apr\u012bkots ar Bluetooth 2.0 moduli, kas \u013cauj savienot ier\u012bci ar \u012bpa\u0161u mobil\u0101 t\u0101lru\u0146a lietotni. Lietotne \u013cauj \u0101tri un \u0113rti izmantot hronogr\u0101fa funkcijas, izmantojot t\u0101lruni. QR kods, kas nepiecie\u0161ams, lai lejupiel\u0101d\u0113tu lietotni, ir nor\u0101d\u012bts uz iepakojuma, rokasgr\u0101mat\u0101 un ier\u012bces korpus\u0101. Programma atbalsta Android 4.3 un jaun\u0101ku versiju vai iOS 8.0 vai jaun\u0101ku versiju.<br \/>\nSPECIFIK\u0100CIJA:<br \/>\n&#8211; Prec\u012bzs BB garum\u0101truma, \u0161\u0101viena \u0101truma un \u0161\u0101vi\u0146a ener\u0123ijas m\u0113r\u012bjums &#8211; Bluetooth 2.0 sazi\u0146a ar speci\u0101lu t\u0101lru\u0146a lietotni &#8211; LCD displejs &#8211; komplekt\u0101 iek\u013cauta speci\u0101la divk\u0101ja &#8211; polim\u0113ra korpuss &#8211; ieb\u016bv\u0113ta 400 mAh baterija &#8211; var izmantot temperat\u016br\u0101 no -10\u00b0C l\u012bdz 42\u00b0C &#8211; regul\u0113jams autom\u0101tisk\u0101s izsl\u0113g\u0161an\u0101s laiks.<br \/>\nM\u0113r\u012bjumu diapazons:<br \/>\n&#8211; Iz\u0161auta \u0161\u0101vi\u0146a ener\u0123ija: 0 &#8211; 999 J &#8211; Darb\u012bbas r\u0101diuss 1 metram: 0 &#8211; 800 m &#8211; Lod\u012btes svars: 0,01 &#8211; 20 g &#8211; Lod\u012btes diametrs: 0,01 &#8211; 20 mm<\/p>\n","protected":false},"featured_media":119349,"template":"","meta":{"_acf_changed":false},"product_brand":[],"product_cat":[1114],"product_tag":[],"class_list":{"0":"post-148418","1":"product","2":"type-product","3":"status-publish","4":"has-post-thumbnail","6":"product_cat-hronografi","8":"first","9":"onbackorder","10":"product-type-simple"},"acf":[],"_links":{"self":[{"href":"https:\/\/kingarms.ee\/lv\/wp-json\/wp\/v2\/product\/148418","targetHints":{"allow":["GET"]}}],"collection":[{"href":"https:\/\/kingarms.ee\/lv\/wp-json\/wp\/v2\/product"}],"about":[{"href":"https:\/\/kingarms.ee\/lv\/wp-json\/wp\/v2\/types\/product"}],"wp:featuredmedia":[{"embeddable":true,"href":"https:\/\/kingarms.ee\/lv\/wp-json\/wp\/v2\/media\/119349"}],"wp:attachment":[{"href":"https:\/\/kingarms.ee\/lv\/wp-json\/wp\/v2\/media?parent=148418"}],"wp:term":[{"taxonomy":"product_brand","embeddable":true,"href":"https:\/\/kingarms.ee\/lv\/wp-json\/wp\/v2\/product_brand?post=148418"},{"taxonomy":"product_cat","embeddable":true,"href":"https:\/\/kingarms.ee\/lv\/wp-json\/wp\/v2\/product_cat?post=148418"},{"taxonomy":"product_tag","embeddable":true,"href":"https:\/\/kingarms.ee\/lv\/wp-json\/wp\/v2\/product_tag?post=148418"}],"curies":[{"name":"wp","href":"https:\/\/api.w.org\/{rel}","templated":true}]}}