{"id":148420,"date":"2022-05-15T23:46:00","date_gmt":"2025-05-03T12:34:46","guid":{"rendered":"https:\/\/kingarms.ee\/product\/ac5000-hronografs\/"},"modified":"2025-05-03T15:34:46","modified_gmt":"2025-05-03T12:34:46","slug":"ac5000-hronografs","status":"publish","type":"product","link":"https:\/\/kingarms.ee\/lv\/product\/ac5000-hronografs\/","title":{"rendered":"AC5000 hronogr\u0101fs"},"content":{"rendered":"","protected":false},"excerpt":{"rendered":"<p>AC5000 hronogr\u0101fs<\/p>\n<p>Viegls un kompakts hronogr\u0101fs, kas \u013cauj prec\u012bzi izm\u0113r\u012bt no replikas iz\u0161aut\u0101s bumbas garum\u0101trumu. Ier\u012bces korpuss ir izgatavots no iztur\u012bga polim\u0113ra, kas padara to vieglu un vienlaikus iztur\u012bgu. Hronogr\u0101fam ir standarta fotogr\u0101fa v\u012btne, kas \u013cauj uzst\u0101d\u012bt divk\u0101ji\u0146u.<br \/>\nFunkcijas:<br \/>\n&#8211; garum\u0161audas \u0101truma m\u0113r\u012b\u0161ana diapazon\u0101 no 30 l\u012bdz 400 m\/s (90-1200 ft\/s) &#8211; \u0161au\u0161anas \u0101truma (ROF) m\u0113r\u012b\u0161ana diapazon\u0101 no 100 l\u012bdz 5000 RPM &#8211; 5 atmi\u0146as slots da\u017e\u0101diem mun\u012bcijas iestat\u012bjumiem &#8211; \u013coti augsta m\u0113r\u012bjumu precizit\u0101te, pateicoties patent\u0113tiem sensoriem &#8211; lietot\u0101jam draudz\u012bgs interfeiss ar LCD displeju ar 128&#215;128 pikse\u013cu iz\u0161\u0137irtsp\u0113ju &#8211; 25 atmi\u0146as slots garum\u0161audas \u0101trumam un \u0161au\u0161anas \u0101trumam &#8211; pla\u0161a m\u0113r\u012b\u0161anas atvere (24 mm diametr\u0101) &#8211; baro\u0161ana ar micro-USB (5V \/ 0.5A &#8211; nav iek\u013cauta komplekt\u0101) vai 2 x AA baterijas (nav iek\u013cautas komplekt\u0101) &#8211; sader\u012bgs ar divk\u0101jainiem stat\u012bviem ar standarta foto v\u012btni.<\/p>\n","protected":false},"featured_media":119355,"template":"","meta":{"_acf_changed":false},"product_brand":[],"product_cat":[1114],"product_tag":[],"class_list":{"0":"post-148420","1":"product","2":"type-product","3":"status-publish","4":"has-post-thumbnail","6":"product_cat-hronografi","8":"first","9":"onbackorder","10":"product-type-simple"},"acf":[],"_links":{"self":[{"href":"https:\/\/kingarms.ee\/lv\/wp-json\/wp\/v2\/product\/148420","targetHints":{"allow":["GET"]}}],"collection":[{"href":"https:\/\/kingarms.ee\/lv\/wp-json\/wp\/v2\/product"}],"about":[{"href":"https:\/\/kingarms.ee\/lv\/wp-json\/wp\/v2\/types\/product"}],"wp:featuredmedia":[{"embeddable":true,"href":"https:\/\/kingarms.ee\/lv\/wp-json\/wp\/v2\/media\/119355"}],"wp:attachment":[{"href":"https:\/\/kingarms.ee\/lv\/wp-json\/wp\/v2\/media?parent=148420"}],"wp:term":[{"taxonomy":"product_brand","embeddable":true,"href":"https:\/\/kingarms.ee\/lv\/wp-json\/wp\/v2\/product_brand?post=148420"},{"taxonomy":"product_cat","embeddable":true,"href":"https:\/\/kingarms.ee\/lv\/wp-json\/wp\/v2\/product_cat?post=148420"},{"taxonomy":"product_tag","embeddable":true,"href":"https:\/\/kingarms.ee\/lv\/wp-json\/wp\/v2\/product_tag?post=148420"}],"curies":[{"name":"wp","href":"https:\/\/api.w.org\/{rel}","templated":true}]}}