{"id":148421,"date":"2022-05-15T23:46:17","date_gmt":"2025-05-03T12:36:06","guid":{"rendered":"https:\/\/kingarms.ee\/product\/bb-x3300w-vadibas-sistema-melna\/"},"modified":"2025-05-03T15:36:06","modified_gmt":"2025-05-03T12:36:06","slug":"bb-x3300w-vadibas-sistema-melna","status":"publish","type":"product","link":"https:\/\/kingarms.ee\/lv\/product\/bb-x3300w-vadibas-sistema-melna\/","title":{"rendered":"BB X3300W vad\u012bbas sist\u0113ma melna"},"content":{"rendered":"","protected":false},"excerpt":{"rendered":"<p>BB X3300W vad\u012bbas sist\u0113ma melna<\/p>\n<p>Popul\u0101r\u0101ko hronogr\u0101fu rad\u012bt\u0101ji pat\u0113r\u0113t\u0101ju kl\u0101st\u0101 ir rad\u012bju\u0161i jaunu &#8220;viss vien\u0101&#8221; ier\u012bci, kurai konkurentu vid\u016b ir gr\u016bti atrast ekvivalentu. Xcortech jaunie hronogr\u0101fi ir kombin\u0101cija, kas apvieno izsp\u0113les sl\u0101p\u0113t\u0101ju \/ BB apgaismot\u0101ju ar integr\u0113tu hronometru un datora kontrol\u0113tu iz\u0161auto BB skait\u012bt\u0101ju ar \u0161\u0101vienu \u0101truma m\u0113r\u012bt\u0101ju. Sensori var saskait\u012bt vai saskait\u012bt un par\u0101d\u012bt rezult\u0101tu LCD displej\u0101, lai inform\u0113tu lietot\u0101ju par paredzamo \u0161aujampulveru daudzumu, kas palicis tvertn\u0113. Savuk\u0101rt MOSFET, no otras puses, papildus pilnas eksplozijas kontrolei var ar\u012b kontrol\u0113t akumulatora spriegumu un bezvadu re\u017e\u012bm\u0101 nos\u016bt\u012bt rezult\u0101tu uz PEQ bloku, kas to par\u0101d\u012bs uz LCD displeja un zema sprieguma gad\u012bjum\u0101 inform\u0113s lietot\u0101ju.<br \/>\nVisa inform\u0101cija no sl\u0101p\u0113t\u0101ja bloka tiek p\u0101rraid\u012bta bezvadu re\u017e\u012bm\u0101 tie\u0161i uz AN\/PEQ bloku. Komplekts ir programm\u0113jams, un inform\u0101cija tiek par\u0101d\u012bta, izmantojot AN\/PEQ lodzi\u0146u. Skait\u012b\u0161anas rezult\u0101ti tiek null\u0113ti, izmantojot spilgtuma pogu, to tikai nedaudz nospie\u017eot.<br \/>\nKomplekts \u013cauj veikt prec\u012bzus m\u0113r\u012bjumus jebkur\u0101 br\u012bd\u012b, pat uz lauka.<\/p>\n","protected":false},"featured_media":119363,"template":"","meta":{"_acf_changed":false},"product_brand":[],"product_cat":[1113],"product_tag":[],"class_list":{"0":"post-148421","1":"product","2":"type-product","3":"status-publish","4":"has-post-thumbnail","6":"product_cat-troksna-slapetaji","8":"first","9":"instock","10":"sale","11":"purchasable","12":"product-type-simple"},"acf":[],"_links":{"self":[{"href":"https:\/\/kingarms.ee\/lv\/wp-json\/wp\/v2\/product\/148421","targetHints":{"allow":["GET"]}}],"collection":[{"href":"https:\/\/kingarms.ee\/lv\/wp-json\/wp\/v2\/product"}],"about":[{"href":"https:\/\/kingarms.ee\/lv\/wp-json\/wp\/v2\/types\/product"}],"wp:featuredmedia":[{"embeddable":true,"href":"https:\/\/kingarms.ee\/lv\/wp-json\/wp\/v2\/media\/119363"}],"wp:attachment":[{"href":"https:\/\/kingarms.ee\/lv\/wp-json\/wp\/v2\/media?parent=148421"}],"wp:term":[{"taxonomy":"product_brand","embeddable":true,"href":"https:\/\/kingarms.ee\/lv\/wp-json\/wp\/v2\/product_brand?post=148421"},{"taxonomy":"product_cat","embeddable":true,"href":"https:\/\/kingarms.ee\/lv\/wp-json\/wp\/v2\/product_cat?post=148421"},{"taxonomy":"product_tag","embeddable":true,"href":"https:\/\/kingarms.ee\/lv\/wp-json\/wp\/v2\/product_tag?post=148421"}],"curies":[{"name":"wp","href":"https:\/\/api.w.org\/{rel}","templated":true}]}}