{"id":148432,"date":"2022-05-15T23:46:17","date_gmt":"2025-05-03T12:47:57","guid":{"rendered":"https:\/\/kingarms.ee\/product\/zemas-ietilpibas-30-bb-magazins-arp9-gg-replikam\/"},"modified":"2025-05-03T15:47:57","modified_gmt":"2025-05-03T12:47:57","slug":"zemas-ietilpibas-30-bb-magazins-arp9-gg-replikam","status":"publish","type":"product","link":"https:\/\/kingarms.ee\/lv\/product\/zemas-ietilpibas-30-bb-magazins-arp9-gg-replikam\/","title":{"rendered":"Zemas ietilp\u012bbas 30 BB magaz\u012bns ARP9 G&amp;G replik\u0101m"},"content":{"rendered":"","protected":false},"excerpt":{"rendered":"<p>Zemas ietilp\u012bbas 30 BB magaz\u012bns ARP9 G&amp;G replik\u0101m<\/p>\n<p>30 BB magaz\u012bns ar zemu v\u0101ci\u0146u ARP9 G&amp;G replik\u0101m<br \/>\nNo iztur\u012bga polim\u0113ra izgatavots Low-Cap magaz\u012bns ar ietilp\u012bbu l\u012bdz 30 patron\u0101m. \u017durn\u0101ls ir paredz\u0113ts G&amp;G ARP9 replik\u0101m.<br \/>\nParedz\u0113ts ARP 9<\/p>\n","protected":false},"featured_media":119379,"template":"","meta":{"_acf_changed":false},"product_brand":[],"product_cat":[1061,1060],"product_tag":[],"class_list":{"0":"post-148432","1":"product","2":"type-product","3":"status-publish","4":"has-post-thumbnail","6":"product_cat-airsoft-lv","7":"product_cat-krapnieki-un-kabatas","9":"first","10":"instock","11":"purchasable","12":"product-type-simple"},"acf":[],"_links":{"self":[{"href":"https:\/\/kingarms.ee\/lv\/wp-json\/wp\/v2\/product\/148432","targetHints":{"allow":["GET"]}}],"collection":[{"href":"https:\/\/kingarms.ee\/lv\/wp-json\/wp\/v2\/product"}],"about":[{"href":"https:\/\/kingarms.ee\/lv\/wp-json\/wp\/v2\/types\/product"}],"wp:featuredmedia":[{"embeddable":true,"href":"https:\/\/kingarms.ee\/lv\/wp-json\/wp\/v2\/media\/119379"}],"wp:attachment":[{"href":"https:\/\/kingarms.ee\/lv\/wp-json\/wp\/v2\/media?parent=148432"}],"wp:term":[{"taxonomy":"product_brand","embeddable":true,"href":"https:\/\/kingarms.ee\/lv\/wp-json\/wp\/v2\/product_brand?post=148432"},{"taxonomy":"product_cat","embeddable":true,"href":"https:\/\/kingarms.ee\/lv\/wp-json\/wp\/v2\/product_cat?post=148432"},{"taxonomy":"product_tag","embeddable":true,"href":"https:\/\/kingarms.ee\/lv\/wp-json\/wp\/v2\/product_tag?post=148432"}],"curies":[{"name":"wp","href":"https:\/\/api.w.org\/{rel}","templated":true}]}}