{"id":148437,"date":"2022-05-15T23:46:17","date_gmt":"2025-05-03T12:53:26","guid":{"rendered":"https:\/\/kingarms.ee\/product\/120-rindu-m4-m16-tipa-replikam-m16-tipa-dubultie-magazini-tan-black\/"},"modified":"2025-05-03T15:53:26","modified_gmt":"2025-05-03T12:53:26","slug":"120-rindu-m4-m16-tipa-replikam-m16-tipa-dubultie-magazini-tan-black","status":"publish","type":"product","link":"https:\/\/kingarms.ee\/lv\/product\/120-rindu-m4-m16-tipa-replikam-m16-tipa-dubultie-magazini-tan-black\/","title":{"rendered":"120 rindu M4 M16 tipa replik\u0101m M16 tipa dubultie magaz\u012bni tan black"},"content":{"rendered":"","protected":false},"excerpt":{"rendered":"<p>120 rindu M4 M16 tipa replik\u0101m M16 tipa dubultie magaz\u012bni tan black<\/p>\n<p>\u017durn\u0101la ietilp\u012bba 120 patronas (vid\u0113ja izm\u0113ra)<br \/>\nSvars 190 g<br \/>\nPolim\u0113rs + met\u0101ls<\/p>\n","protected":false},"featured_media":119391,"template":"","meta":{"_acf_changed":false},"product_brand":[],"product_cat":[1061,1060],"product_tag":[],"class_list":{"0":"post-148437","1":"product","2":"type-product","3":"status-publish","4":"has-post-thumbnail","6":"product_cat-airsoft-lv","7":"product_cat-krapnieki-un-kabatas","9":"first","10":"instock","11":"purchasable","12":"product-type-simple"},"acf":[],"_links":{"self":[{"href":"https:\/\/kingarms.ee\/lv\/wp-json\/wp\/v2\/product\/148437","targetHints":{"allow":["GET"]}}],"collection":[{"href":"https:\/\/kingarms.ee\/lv\/wp-json\/wp\/v2\/product"}],"about":[{"href":"https:\/\/kingarms.ee\/lv\/wp-json\/wp\/v2\/types\/product"}],"wp:featuredmedia":[{"embeddable":true,"href":"https:\/\/kingarms.ee\/lv\/wp-json\/wp\/v2\/media\/119391"}],"wp:attachment":[{"href":"https:\/\/kingarms.ee\/lv\/wp-json\/wp\/v2\/media?parent=148437"}],"wp:term":[{"taxonomy":"product_brand","embeddable":true,"href":"https:\/\/kingarms.ee\/lv\/wp-json\/wp\/v2\/product_brand?post=148437"},{"taxonomy":"product_cat","embeddable":true,"href":"https:\/\/kingarms.ee\/lv\/wp-json\/wp\/v2\/product_cat?post=148437"},{"taxonomy":"product_tag","embeddable":true,"href":"https:\/\/kingarms.ee\/lv\/wp-json\/wp\/v2\/product_tag?post=148437"}],"curies":[{"name":"wp","href":"https:\/\/api.w.org\/{rel}","templated":true}]}}