{"id":148441,"date":"2022-05-15T23:46:17","date_gmt":"2025-05-03T12:56:45","guid":{"rendered":"https:\/\/kingarms.ee\/product\/5-bmag-140-bb-magazinu-komplekts-m4-m16-replikam\/"},"modified":"2025-05-03T15:56:45","modified_gmt":"2025-05-03T12:56:45","slug":"5-bmag-140-bb-magazinu-komplekts-m4-m16-replikam","status":"publish","type":"product","link":"https:\/\/kingarms.ee\/lv\/product\/5-bmag-140-bb-magazinu-komplekts-m4-m16-replikam\/","title":{"rendered":"5 BMAG 140 BB magaz\u012bnu komplekts M4 M16 replik\u0101m"},"content":{"rendered":"","protected":false},"excerpt":{"rendered":"<p>5 BMAG 140 BB magaz\u012bnu komplekts M4 M16 replik\u0101m<\/p>\n<p>\u017durn\u0101la ietilp\u012bba [gab.] 140<br \/>\n\u017durn\u0101la tips Vid\u0113jas ietilp\u012bbas \u017eurn\u0101ls<br \/>\nParedz\u0113tais pielietojums M4\/M16 tipa replikas<br \/>\nDizaina plastmasa<br \/>\nKr\u0101sa Tan<\/p>\n","protected":false},"featured_media":119393,"template":"","meta":{"_acf_changed":false},"product_brand":[],"product_cat":[1061,1060],"product_tag":[],"class_list":{"0":"post-148441","1":"product","2":"type-product","3":"status-publish","4":"has-post-thumbnail","6":"product_cat-airsoft-lv","7":"product_cat-krapnieki-un-kabatas","9":"first","10":"instock","11":"purchasable","12":"product-type-simple"},"acf":[],"_links":{"self":[{"href":"https:\/\/kingarms.ee\/lv\/wp-json\/wp\/v2\/product\/148441","targetHints":{"allow":["GET"]}}],"collection":[{"href":"https:\/\/kingarms.ee\/lv\/wp-json\/wp\/v2\/product"}],"about":[{"href":"https:\/\/kingarms.ee\/lv\/wp-json\/wp\/v2\/types\/product"}],"wp:featuredmedia":[{"embeddable":true,"href":"https:\/\/kingarms.ee\/lv\/wp-json\/wp\/v2\/media\/119393"}],"wp:attachment":[{"href":"https:\/\/kingarms.ee\/lv\/wp-json\/wp\/v2\/media?parent=148441"}],"wp:term":[{"taxonomy":"product_brand","embeddable":true,"href":"https:\/\/kingarms.ee\/lv\/wp-json\/wp\/v2\/product_brand?post=148441"},{"taxonomy":"product_cat","embeddable":true,"href":"https:\/\/kingarms.ee\/lv\/wp-json\/wp\/v2\/product_cat?post=148441"},{"taxonomy":"product_tag","embeddable":true,"href":"https:\/\/kingarms.ee\/lv\/wp-json\/wp\/v2\/product_tag?post=148441"}],"curies":[{"name":"wp","href":"https:\/\/api.w.org\/{rel}","templated":true}]}}