{"id":148447,"date":"2022-05-14T17:45:45","date_gmt":"2025-05-03T13:03:21","guid":{"rendered":"https:\/\/kingarms.ee\/product\/vltr-markiera-troksna-slapetajs-fma\/"},"modified":"2025-05-03T16:03:21","modified_gmt":"2025-05-03T13:03:21","slug":"vltr-markiera-troksna-slapetajs-fma","status":"publish","type":"product","link":"https:\/\/kingarms.ee\/lv\/product\/vltr-markiera-troksna-slapetajs-fma\/","title":{"rendered":"VLTR mar\u0137iera trok\u0161\u0146a sl\u0101p\u0113t\u0101js FMA"},"content":{"rendered":"","protected":false},"excerpt":{"rendered":"<p>VLTR mar\u0137iera trok\u0161\u0146a sl\u0101p\u0113t\u0101js FMA<\/p>\n<p>Tracer tipa trok\u0161\u0146a sl\u0101p\u0113t\u0101js, kas izgatavots no iztur\u012bga alum\u012bnija un paredz\u0113ts replik\u0101m ar 14 mm CCW v\u012btni. Klusin\u0101t\u0101js izgaismo \u012bpa\u0161as tras\u0113jo\u0161\u0101s lod\u012btes, kas sp\u012bd tums\u0101. Tas ir lielisks risin\u0101jums CQB sp\u0113l\u0113t\u0101jiem tum\u0161os, saspringtos st\u016bros un visiem, kam pat\u012bk sp\u0113l\u0113t nakt\u012b. Lai klusin\u0101t\u0101js darbotos pareizi, tam ir nepiecie\u0161amas 6 mm Tracer lodes.<br \/>\nKlusin\u0101t\u0101ju darbina 3 AAA baterijas. Klusin\u0101t\u0101ja iesl\u0113g\u0161anas sl\u0113dzis atrodas pie v\u012btnes.<\/p>\n","protected":false},"featured_media":118928,"template":"","meta":{"_acf_changed":false},"product_brand":[],"product_cat":[1113],"product_tag":[],"class_list":{"0":"post-148447","1":"product","2":"type-product","3":"status-publish","4":"has-post-thumbnail","6":"product_cat-troksna-slapetaji","8":"first","9":"instock","10":"sale","11":"purchasable","12":"product-type-simple"},"acf":[],"_links":{"self":[{"href":"https:\/\/kingarms.ee\/lv\/wp-json\/wp\/v2\/product\/148447","targetHints":{"allow":["GET"]}}],"collection":[{"href":"https:\/\/kingarms.ee\/lv\/wp-json\/wp\/v2\/product"}],"about":[{"href":"https:\/\/kingarms.ee\/lv\/wp-json\/wp\/v2\/types\/product"}],"wp:featuredmedia":[{"embeddable":true,"href":"https:\/\/kingarms.ee\/lv\/wp-json\/wp\/v2\/media\/118928"}],"wp:attachment":[{"href":"https:\/\/kingarms.ee\/lv\/wp-json\/wp\/v2\/media?parent=148447"}],"wp:term":[{"taxonomy":"product_brand","embeddable":true,"href":"https:\/\/kingarms.ee\/lv\/wp-json\/wp\/v2\/product_brand?post=148447"},{"taxonomy":"product_cat","embeddable":true,"href":"https:\/\/kingarms.ee\/lv\/wp-json\/wp\/v2\/product_cat?post=148447"},{"taxonomy":"product_tag","embeddable":true,"href":"https:\/\/kingarms.ee\/lv\/wp-json\/wp\/v2\/product_tag?post=148447"}],"curies":[{"name":"wp","href":"https:\/\/api.w.org\/{rel}","templated":true}]}}