{"id":148464,"date":"2022-06-27T11:38:19","date_gmt":"2025-05-04T08:46:59","guid":{"rendered":"https:\/\/kingarms.ee\/product\/mre-ration-golf-3-edieni-724g\/"},"modified":"2025-05-04T11:46:59","modified_gmt":"2025-05-04T08:46:59","slug":"mre-ration-golf-3-edieni-724g","status":"publish","type":"product","link":"https:\/\/kingarms.ee\/lv\/product\/mre-ration-golf-3-edieni-724g\/","title":{"rendered":"MRE Ration GOLF 3 \u0113dieni 724g"},"content":{"rendered":"","protected":false},"excerpt":{"rendered":"<p>MRE Ration GOLF 3 \u0113dieni 724g<\/p>\n<p>Tactical Foodpack devas Golf, Hotel un India ir izstr\u0101d\u0101tas t\u0101, lai pal\u012bdz\u0113tu jums pa\u0161iem pl\u0101not savu laiku un \u0113dienreizes. Augstas uzturv\u0113rt\u012bbas iepakojumos ir tr\u012bs Tactical Foodpack malt\u012btes, da\u017e\u0101das uzkodas un liofiliz\u0113ts sald\u0113jums desertam. Atsvaidzino\u0161am dz\u0113rienam varat pagatavot kafiju vai kakao. Komplekt\u0101 ietilpst karot\u012bte, Tactical dz\u0113riena papildin\u0101t\u0101js un Tactical du\u0161as un dezinfic\u0113jo\u0161\u0101s roku salvetes person\u012bgajai higi\u0113nai. Racion\u0101lais iepakojums ir atk\u0101rtoti lietojams.    <\/p>\n<p><strong>Ne\u013caujiet sev zaud\u0113t ener\u0123iju &#8211; uzturiet augstu ener\u0123ijas l\u012bmeni!<\/strong><\/p>\n<p>Komplekt\u0101 ietilpst:<\/p>\n<ul>\n<li>Auzu p\u0101rslu putra ar \u0101boliem &#8211; t\u012brsvars 90 g, ener\u0123\u0113tisk\u0101 v\u0113rt\u012bba porcij\u0101 390 kcal<\/li>\n<li>Kartupe\u013cu biezeni ar spe\u0137i &#8211; t\u012brsvars 110 g, ener\u0123\u0113tisk\u0101 v\u0113rt\u012bba porcij\u0101 601 kcal<\/li>\n<li>Tartars no t\u012btara &#8211; t\u012brsvars 110 g, ener\u0123\u0113tisk\u0101 v\u0113rt\u012bba porcij\u0101 531 kcal<\/li>\n<li>Maize &#8211; neto svars 100 g, ener\u0123\u0113tisk\u0101 v\u0113rt\u012bba porcij\u0101 262 kcal<\/li>\n<li>Core Shake Berry Blast &#8211; neto svars 60 g, ener\u0123\u0113tisk\u0101 v\u0113rt\u012bba porcij\u0101 287 kcal<\/li>\n<li>Liellopa ga\u013cas d\u017eekeri Original &#8211; t\u012brsvars 40 g, ener\u0123\u0113tisk\u0101 v\u0113rt\u012bba porcij\u0101 109,6 kcal<\/li>\n<li>Ener\u0123ijas batoni\u0146\u0161 Chocochino &#8211; neto 120 g, ener\u0123\u0113tisk\u0101 v\u0113rt\u012bba porcij\u0101 570 kcal<\/li>\n<li>Sald\u0113ts sald\u0113jums ar piparm\u0113tr\u0101m &#8211; t\u012brsvars 38 g, ener\u0123\u0113tisk\u0101 v\u0113rt\u012bba porcij\u0101 165 kcal.<\/li>\n<li>2x kafija &#8211; neto svars 4,8 g<\/li>\n<li>2x Cukurs &#8211; t\u012brsvars 12 g, ener\u0123\u0113tisk\u0101 v\u0113rt\u012bba porcij\u0101 47,5 kcal.<\/li>\n<li>Karote<\/li>\n<li>Jogi top<\/li>\n<li>Taktisk\u0101 du\u0161a<\/li>\n<li>3x Dezinfic\u0113jo\u0161as roku t\u012br\u012b\u0161anas salvetes<\/li>\n<\/ul>\n<p>3 \u0113dienreizes devas Golfa ener\u0123ija: 3053 kcal<\/p>\n<p>Neto svars: 724 g<\/p>\n<p><strong>Lab\u0101kais pirms<\/strong>:<br clear=\"none\">8 gadi pamata p\u0101rtikas produktiem<br clear=\"none\">3 gadi uzkod\u0101m<\/p>\n","protected":false},"featured_media":122694,"template":"","meta":{"_acf_changed":false},"product_brand":[],"product_cat":[1128],"product_tag":[],"class_list":{"0":"post-148464","1":"product","2":"type-product","3":"status-publish","4":"has-post-thumbnail","6":"product_cat-taktiska-partikas","8":"first","9":"instock","10":"taxable","11":"shipping-taxable","12":"purchasable","13":"product-type-simple"},"acf":[],"_links":{"self":[{"href":"https:\/\/kingarms.ee\/lv\/wp-json\/wp\/v2\/product\/148464","targetHints":{"allow":["GET"]}}],"collection":[{"href":"https:\/\/kingarms.ee\/lv\/wp-json\/wp\/v2\/product"}],"about":[{"href":"https:\/\/kingarms.ee\/lv\/wp-json\/wp\/v2\/types\/product"}],"wp:featuredmedia":[{"embeddable":true,"href":"https:\/\/kingarms.ee\/lv\/wp-json\/wp\/v2\/media\/122694"}],"wp:attachment":[{"href":"https:\/\/kingarms.ee\/lv\/wp-json\/wp\/v2\/media?parent=148464"}],"wp:term":[{"taxonomy":"product_brand","embeddable":true,"href":"https:\/\/kingarms.ee\/lv\/wp-json\/wp\/v2\/product_brand?post=148464"},{"taxonomy":"product_cat","embeddable":true,"href":"https:\/\/kingarms.ee\/lv\/wp-json\/wp\/v2\/product_cat?post=148464"},{"taxonomy":"product_tag","embeddable":true,"href":"https:\/\/kingarms.ee\/lv\/wp-json\/wp\/v2\/product_tag?post=148464"}],"curies":[{"name":"wp","href":"https:\/\/api.w.org\/{rel}","templated":true}]}}