{"id":148468,"date":"2022-06-27T11:32:33","date_gmt":"2025-05-04T08:52:10","guid":{"rendered":"https:\/\/kingarms.ee\/product\/mre-ration-foxtrot-1-ediens-331g\/"},"modified":"2025-05-04T11:52:10","modified_gmt":"2025-05-04T08:52:10","slug":"mre-ration-foxtrot-1-ediens-331g","status":"publish","type":"product","link":"https:\/\/kingarms.ee\/lv\/product\/mre-ration-foxtrot-1-ediens-331g\/","title":{"rendered":"MRE RATION FOXTROT 1 \u0113diens 331g"},"content":{"rendered":"<p>MRE RATION FOXTROT 1 \u0113diens 331g<\/p>\n","protected":false},"excerpt":{"rendered":"<p>Taktisk\u0101s p\u0101rtikas paku devas Delta, Echo un Foxtrot ir paredz\u0113tas \u012bs\u0101kiem izaicin\u0101jumiem. \u0160\u012bs devas ietver vienu Tactical Foodpack malt\u012bti, da\u017e\u0101das uzkodas un ener\u0123ijas dz\u0113rienu. Piederumos ietilpst karote, Tactical dzeram\u0101 uzga\u013ca un dezinfic\u0113jo\u0161a roku salvet\u012bte. Racion\u0101lais iepakojums ir atk\u0101rtoti nosl\u0113dzams.   <\/p>\n<p><strong>Esiet savu pien\u0101kumu cien\u012bgi!<\/strong><\/p>\n<p>Komplekt\u0101 ietilpst:<\/p>\n<ul>\n<li>Liellopu ga\u013cas un kartupe\u013cu saut\u0113jums &#8211; t\u012brsvars 100 g, ener\u0123\u0113tisk\u0101 v\u0113rt\u012bba porcij\u0101 515 kcal<\/li>\n<li>Maize &#8211; neto svars 100 g, ener\u0123\u0113tisk\u0101 v\u0113rt\u012bba porcij\u0101 262 kcal<\/li>\n<li>Core Shake Tropical Mix &#8211; neto svars 60 g, ener\u0123\u0113tisk\u0101 v\u0113rt\u012bba porcij\u0101 306 kcal<\/li>\n<li>T\u012btara \u017eerberi ar medu un sinep\u0113m &#8211; t\u012brsvars 40 g, ener\u0123\u0113tisk\u0101 v\u0113rt\u012bba porcij\u0101 112 kcal.<\/li>\n<li>Ener\u0123ijas dz\u0113riens ar greipfr\u016bta gar\u0161u &#8211; t\u012brsvars 30 g, ener\u0123\u0113tisk\u0101 v\u0113rt\u012bba porcij\u0101 114 kcal<\/li>\n<li>Karote<\/li>\n<li>Dezinfic\u0113jo\u0161as roku t\u012br\u012b\u0161anas salvetes<\/li>\n<li>\n<\/li>\n<\/ul>\n<p>1 \u0113dienreizes deva Foxtrot ener\u0123\u0113tisk\u0101 v\u0113rt\u012bba: 1309 kcal<\/p>\n<p>Neto svars: 331 g<\/p>\n<p><strong>Lab\u0101kais pirms<\/strong>:<br clear=\"none\">8 gadi pamata p\u0101rtikas produktiem<br clear=\"none\">2 gadi uzkod\u0101m<\/p>\n","protected":false},"featured_media":122689,"template":"","meta":{"_acf_changed":false},"product_brand":[],"product_cat":[1128],"product_tag":[],"class_list":{"0":"post-148468","1":"product","2":"type-product","3":"status-publish","4":"has-post-thumbnail","6":"product_cat-taktiska-partikas","8":"first","9":"instock","10":"taxable","11":"shipping-taxable","12":"purchasable","13":"product-type-simple"},"acf":[],"_links":{"self":[{"href":"https:\/\/kingarms.ee\/lv\/wp-json\/wp\/v2\/product\/148468","targetHints":{"allow":["GET"]}}],"collection":[{"href":"https:\/\/kingarms.ee\/lv\/wp-json\/wp\/v2\/product"}],"about":[{"href":"https:\/\/kingarms.ee\/lv\/wp-json\/wp\/v2\/types\/product"}],"wp:featuredmedia":[{"embeddable":true,"href":"https:\/\/kingarms.ee\/lv\/wp-json\/wp\/v2\/media\/122689"}],"wp:attachment":[{"href":"https:\/\/kingarms.ee\/lv\/wp-json\/wp\/v2\/media?parent=148468"}],"wp:term":[{"taxonomy":"product_brand","embeddable":true,"href":"https:\/\/kingarms.ee\/lv\/wp-json\/wp\/v2\/product_brand?post=148468"},{"taxonomy":"product_cat","embeddable":true,"href":"https:\/\/kingarms.ee\/lv\/wp-json\/wp\/v2\/product_cat?post=148468"},{"taxonomy":"product_tag","embeddable":true,"href":"https:\/\/kingarms.ee\/lv\/wp-json\/wp\/v2\/product_tag?post=148468"}],"curies":[{"name":"wp","href":"https:\/\/api.w.org\/{rel}","templated":true}]}}