{"id":148480,"date":"2022-06-13T14:11:51","date_gmt":"2025-05-04T09:06:59","guid":{"rendered":"https:\/\/kingarms.ee\/product\/ciras-maritime-vest-woodland-gfc\/"},"modified":"2025-05-04T12:06:59","modified_gmt":"2025-05-04T09:06:59","slug":"ciras-maritime-vest-woodland-gfc","status":"publish","type":"product","link":"https:\/\/kingarms.ee\/lv\/product\/ciras-maritime-vest-woodland-gfc\/","title":{"rendered":"Ciras Maritime Vest Woodland GFC"},"content":{"rendered":"","protected":false},"excerpt":{"rendered":"<p>Ciras Maritime Vest Woodland GFC<\/p>\n<p>CIRAS (Combat Integrated Releasable Armor System) vestes kopija j\u016bras versij\u0101. Veste ir piln\u012bb\u0101 modul\u0101ra, un to var konfigur\u0113t atbilsto\u0161i lietot\u0101ja vajadz\u012bb\u0101m, piem\u0113ram, ar maisi\u0146iem, papildu kabat\u0101m vai papl\u0101t\u0113m.<\/p>\n<p>Kop\u0101 ar vesti m\u0113s sa\u0146emam:<\/p>\n<p>&#8211; 1 tr\u012bsk\u0101r\u0161s magaz\u012bnu maci\u0146\u0161 M4\/M16 (6 magaz\u012bni)<br \/>\n&#8211; 1 dubult\u0101 magaz\u012bna maksts M4\/M16 (ietilp\u012bba 4 magaz\u012bni)<br \/>\n&#8211; 1 radio kabata<br \/>\n&#8211; 1 medic\u012bnas maci\u0146\u0161<br \/>\n&#8211; administr\u0101cijas panelis<br \/>\n&#8211; 2 pistoles magaz\u012bnu maisi<\/p>\n<p>Vestes konstrukcija \u013cauj iek\u0161pus\u0113 ievietot m\u0101ksl\u012bg\u0101s ballistisk\u0101s pl\u0101ksnes. Pateicoties t\u0113rauda tro\u0161u sist\u0113mai, t\u0101 sauktajai Quick Release, ir iesp\u0113ja \u0101tri atbr\u012bvoties no vestes.<\/p>\n<p>Tulkots ar www.DeepL.com\/Translator (bezmaksas versija)<\/p>\n","protected":false},"featured_media":122569,"template":"","meta":{"_acf_changed":false},"product_brand":[],"product_cat":[1093],"product_tag":[],"class_list":{"0":"post-148480","1":"product","2":"type-product","3":"status-publish","4":"has-post-thumbnail","6":"product_cat-vestes-un-zirglietas","8":"first","9":"instock","10":"taxable","11":"shipping-taxable","12":"purchasable","13":"product-type-simple"},"acf":[],"_links":{"self":[{"href":"https:\/\/kingarms.ee\/lv\/wp-json\/wp\/v2\/product\/148480","targetHints":{"allow":["GET"]}}],"collection":[{"href":"https:\/\/kingarms.ee\/lv\/wp-json\/wp\/v2\/product"}],"about":[{"href":"https:\/\/kingarms.ee\/lv\/wp-json\/wp\/v2\/types\/product"}],"wp:featuredmedia":[{"embeddable":true,"href":"https:\/\/kingarms.ee\/lv\/wp-json\/wp\/v2\/media\/122569"}],"wp:attachment":[{"href":"https:\/\/kingarms.ee\/lv\/wp-json\/wp\/v2\/media?parent=148480"}],"wp:term":[{"taxonomy":"product_brand","embeddable":true,"href":"https:\/\/kingarms.ee\/lv\/wp-json\/wp\/v2\/product_brand?post=148480"},{"taxonomy":"product_cat","embeddable":true,"href":"https:\/\/kingarms.ee\/lv\/wp-json\/wp\/v2\/product_cat?post=148480"},{"taxonomy":"product_tag","embeddable":true,"href":"https:\/\/kingarms.ee\/lv\/wp-json\/wp\/v2\/product_tag?post=148480"}],"curies":[{"name":"wp","href":"https:\/\/api.w.org\/{rel}","templated":true}]}}