{"id":148482,"date":"2022-06-13T13:54:57","date_gmt":"2025-05-04T09:09:29","guid":{"rendered":"https:\/\/kingarms.ee\/product\/hs503cu-solar-red-circle-dot-holosun\/"},"modified":"2025-05-04T12:09:29","modified_gmt":"2025-05-04T09:09:29","slug":"hs503cu-solar-red-circle-dot-holosun","status":"publish","type":"product","link":"https:\/\/kingarms.ee\/lv\/product\/hs503cu-solar-red-circle-dot-holosun\/","title":{"rendered":"HS503CU Solar Red Circle dot holosun"},"content":{"rendered":"","protected":false},"excerpt":{"rendered":"<p>HS503CU Solar Red Circle dot holosun<\/p>\n<p>HS503CU ir 20 mm mikrooptisks 20 mm m\u0113rier\u012bce, kas paredz\u0113ta \u0161auten\u0113m un karab\u012bn\u0113m. Funkcijas ietver Solar Failsafe, Shake Awake, 12 spilgtuma iestat\u012bjumus, Holosun Super LED ar l\u012bdz pat 50k stundu akumulatora darb\u012bbas laiku un Multi-Reticle System.<\/p>\n<ul>\n<li>MRS: 2 MOA DOT; 2 MOA DOT &amp; 65 MOA APLIS<\/li>\n<li>L\u012bdz 50 000 stundu akumulatora darb\u012bbas laiks (6 iestat\u012bjums)<\/li>\n<li>L\u012bdz 50 000 stundu akumulatora darb\u012bbas laiks (6. iestat\u012bjums)<\/li>\n<li>Convenient Tray Battery Compartment<\/li>\n<li>Parallax-free &amp; Unlimited Eye Relief<\/li>\n<\/ul>\n","protected":false},"featured_media":122541,"template":"","meta":{"_acf_changed":false},"product_brand":[],"product_cat":[1031],"product_tag":[],"class_list":{"0":"post-148482","1":"product","2":"type-product","3":"status-publish","4":"has-post-thumbnail","6":"product_cat-sarkana-vieta","8":"first","9":"onbackorder","10":"taxable","11":"shipping-taxable","12":"product-type-simple"},"acf":[],"_links":{"self":[{"href":"https:\/\/kingarms.ee\/lv\/wp-json\/wp\/v2\/product\/148482","targetHints":{"allow":["GET"]}}],"collection":[{"href":"https:\/\/kingarms.ee\/lv\/wp-json\/wp\/v2\/product"}],"about":[{"href":"https:\/\/kingarms.ee\/lv\/wp-json\/wp\/v2\/types\/product"}],"wp:featuredmedia":[{"embeddable":true,"href":"https:\/\/kingarms.ee\/lv\/wp-json\/wp\/v2\/media\/122541"}],"wp:attachment":[{"href":"https:\/\/kingarms.ee\/lv\/wp-json\/wp\/v2\/media?parent=148482"}],"wp:term":[{"taxonomy":"product_brand","embeddable":true,"href":"https:\/\/kingarms.ee\/lv\/wp-json\/wp\/v2\/product_brand?post=148482"},{"taxonomy":"product_cat","embeddable":true,"href":"https:\/\/kingarms.ee\/lv\/wp-json\/wp\/v2\/product_cat?post=148482"},{"taxonomy":"product_tag","embeddable":true,"href":"https:\/\/kingarms.ee\/lv\/wp-json\/wp\/v2\/product_tag?post=148482"}],"curies":[{"name":"wp","href":"https:\/\/api.w.org\/{rel}","templated":true}]}}