{"id":148484,"date":"2022-06-13T13:51:35","date_gmt":"2025-05-04T09:11:45","guid":{"rendered":"https:\/\/kingarms.ee\/product\/he512t-rd-elite-solar-red-circle-dot-holosun\/"},"modified":"2025-05-04T12:11:45","modified_gmt":"2025-05-04T09:11:45","slug":"he512t-rd-elite-solar-red-circle-dot-holosun","status":"publish","type":"product","link":"https:\/\/kingarms.ee\/lv\/product\/he512t-rd-elite-solar-red-circle-dot-holosun\/","title":{"rendered":"HE512T-RD Elite Solar Red Circle Dot Holosun"},"content":{"rendered":"","protected":false},"excerpt":{"rendered":"<p>HE512T-RD Elite Solar Red Circle Dot Holosun<\/p>\n<p>HE512T-RD ir sl\u0113gts atstarojo\u0161ais optiskais t\u0101lskatis, kas paredz\u0113ts \u0161auten\u0113m un karab\u012bn\u0113m. Funkcijas ietver tit\u0101na korpusu, Holosun Super LED ar l\u012bdz pat 50 000 stundu akumulatora darb\u012bbas laiku, vair\u0101ku da\u013ci\u0146u sist\u0113mu, saules av\u0101rijas aizsardz\u012bbu un satricin\u0101\u0161anas modin\u0101t\u0101ju.<\/p>\n<ul>\n<li>MRS: Ap\u013ca punkts; 2 MOA punkts; 65 MOA aplis<\/li>\n<li>L\u012bdz 50 000 stundu akumulatora darb\u012bbas laiks (6 iestat\u012bjums)<\/li>\n<li>L\u012bdz 50 000 stundu akumulatora darb\u012bbas laiks (6. iestat\u012bjums)<\/li>\n<li>Convenient Tray Battery Compartment<\/li>\n<li>Piln\u012bb\u0101 sl\u0113gts dizains un tit\u0101na korpuss<\/li>\n<li>Parallax-free &amp; Unlimited Eye Relief<\/li>\n<\/ul>\n","protected":false},"featured_media":122521,"template":"","meta":{"_acf_changed":false},"product_brand":[],"product_cat":[1031],"product_tag":[],"class_list":{"0":"post-148484","1":"product","2":"type-product","3":"status-publish","4":"has-post-thumbnail","6":"product_cat-sarkana-vieta","8":"first","9":"onbackorder","10":"taxable","11":"shipping-taxable","12":"product-type-simple"},"acf":[],"_links":{"self":[{"href":"https:\/\/kingarms.ee\/lv\/wp-json\/wp\/v2\/product\/148484","targetHints":{"allow":["GET"]}}],"collection":[{"href":"https:\/\/kingarms.ee\/lv\/wp-json\/wp\/v2\/product"}],"about":[{"href":"https:\/\/kingarms.ee\/lv\/wp-json\/wp\/v2\/types\/product"}],"wp:featuredmedia":[{"embeddable":true,"href":"https:\/\/kingarms.ee\/lv\/wp-json\/wp\/v2\/media\/122521"}],"wp:attachment":[{"href":"https:\/\/kingarms.ee\/lv\/wp-json\/wp\/v2\/media?parent=148484"}],"wp:term":[{"taxonomy":"product_brand","embeddable":true,"href":"https:\/\/kingarms.ee\/lv\/wp-json\/wp\/v2\/product_brand?post=148484"},{"taxonomy":"product_cat","embeddable":true,"href":"https:\/\/kingarms.ee\/lv\/wp-json\/wp\/v2\/product_cat?post=148484"},{"taxonomy":"product_tag","embeddable":true,"href":"https:\/\/kingarms.ee\/lv\/wp-json\/wp\/v2\/product_tag?post=148484"}],"curies":[{"name":"wp","href":"https:\/\/api.w.org\/{rel}","templated":true}]}}