{"id":148488,"date":"2022-06-13T13:32:36","date_gmt":"2025-05-04T09:16:39","guid":{"rendered":"https:\/\/kingarms.ee\/product\/hm3xt-elites-palielinataja-holosuns\/"},"modified":"2025-05-04T12:16:39","modified_gmt":"2025-05-04T09:16:39","slug":"hm3xt-elites-palielinataja-holosuns","status":"publish","type":"product","link":"https:\/\/kingarms.ee\/lv\/product\/hm3xt-elites-palielinataja-holosuns\/","title":{"rendered":"HM3XT elites palielin\u0101t\u0101ja holosuns"},"content":{"rendered":"","protected":false},"excerpt":{"rendered":"<p>HM3XT elites palielin\u0101t\u0101ja holosuns<\/p>\n<p>HM3XT ir 3X palielin\u0101t\u0101js ar tit\u0101na korpusu, kas apr\u012bkots ar \u0101tri no\u0146emamu, uz s\u0101niem v\u0113rstu stiprin\u0101jumu ar absol\u016bt\u0101 un apak\u0161\u0113j\u0101 1\/3 l\u012bdznovietojuma mont\u0101\u017eas risin\u0101jumiem. Papildu funkcijas ietver 2,75&#8243; acu reljefu, IP67 sertific\u0113tu \u016bdensiztur\u012bbu, v\u0113ja un augstuma regul\u0113\u0161anu prec\u012bzai nulles iestat\u012b\u0161anai.<\/p>\n<ul>\n<li>Flip-to-the-Side Design<\/li>\n<li>Izcila specifik\u0101cija un skaidr\u012bba<\/li>\n<li>Izcil\u0101 specifik\u0101cija un skaidr\u012bba<\/li>\n<li>Complete Titanium Housing<\/li>\n<li>QD Mount &amp; Spacer included<\/li>\n<li>IP67 Waterproof<\/li>\n<\/ul>\n","protected":false},"featured_media":122481,"template":"","meta":{"_acf_changed":false},"product_brand":[],"product_cat":[1029],"product_tag":[],"class_list":{"0":"post-148488","1":"product","2":"type-product","3":"status-publish","4":"has-post-thumbnail","6":"product_cat-palielinajums","8":"first","9":"onbackorder","10":"taxable","11":"shipping-taxable","12":"product-type-simple"},"acf":[],"_links":{"self":[{"href":"https:\/\/kingarms.ee\/lv\/wp-json\/wp\/v2\/product\/148488","targetHints":{"allow":["GET"]}}],"collection":[{"href":"https:\/\/kingarms.ee\/lv\/wp-json\/wp\/v2\/product"}],"about":[{"href":"https:\/\/kingarms.ee\/lv\/wp-json\/wp\/v2\/types\/product"}],"wp:featuredmedia":[{"embeddable":true,"href":"https:\/\/kingarms.ee\/lv\/wp-json\/wp\/v2\/media\/122481"}],"wp:attachment":[{"href":"https:\/\/kingarms.ee\/lv\/wp-json\/wp\/v2\/media?parent=148488"}],"wp:term":[{"taxonomy":"product_brand","embeddable":true,"href":"https:\/\/kingarms.ee\/lv\/wp-json\/wp\/v2\/product_brand?post=148488"},{"taxonomy":"product_cat","embeddable":true,"href":"https:\/\/kingarms.ee\/lv\/wp-json\/wp\/v2\/product_cat?post=148488"},{"taxonomy":"product_tag","embeddable":true,"href":"https:\/\/kingarms.ee\/lv\/wp-json\/wp\/v2\/product_tag?post=148488"}],"curies":[{"name":"wp","href":"https:\/\/api.w.org\/{rel}","templated":true}]}}