{"id":148496,"date":"2022-06-13T12:52:41","date_gmt":"2025-05-04T09:25:15","guid":{"rendered":"https:\/\/kingarms.ee\/product\/he530c-gr-saules-zala-apla-punkts-holosun\/"},"modified":"2025-05-04T12:25:15","modified_gmt":"2025-05-04T09:25:15","slug":"he530c-gr-saules-zala-apla-punkts-holosun","status":"publish","type":"product","link":"https:\/\/kingarms.ee\/lv\/product\/he530c-gr-saules-zala-apla-punkts-holosun\/","title":{"rendered":"HE530C-GR Saules za\u013c\u0101 ap\u013ca punkts Holosun"},"content":{"rendered":"","protected":false},"excerpt":{"rendered":"<p>HE530C-GR Saules za\u013c\u0101 ap\u013ca punkts Holosun<\/p>\n<p>HE530C-GR ir 30 mm optiskais m\u0113r\u0137is, kas paredz\u0113ts \u0161auten\u0113m un karab\u012bn\u0113m. Funkcij\u0101s ietilpst tit\u0101na korpuss, saules av\u0101rijas aizsardz\u012bba, satricin\u0101\u0161anas modin\u0101t\u0101js, 12 spilgtuma iestat\u012bjumi, Holosun Super LED ar l\u012bdz pat 50k stundu akumulatora darb\u012bbas laiku, daudzstaru sist\u0113ma, absol\u016bts l\u012bdznovietojam\u012bbas QD stiprin\u0101jums, zibspuldze un caursp\u012bd\u012bgi objekt\u012bvu v\u0101ci\u0146i.<\/p>\n<ul>\n<li>MRS: 2 MOA DOT; 2 MOA DOT &amp; 65 MOA APLIS<\/li>\n<li>L\u012bdz 50 000 stundu akumulatora darb\u012bbas laiks (6 iestat\u012bjums)<\/li>\n<li>L\u012bdz 50 000 stundu akumulatora darb\u012bbas laiks (6. iestat\u012bjums)<\/li>\n<li>Tray Battery Compartment &amp; Titanium Housing<\/li>\n<li>Parallax-free &amp; Unlimited Eye Relief<\/li>\n<li>Quick Release Absolute Co-witness Mount<\/li>\n<\/ul>\n","protected":false},"featured_media":122390,"template":"","meta":{"_acf_changed":false},"product_brand":[],"product_cat":[1031],"product_tag":[],"class_list":{"0":"post-148496","1":"product","2":"type-product","3":"status-publish","4":"has-post-thumbnail","6":"product_cat-sarkana-vieta","8":"first","9":"onbackorder","10":"taxable","11":"shipping-taxable","12":"product-type-simple"},"acf":[],"_links":{"self":[{"href":"https:\/\/kingarms.ee\/lv\/wp-json\/wp\/v2\/product\/148496","targetHints":{"allow":["GET"]}}],"collection":[{"href":"https:\/\/kingarms.ee\/lv\/wp-json\/wp\/v2\/product"}],"about":[{"href":"https:\/\/kingarms.ee\/lv\/wp-json\/wp\/v2\/types\/product"}],"wp:featuredmedia":[{"embeddable":true,"href":"https:\/\/kingarms.ee\/lv\/wp-json\/wp\/v2\/media\/122390"}],"wp:attachment":[{"href":"https:\/\/kingarms.ee\/lv\/wp-json\/wp\/v2\/media?parent=148496"}],"wp:term":[{"taxonomy":"product_brand","embeddable":true,"href":"https:\/\/kingarms.ee\/lv\/wp-json\/wp\/v2\/product_brand?post=148496"},{"taxonomy":"product_cat","embeddable":true,"href":"https:\/\/kingarms.ee\/lv\/wp-json\/wp\/v2\/product_cat?post=148496"},{"taxonomy":"product_tag","embeddable":true,"href":"https:\/\/kingarms.ee\/lv\/wp-json\/wp\/v2\/product_tag?post=148496"}],"curies":[{"name":"wp","href":"https:\/\/api.w.org\/{rel}","templated":true}]}}