{"id":148500,"date":"2022-06-13T12:37:18","date_gmt":"2025-05-04T09:29:53","guid":{"rendered":"https:\/\/kingarms.ee\/product\/hs503r-red-circle-dot-sight-holosun\/"},"modified":"2025-05-04T12:29:53","modified_gmt":"2025-05-04T09:29:53","slug":"hs503r-red-circle-dot-sight-holosun","status":"publish","type":"product","link":"https:\/\/kingarms.ee\/lv\/product\/hs503r-red-circle-dot-sight-holosun\/","title":{"rendered":"HS503R Red Circle Dot Sight Holosun"},"content":{"rendered":"","protected":false},"excerpt":{"rendered":"<p>HS503R Red Circle Dot Sight Holosun<\/p>\n<p>HS503R ir 20 mm mikrooptisks 20 mm m\u0113rier\u012bce, kas paredz\u0113ta \u0161auten\u0113m un karab\u012bn\u0113m. Funkcij\u0101s ietilpst m\u016bsu jaunais rot\u0113jo\u0161ais sl\u0113dzis, vair\u0101ku da\u013ci\u0146u sist\u0113ma, 12 spilgtuma iestat\u012bjumi, Holosun Super LED ar l\u012bdz pat 50k stundu akumulatora darb\u012bbas laiku.<\/p>\n<ul>\n<li>MRS: 2 MOA DOT; 2 MOA DOT &amp; 65 MOA APLIS<\/li>\n<li>L\u012bdz 100 000 stundu akumulatora darb\u012bbas laiks (6 iestat\u012bjums)<\/li>\n<li>L\u012bdz 50 000 stundu akumulatora darb\u012bbas laiks (6. iestat\u012bjums)<\/li>\n<li>Rot\u0113jo\u0161ais akumulatora nodal\u012bjums<\/li>\n<li>Parallax-free &amp; Unlimited Eye Relief<\/li>\n<\/ul>\n","protected":false},"featured_media":122339,"template":"","meta":{"_acf_changed":false},"product_brand":[],"product_cat":[1031],"product_tag":[],"class_list":{"0":"post-148500","1":"product","2":"type-product","3":"status-publish","4":"has-post-thumbnail","6":"product_cat-sarkana-vieta","8":"first","9":"onbackorder","10":"taxable","11":"shipping-taxable","12":"product-type-simple"},"acf":[],"_links":{"self":[{"href":"https:\/\/kingarms.ee\/lv\/wp-json\/wp\/v2\/product\/148500","targetHints":{"allow":["GET"]}}],"collection":[{"href":"https:\/\/kingarms.ee\/lv\/wp-json\/wp\/v2\/product"}],"about":[{"href":"https:\/\/kingarms.ee\/lv\/wp-json\/wp\/v2\/types\/product"}],"wp:featuredmedia":[{"embeddable":true,"href":"https:\/\/kingarms.ee\/lv\/wp-json\/wp\/v2\/media\/122339"}],"wp:attachment":[{"href":"https:\/\/kingarms.ee\/lv\/wp-json\/wp\/v2\/media?parent=148500"}],"wp:term":[{"taxonomy":"product_brand","embeddable":true,"href":"https:\/\/kingarms.ee\/lv\/wp-json\/wp\/v2\/product_brand?post=148500"},{"taxonomy":"product_cat","embeddable":true,"href":"https:\/\/kingarms.ee\/lv\/wp-json\/wp\/v2\/product_cat?post=148500"},{"taxonomy":"product_tag","embeddable":true,"href":"https:\/\/kingarms.ee\/lv\/wp-json\/wp\/v2\/product_tag?post=148500"}],"curies":[{"name":"wp","href":"https:\/\/api.w.org\/{rel}","templated":true}]}}